{"id":691446,"date":"2025-08-27T13:58:53","date_gmt":"2025-08-27T10:58:53","guid":{"rendered":"https:\/\/roveyayinevi.com.tr\/index.php\/urun\/osmanli-kadin-hareketi\/"},"modified":"2026-04-16T02:00:51","modified_gmt":"2026-04-15T23:00:51","slug":"osmanli-kadin-hareketi","status":"publish","type":"product","link":"https:\/\/roveyayinevi.com.tr\/index.php\/urun\/osmanli-kadin-hareketi\/","title":{"rendered":"Osmanl\u0131 Kad\u0131n Hareketi"},"content":{"rendered":"<p>Osmanl\u0131 Kad\u0131n Hareketi, Osmanl\u0131 d\u00f6neminde ya\u015fam\u0131\u015f, haklar\u0131 i\u00e7in m\u00fccadele vermi\u015f b\u00fcy\u00fckannelerimizin gizli kalm\u0131\u015f pratiklerine Kad\u0131nlar D\u00fcnyas\u0131 dergisinin sat\u0131rlar\u0131 aras\u0131nda dola\u015farak, kad\u0131n bak\u0131\u015f a\u00e7\u0131s\u0131ndan yeniden hayat kazand\u0131r\u0131yor. Geni\u015fletilmi\u015f \u00fc\u00e7\u00fcnc\u00fc bas\u0131m\u0131n\u0131 yapt\u0131\u011f\u0131m\u0131z kitap ilk kez yay\u0131mlad\u0131\u011f\u0131m\u0131z 1994\u2019ten g\u00fcn\u00fcm\u00fcze, klasik bir kaynak haline geldi. <\/p>\n","protected":false},"excerpt":{"rendered":"<p>Osmanl\u0131 Kad\u0131n Hareketi, Osmanl\u0131 d\u00f6neminde ya\u015fam\u0131\u015f, haklar\u0131 i\u00e7in m\u00fccadele vermi\u015f b\u00fcy\u00fckannelerimizin gizli kalm\u0131\u015f pratiklerine Kad\u0131nlar D\u00fcnyas\u0131 dergisinin sat\u0131rlar\u0131 aras\u0131nda dola\u015farak, kad\u0131n bak\u0131\u015f a\u00e7\u0131s\u0131ndan yeniden hayat kazand\u0131r\u0131yor.<span class=\"excerpt-hellip\"> [\u2026]<\/span><\/p>\n","protected":false},"featured_media":0,"template":"","meta":{"_monsterinsights_skip_tracking":false,"_monsterinsights_sitenote_active":false,"_monsterinsights_sitenote_note":"","_monsterinsights_sitenote_category":0},"product_brand":[],"product_cat":[13517,12304],"product_tag":[],"class_list":{"0":"post-691446","1":"product","2":"type-product","3":"status-publish","5":"product_cat-osmanli-tarihi","6":"product_cat-tarih","7":"pa_cilt-ciltsiz","8":"pa_tur-kitap","9":"pa_yayinevi-metis-yayinlari","10":"pa_yazar-serpil-cakir","12":"first","13":"instock","14":"sale","15":"shipping-taxable","16":"purchasable","17":"product-type-simple"},"_links":{"self":[{"href":"https:\/\/roveyayinevi.com.tr\/index.php\/wp-json\/wp\/v2\/product\/691446","targetHints":{"allow":["GET"]}}],"collection":[{"href":"https:\/\/roveyayinevi.com.tr\/index.php\/wp-json\/wp\/v2\/product"}],"about":[{"href":"https:\/\/roveyayinevi.com.tr\/index.php\/wp-json\/wp\/v2\/types\/product"}],"wp:attachment":[{"href":"https:\/\/roveyayinevi.com.tr\/index.php\/wp-json\/wp\/v2\/media?parent=691446"}],"wp:term":[{"taxonomy":"product_brand","embeddable":true,"href":"https:\/\/roveyayinevi.com.tr\/index.php\/wp-json\/wp\/v2\/product_brand?post=691446"},{"taxonomy":"product_cat","embeddable":true,"href":"https:\/\/roveyayinevi.com.tr\/index.php\/wp-json\/wp\/v2\/product_cat?post=691446"},{"taxonomy":"product_tag","embeddable":true,"href":"https:\/\/roveyayinevi.com.tr\/index.php\/wp-json\/wp\/v2\/product_tag?post=691446"}],"curies":[{"name":"wp","href":"https:\/\/api.w.org\/{rel}","templated":true}]}}