{"id":691439,"date":"2025-08-27T13:58:51","date_gmt":"2025-08-27T10:58:51","guid":{"rendered":"https:\/\/roveyayinevi.com.tr\/index.php\/urun\/tatil-surecinde-cocuk-egitimi\/"},"modified":"2026-04-16T02:00:51","modified_gmt":"2026-04-15T23:00:51","slug":"tatil-surecinde-cocuk-egitimi","status":"publish","type":"product","link":"https:\/\/roveyayinevi.com.tr\/index.php\/urun\/tatil-surecinde-cocuk-egitimi\/","title":{"rendered":"Tatil S\u00fcrecinde \u00c7ocuk E\u011fitimi"},"content":{"rendered":"<p>Tatil, hayat\u0131m\u0131z\u0131n bir ger\u00e7e\u011fi. Ama, nedense ama\u00e7s\u0131zl\u0131k ve aylakl\u0131kla \u00f6zde\u015fle\u015ftirildi\u011fi i\u00e7in, bir s\u00fcre sonra \u2018can s\u0131k\u0131nt\u0131s\u0131\u2019 \u00fcreten; geli\u015ftirmeyi b\u0131rak\u0131n, gerileten ac\u0131 bir ger\u00e7e\u011fi de&#8230; Peki, bu mudur olmas\u0131 gereken? Tatil, e\u011fitime ara verilen, verilmesi de gereken bir zaman dilimi midir? Yoksa tatil, e\u011flenceli, harikulade bir e\u011fitim imkan\u0131 m\u0131 demektir? E\u011fer \u00f6yleyse, \u00f6zellikle de ailenin b\u00fct\u00fcn fertlerinin tam zamanl\u0131 olarak bir araya geldi\u011fi bir tatil d\u00f6nemi, sevgi ve ne\u015fe dolu bamba\u015fka bir e\u011fitime nas\u0131l imk\u00e2n verebilir? Uzman pedagog Adem G\u00fcne\u015f, Tatil S\u00fcrecinde \u00c7ocuk E\u011fitimi\u2019nde bu sorular\u0131n cevab\u0131n\u0131 veriyor. \u00d6\u011frenmenin \u00f6m\u00fcr boyu, e\u011fitimin de y\u0131l boyu s\u00fcrd\u00fc\u011f\u00fc ger\u00e7e\u011finden hareketle, tatili m\u00fccevher k\u0131ymetinde, keyif ve ke\u015fif dolu bir e\u011fitim s\u00fcrecine d\u00f6n\u00fc\u015ft\u00fcrmenin yolunu anne babalara g\u00f6steriyor.<\/p>\n","protected":false},"excerpt":{"rendered":"<p>Tatil, hayat\u0131m\u0131z\u0131n bir ger\u00e7e\u011fi. Ama, nedense ama\u00e7s\u0131zl\u0131k ve aylakl\u0131kla \u00f6zde\u015fle\u015ftirildi\u011fi i\u00e7in, bir s\u00fcre sonra \u2018can s\u0131k\u0131nt\u0131s\u0131\u2019 \u00fcreten; geli\u015ftirmeyi b\u0131rak\u0131n, gerileten ac\u0131 bir ger\u00e7e\u011fi de&#8230; Peki, bu<span class=\"excerpt-hellip\"> [\u2026]<\/span><\/p>\n","protected":false},"featured_media":0,"template":"","meta":{"_monsterinsights_skip_tracking":false,"_monsterinsights_sitenote_active":false,"_monsterinsights_sitenote_note":"","_monsterinsights_sitenote_category":0},"product_brand":[],"product_cat":[12831,12324],"product_tag":[],"class_list":{"0":"post-691439","1":"product","2":"type-product","3":"status-publish","5":"product_cat-aile-ve-cocuk","6":"product_cat-sosyoloji","7":"pa_cilt-ciltsiz","8":"pa_tur-kitap","9":"pa_yayinevi-nesil-yayinlari","10":"pa_yazar-adem-gunes","12":"first","13":"instock","14":"sale","15":"shipping-taxable","16":"purchasable","17":"product-type-simple"},"_links":{"self":[{"href":"https:\/\/roveyayinevi.com.tr\/index.php\/wp-json\/wp\/v2\/product\/691439","targetHints":{"allow":["GET"]}}],"collection":[{"href":"https:\/\/roveyayinevi.com.tr\/index.php\/wp-json\/wp\/v2\/product"}],"about":[{"href":"https:\/\/roveyayinevi.com.tr\/index.php\/wp-json\/wp\/v2\/types\/product"}],"wp:attachment":[{"href":"https:\/\/roveyayinevi.com.tr\/index.php\/wp-json\/wp\/v2\/media?parent=691439"}],"wp:term":[{"taxonomy":"product_brand","embeddable":true,"href":"https:\/\/roveyayinevi.com.tr\/index.php\/wp-json\/wp\/v2\/product_brand?post=691439"},{"taxonomy":"product_cat","embeddable":true,"href":"https:\/\/roveyayinevi.com.tr\/index.php\/wp-json\/wp\/v2\/product_cat?post=691439"},{"taxonomy":"product_tag","embeddable":true,"href":"https:\/\/roveyayinevi.com.tr\/index.php\/wp-json\/wp\/v2\/product_tag?post=691439"}],"curies":[{"name":"wp","href":"https:\/\/api.w.org\/{rel}","templated":true}]}}