{"id":691438,"date":"2025-08-27T13:58:51","date_gmt":"2025-08-27T10:58:51","guid":{"rendered":"https:\/\/roveyayinevi.com.tr\/index.php\/urun\/tarihimizden-yasanmis-oykuler\/"},"modified":"2026-02-26T02:03:04","modified_gmt":"2026-02-25T23:03:04","slug":"tarihimizden-yasanmis-oykuler","status":"publish","type":"product","link":"https:\/\/roveyayinevi.com.tr\/index.php\/urun\/tarihimizden-yasanmis-oykuler\/","title":{"rendered":"Tarihimizden Ya\u015fanm\u0131\u015f \u00d6yk\u00fcler"},"content":{"rendered":"<p>Tarihimiz \u015fanl\u0131 zaferlerle doludur. Biz tarihimizle \u00f6v\u00fcn\u00fcr\u00fcz. \u00c7\u00fcnk\u00fc tarihimiz ger\u00e7ekten \u00f6v\u00fcn\u00fclecek bir tarihtir. Bu kitapta, tarihin \u015fanl\u0131 sayfalar\u0131ndan se\u00e7ilmi\u015f \u00f6rnekler bulacaks\u0131n\u0131z. Tarihimizden ya\u015fanm\u0131\u015f \u00f6yk\u00fcleri zevkle okuyacak ve ger\u00e7ekten \u015feref dolu bir tarihe sahip oldu\u011fumuzu anlayacaks\u0131n\u0131z. Tarih ibrettir. Tarih \u00f6l\u00e7\u00fcd\u00fcr. Tarih yaln\u0131zca bilgi de\u011fil, gelece\u011fin aynas\u0131d\u0131r. Tarihi iyi bilen, gelece\u011finden emin olur. <\/p>\n","protected":false},"excerpt":{"rendered":"<p>Tarihimiz \u015fanl\u0131 zaferlerle doludur. Biz tarihimizle \u00f6v\u00fcn\u00fcr\u00fcz. \u00c7\u00fcnk\u00fc tarihimiz ger\u00e7ekten \u00f6v\u00fcn\u00fclecek bir tarihtir. Bu kitapta, tarihin \u015fanl\u0131 sayfalar\u0131ndan se\u00e7ilmi\u015f \u00f6rnekler bulacaks\u0131n\u0131z. Tarihimizden ya\u015fanm\u0131\u015f \u00f6yk\u00fcleri zevkle okuyacak<span class=\"excerpt-hellip\"> [\u2026]<\/span><\/p>\n","protected":false},"featured_media":0,"template":"","meta":{"_monsterinsights_skip_tracking":false,"_monsterinsights_sitenote_active":false,"_monsterinsights_sitenote_note":"","_monsterinsights_sitenote_category":0},"product_brand":[],"product_cat":[13517,12304],"product_tag":[],"class_list":{"0":"post-691438","1":"product","2":"type-product","3":"status-publish","5":"product_cat-osmanli-tarihi","6":"product_cat-tarih","7":"pa_cilt-ciltsiz","8":"pa_tur-kitap","9":"pa_yayinevi-nesil-yayinlari","10":"pa_yazar-yavuz-bahadiroglu","12":"first","13":"instock","14":"sale","15":"shipping-taxable","16":"purchasable","17":"product-type-simple"},"_links":{"self":[{"href":"https:\/\/roveyayinevi.com.tr\/index.php\/wp-json\/wp\/v2\/product\/691438","targetHints":{"allow":["GET"]}}],"collection":[{"href":"https:\/\/roveyayinevi.com.tr\/index.php\/wp-json\/wp\/v2\/product"}],"about":[{"href":"https:\/\/roveyayinevi.com.tr\/index.php\/wp-json\/wp\/v2\/types\/product"}],"wp:attachment":[{"href":"https:\/\/roveyayinevi.com.tr\/index.php\/wp-json\/wp\/v2\/media?parent=691438"}],"wp:term":[{"taxonomy":"product_brand","embeddable":true,"href":"https:\/\/roveyayinevi.com.tr\/index.php\/wp-json\/wp\/v2\/product_brand?post=691438"},{"taxonomy":"product_cat","embeddable":true,"href":"https:\/\/roveyayinevi.com.tr\/index.php\/wp-json\/wp\/v2\/product_cat?post=691438"},{"taxonomy":"product_tag","embeddable":true,"href":"https:\/\/roveyayinevi.com.tr\/index.php\/wp-json\/wp\/v2\/product_tag?post=691438"}],"curies":[{"name":"wp","href":"https:\/\/api.w.org\/{rel}","templated":true}]}}