{"id":691437,"date":"2025-08-27T13:58:51","date_gmt":"2025-08-27T10:58:51","guid":{"rendered":"https:\/\/roveyayinevi.com.tr\/index.php\/urun\/kampus\/"},"modified":"2026-04-16T02:00:51","modified_gmt":"2026-04-15T23:00:51","slug":"kampus","status":"publish","type":"product","link":"https:\/\/roveyayinevi.com.tr\/index.php\/urun\/kampus\/","title":{"rendered":"Kampus"},"content":{"rendered":"<p>Y\u0131l 1413, K\u00f6ln. Marzellen Soka\u011f\u0131 sakinleri gece yar\u0131s\u0131 canh\u0131ra\u015f \u00e7\u0131\u011fl\u0131klarla yerlerinden f\u0131rlarlar. Soka\u011fa ko\u015ftuklar\u0131nda g\u00f6rebildikleri tek \u015fey, paltosunun etekleri u\u00e7u\u015farak aceleyle ka\u00e7an bir karalt\u0131d\u0131r. \u00c7uhac\u0131 tam pe\u015finden gidecekken yerde bir kitap, bir \u00e7ift kisve kolu, ayakkab\u0131, g\u00f6mlek, pantolon -ve yedi \u00f6zg\u00fcr sanat (septem artes liberales) hocas\u0131, Aquinolu Tommaso\u2019nun da hararetli savunucusu Frederico Casall\u2019\u0131n cesedini fark eder. Faile ili\u015fkin tek ipucu \u00f6l\u00fcn\u00fcn kitab\u0131ndaki bir par\u015f\u00f6mendir:  Bir b\u00fct\u00fcn olu\u015fturan her \u015feyi ay\u0131r\u0131yorsunuz, fakat neyin bir b\u00fct\u00fcne ait olmad\u0131\u011f\u0131n\u0131 g\u00f6rm\u00fcyorsunuz. Bu bilmeceyi \u00e7\u00f6zerseniz Casall\u2019\u0131 cehenneme biraz yakla\u015ft\u0131rm\u0131\u015f olan \u015feye de bir par\u00e7a yakla\u015fm\u0131\u015f olacaks\u0131n\u0131z.  Bunun arkas\u0131nda kim var? Katil, Casall\u2019\u0131n temsil etti\u011fi felsefi ak\u0131ma kar\u015f\u0131 olan bir fak\u00fclte \u00fcyesi mi? Yoksa Casall\u2019\u0131n k\u00fclt\u00fcrl\u00fc gen\u00e7 kar\u0131s\u0131 Sophie\u2019nin ondan kurtulmak i\u00e7in iyi nedenleri oldu\u011fu yolundaki s\u00f6ylentilerde ger\u00e7ek pay\u0131 var m\u0131? \u00dcniversite idarecisi taraf\u0131ndan tahkikat\u0131 y\u00fcr\u00fctmekle g\u00f6revlendirilen hoca Steiner, Sophie k\u0131sa s\u00fcre sonra ortadan kaybolunca (yaln\u0131zca felsefi olmayan) bir bilmeceyle kar\u015f\u0131 kar\u015f\u0131ya kal\u0131r&#8230; <\/p>\n","protected":false},"excerpt":{"rendered":"<p>Y\u0131l 1413, K\u00f6ln. Marzellen Soka\u011f\u0131 sakinleri gece yar\u0131s\u0131 canh\u0131ra\u015f \u00e7\u0131\u011fl\u0131klarla yerlerinden f\u0131rlarlar. Soka\u011fa ko\u015ftuklar\u0131nda g\u00f6rebildikleri tek \u015fey, paltosunun etekleri u\u00e7u\u015farak aceleyle ka\u00e7an bir karalt\u0131d\u0131r. \u00c7uhac\u0131 tam<span class=\"excerpt-hellip\"> [\u2026]<\/span><\/p>\n","protected":false},"featured_media":0,"template":"","meta":{"_monsterinsights_skip_tracking":false,"_monsterinsights_sitenote_active":false,"_monsterinsights_sitenote_note":"","_monsterinsights_sitenote_category":0},"product_brand":[],"product_cat":[12291,12711],"product_tag":[],"class_list":{"0":"post-691437","1":"product","2":"type-product","3":"status-publish","5":"product_cat-edebiyat","6":"product_cat-roman-oyku","7":"pa_tur-kitap","8":"pa_yayinevi-odtu-gelistirme-vakfi-yayincilik","9":"pa_yazar-claudia-gross","11":"first","12":"instock","13":"sale","14":"shipping-taxable","15":"purchasable","16":"product-type-simple"},"_links":{"self":[{"href":"https:\/\/roveyayinevi.com.tr\/index.php\/wp-json\/wp\/v2\/product\/691437","targetHints":{"allow":["GET"]}}],"collection":[{"href":"https:\/\/roveyayinevi.com.tr\/index.php\/wp-json\/wp\/v2\/product"}],"about":[{"href":"https:\/\/roveyayinevi.com.tr\/index.php\/wp-json\/wp\/v2\/types\/product"}],"wp:attachment":[{"href":"https:\/\/roveyayinevi.com.tr\/index.php\/wp-json\/wp\/v2\/media?parent=691437"}],"wp:term":[{"taxonomy":"product_brand","embeddable":true,"href":"https:\/\/roveyayinevi.com.tr\/index.php\/wp-json\/wp\/v2\/product_brand?post=691437"},{"taxonomy":"product_cat","embeddable":true,"href":"https:\/\/roveyayinevi.com.tr\/index.php\/wp-json\/wp\/v2\/product_cat?post=691437"},{"taxonomy":"product_tag","embeddable":true,"href":"https:\/\/roveyayinevi.com.tr\/index.php\/wp-json\/wp\/v2\/product_tag?post=691437"}],"curies":[{"name":"wp","href":"https:\/\/api.w.org\/{rel}","templated":true}]}}