{"id":691436,"date":"2025-08-27T13:58:51","date_gmt":"2025-08-27T10:58:51","guid":{"rendered":"https:\/\/roveyayinevi.com.tr\/index.php\/urun\/evren-soyle-bana-neden\/"},"modified":"2026-04-16T02:00:51","modified_gmt":"2026-04-15T23:00:51","slug":"evren-soyle-bana-neden","status":"publish","type":"product","link":"https:\/\/roveyayinevi.com.tr\/index.php\/urun\/evren-soyle-bana-neden\/","title":{"rendered":"Evren &#8211; S\u00f6yle Bana Neden?"},"content":{"rendered":"<p>\u00c7ocuklar\u0131n evren hakk\u0131ndaki meraklar\u0131n\u0131 gidermek i\u00e7in vazge\u00e7ilmez bir el kitab\u0131. &#8211; Evreni tan\u0131yor muyuz? &#8211; Ne kadar\u0131n\u0131 biliyoruz? &#8211; Y\u0131ld\u0131zlar neden d\u00fc\u015fmezler? &#8211; Evren b\u00fcy\u00fck m\u00fcd\u00fcr? &#8211; G\u00fcne\u015f ne kadar ya\u015fl\u0131d\u0131r? &#8211; G\u00f6ky\u00fcz\u00fc neden mavidir? &#8211; Ay neden \u015fekil de\u011fi\u015ftirir? &#8211; Y\u0131ld\u0131z kaymas\u0131 nedir? &#8211; Ay\u2019a ayak bast\u0131k m\u0131? &#8211; Y\u0131ld\u0131zlar\u0131 nas\u0131l g\u00f6zlemleriz? &#8211; B\u00fcy\u00fck patlama nedir? \ufffcTan\u0131t\u0131m Metni<\/p>\n","protected":false},"excerpt":{"rendered":"<p>\u00c7ocuklar\u0131n evren hakk\u0131ndaki meraklar\u0131n\u0131 gidermek i\u00e7in vazge\u00e7ilmez bir el kitab\u0131. &#8211; Evreni tan\u0131yor muyuz? &#8211; Ne kadar\u0131n\u0131 biliyoruz? &#8211; Y\u0131ld\u0131zlar neden d\u00fc\u015fmezler? &#8211; Evren b\u00fcy\u00fck m\u00fcd\u00fcr?<span class=\"excerpt-hellip\"> [\u2026]<\/span><\/p>\n","protected":false},"featured_media":0,"template":"","meta":{"_monsterinsights_skip_tracking":false,"_monsterinsights_sitenote_active":false,"_monsterinsights_sitenote_note":"","_monsterinsights_sitenote_category":0},"product_brand":[],"product_cat":[13829,12274],"product_tag":[],"class_list":{"0":"post-691436","1":"product","2":"type-product","3":"status-publish","5":"product_cat-bilimsel-kitaplar","6":"product_cat-cocuk-ve-genclik-kitaplari","7":"pa_tur-kitap","8":"pa_yayinevi-odtu-gelistirme-vakfi-yayincilik","9":"pa_yazar-mireille-fronty","11":"first","12":"instock","13":"sale","14":"shipping-taxable","15":"purchasable","16":"product-type-simple"},"_links":{"self":[{"href":"https:\/\/roveyayinevi.com.tr\/index.php\/wp-json\/wp\/v2\/product\/691436","targetHints":{"allow":["GET"]}}],"collection":[{"href":"https:\/\/roveyayinevi.com.tr\/index.php\/wp-json\/wp\/v2\/product"}],"about":[{"href":"https:\/\/roveyayinevi.com.tr\/index.php\/wp-json\/wp\/v2\/types\/product"}],"wp:attachment":[{"href":"https:\/\/roveyayinevi.com.tr\/index.php\/wp-json\/wp\/v2\/media?parent=691436"}],"wp:term":[{"taxonomy":"product_brand","embeddable":true,"href":"https:\/\/roveyayinevi.com.tr\/index.php\/wp-json\/wp\/v2\/product_brand?post=691436"},{"taxonomy":"product_cat","embeddable":true,"href":"https:\/\/roveyayinevi.com.tr\/index.php\/wp-json\/wp\/v2\/product_cat?post=691436"},{"taxonomy":"product_tag","embeddable":true,"href":"https:\/\/roveyayinevi.com.tr\/index.php\/wp-json\/wp\/v2\/product_tag?post=691436"}],"curies":[{"name":"wp","href":"https:\/\/api.w.org\/{rel}","templated":true}]}}