{"id":691432,"date":"2025-08-27T13:58:17","date_gmt":"2025-08-27T10:58:17","guid":{"rendered":"https:\/\/roveyayinevi.com.tr\/index.php\/urun\/magdurun-dili\/"},"modified":"2026-04-16T02:00:51","modified_gmt":"2026-04-15T23:00:51","slug":"magdurun-dili","status":"publish","type":"product","link":"https:\/\/roveyayinevi.com.tr\/index.php\/urun\/magdurun-dili\/","title":{"rendered":"Ma\u011fdurun Dili"},"content":{"rendered":"<p>Ma\u011fdurun Dili&#8217;nde, edebiyat\u0131n d\u0131\u015flanm\u0131\u015fl\u0131kla kesi\u015fti\u011fi alanda dola\u015f\u0131yor Nurdan G\u00fcrbilek. \u00c7o\u011fu zaman kli\u015felerle yakla\u015ft\u0131\u011f\u0131m\u0131z ma\u011fdurlu\u011fa edebiyat\u0131n nas\u0131l \u0131\u015f\u0131k d\u00fc\u015f\u00fcrebilece\u011fini, \u00f6te yandan d\u0131\u015flanm\u0131\u015fl\u0131k duygusunun edebiyat\u0131 nas\u0131l bi\u00e7imlendirdi\u011fini anlamaya \u00e7al\u0131\u015f\u0131yor. Dostoyevski&#8217;nin &#8220;yeralt\u0131 trajedisi&#8221; ad\u0131n\u0131 verdi\u011fi \u00e7at\u0131\u015fman\u0131n, ayn\u0131 anda hem b\u00fcy\u00fck hayaller hem de incinmi\u015flikten yap\u0131lma bir yeralt\u0131na itilmi\u015fli\u011fin, yazar\u0131n okuruyla ili\u015fkisini nas\u0131l etkiledi\u011fini inceliyor. Edebiyat\u0131n gurur yaras\u0131n\u0131, yazar\u0131n kibrini, dahas\u0131 okurun tutunamam\u0131\u015fl\u0131ktan neden \u0131srarla bir zafer \u00e7\u0131kartt\u0131\u011f\u0131n\u0131 tart\u0131\u015f\u0131yor. Dostoyevski&#8217;nin, O\u011fuz Atay&#8217;\u0131n, Yusuf At\u0131lgan&#8217;\u0131n, Cemil Meri\u00e7&#8217;in yap\u0131tlar\u0131n\u0131n \u0131\u015f\u0131\u011f\u0131nda bu sorular\u0131n cevaplar\u0131n\u0131 ar\u0131yor G\u00fcrbilek. <\/p>\n","protected":false},"excerpt":{"rendered":"<p>Ma\u011fdurun Dili&#8217;nde, edebiyat\u0131n d\u0131\u015flanm\u0131\u015fl\u0131kla kesi\u015fti\u011fi alanda dola\u015f\u0131yor Nurdan G\u00fcrbilek. \u00c7o\u011fu zaman kli\u015felerle yakla\u015ft\u0131\u011f\u0131m\u0131z ma\u011fdurlu\u011fa edebiyat\u0131n nas\u0131l \u0131\u015f\u0131k d\u00fc\u015f\u00fcrebilece\u011fini, \u00f6te yandan d\u0131\u015flanm\u0131\u015fl\u0131k duygusunun edebiyat\u0131 nas\u0131l bi\u00e7imlendirdi\u011fini anlamaya<span class=\"excerpt-hellip\"> [\u2026]<\/span><\/p>\n","protected":false},"featured_media":0,"template":"","meta":{"_monsterinsights_skip_tracking":false,"_monsterinsights_sitenote_active":false,"_monsterinsights_sitenote_note":"","_monsterinsights_sitenote_category":0},"product_brand":[],"product_cat":[12777,12291],"product_tag":[],"class_list":{"0":"post-691432","1":"product","2":"type-product","3":"status-publish","5":"product_cat-deneme","6":"product_cat-edebiyat","7":"pa_cilt-ciltsiz","8":"pa_tur-kitap","9":"pa_yayinevi-metis-yayinlari","10":"pa_yazar-nurdan-gurbilek","12":"first","13":"instock","14":"sale","15":"shipping-taxable","16":"purchasable","17":"product-type-simple"},"_links":{"self":[{"href":"https:\/\/roveyayinevi.com.tr\/index.php\/wp-json\/wp\/v2\/product\/691432","targetHints":{"allow":["GET"]}}],"collection":[{"href":"https:\/\/roveyayinevi.com.tr\/index.php\/wp-json\/wp\/v2\/product"}],"about":[{"href":"https:\/\/roveyayinevi.com.tr\/index.php\/wp-json\/wp\/v2\/types\/product"}],"wp:attachment":[{"href":"https:\/\/roveyayinevi.com.tr\/index.php\/wp-json\/wp\/v2\/media?parent=691432"}],"wp:term":[{"taxonomy":"product_brand","embeddable":true,"href":"https:\/\/roveyayinevi.com.tr\/index.php\/wp-json\/wp\/v2\/product_brand?post=691432"},{"taxonomy":"product_cat","embeddable":true,"href":"https:\/\/roveyayinevi.com.tr\/index.php\/wp-json\/wp\/v2\/product_cat?post=691432"},{"taxonomy":"product_tag","embeddable":true,"href":"https:\/\/roveyayinevi.com.tr\/index.php\/wp-json\/wp\/v2\/product_tag?post=691432"}],"curies":[{"name":"wp","href":"https:\/\/api.w.org\/{rel}","templated":true}]}}