{"id":691431,"date":"2025-08-27T13:58:16","date_gmt":"2025-08-27T10:58:16","guid":{"rendered":"https:\/\/roveyayinevi.com.tr\/index.php\/urun\/korkunun-butun-sesleri\/"},"modified":"2026-02-03T02:02:35","modified_gmt":"2026-02-02T23:02:35","slug":"korkunun-butun-sesleri","status":"publish","type":"product","link":"https:\/\/roveyayinevi.com.tr\/index.php\/urun\/korkunun-butun-sesleri\/","title":{"rendered":"Korkunun B\u00fct\u00fcn Sesleri"},"content":{"rendered":"<p>Korkunun B\u00fct\u00fcn Sesleri, bilimkurgu edebiyat\u0131n\u0131n \u00f6nde gelen isimlerinden se\u00e7ti\u011fimiz \u00f6yk\u00fcleri bir araya getiriyor; Asimov ve Heinlein gibi klasiklerle Bradbury, Ballard, Vonnegut ve Ellison gibi yenilik\u00e7ilerin en g\u00fczel \u00f6yk\u00fclerini.Bilimkurgu uzun bir s\u00fcre edebiyat say\u0131lmam\u0131\u015f, edebiyat-alt\u0131 bir t\u00fcr olarak g\u00f6r\u00fclm\u00fc\u015ft\u00fcr. Ancak bu \u00f6yk\u00fclerle g\u00f6r\u00fcyoruz ki, bu y\u00fczy\u0131l\u0131n teknolojik geli\u015fmelerinden esinlenen bilimkurgu, yine ayn\u0131 y\u00fczy\u0131l\u0131n s\u0131n\u0131rl\u0131l\u0131\u011f\u0131n\u0131 a\u015fma yolunda s\u00fcrekli bir \u00e7abay\u0131 simgeliyor; bilginin niteli\u011fini, bilim ve do\u011fa, siyaset ve bilgi ili\u015fkisini ve bilginin denetimini sorguluyor. Edebiyat da b\u00f6yle bir \u00e7aba de\u011fil midir? Ya\u015fad\u0131\u011f\u0131m\u0131z zaman ve mek\u00e2n\u0131n s\u0131n\u0131rlar\u0131n\u0131n \u00f6tesine gitme arzusu, s\u0131n\u0131rlar\u0131n \u00f6tesini bilme iste\u011fi de\u011fil midir? <\/p>\n","protected":false},"excerpt":{"rendered":"<p>Korkunun B\u00fct\u00fcn Sesleri, bilimkurgu edebiyat\u0131n\u0131n \u00f6nde gelen isimlerinden se\u00e7ti\u011fimiz \u00f6yk\u00fcleri bir araya getiriyor; Asimov ve Heinlein gibi klasiklerle Bradbury, Ballard, Vonnegut ve Ellison gibi yenilik\u00e7ilerin en<span class=\"excerpt-hellip\"> [\u2026]<\/span><\/p>\n","protected":false},"featured_media":0,"template":"","meta":{"_monsterinsights_skip_tracking":false,"_monsterinsights_sitenote_active":false,"_monsterinsights_sitenote_note":"","_monsterinsights_sitenote_category":0},"product_brand":[],"product_cat":[12540,12291],"product_tag":[],"class_list":{"0":"post-691431","1":"product","2":"type-product","3":"status-publish","5":"product_cat-bilim-kurgu","6":"product_cat-edebiyat","7":"pa_cilt-ciltsiz","8":"pa_tur-kitap","9":"pa_yayinevi-metis-yayinlari","10":"pa_yazar-harlan-ellison-ve-dig","12":"first","13":"instock","14":"sale","15":"shipping-taxable","16":"purchasable","17":"product-type-simple"},"_links":{"self":[{"href":"https:\/\/roveyayinevi.com.tr\/index.php\/wp-json\/wp\/v2\/product\/691431","targetHints":{"allow":["GET"]}}],"collection":[{"href":"https:\/\/roveyayinevi.com.tr\/index.php\/wp-json\/wp\/v2\/product"}],"about":[{"href":"https:\/\/roveyayinevi.com.tr\/index.php\/wp-json\/wp\/v2\/types\/product"}],"wp:attachment":[{"href":"https:\/\/roveyayinevi.com.tr\/index.php\/wp-json\/wp\/v2\/media?parent=691431"}],"wp:term":[{"taxonomy":"product_brand","embeddable":true,"href":"https:\/\/roveyayinevi.com.tr\/index.php\/wp-json\/wp\/v2\/product_brand?post=691431"},{"taxonomy":"product_cat","embeddable":true,"href":"https:\/\/roveyayinevi.com.tr\/index.php\/wp-json\/wp\/v2\/product_cat?post=691431"},{"taxonomy":"product_tag","embeddable":true,"href":"https:\/\/roveyayinevi.com.tr\/index.php\/wp-json\/wp\/v2\/product_tag?post=691431"}],"curies":[{"name":"wp","href":"https:\/\/api.w.org\/{rel}","templated":true}]}}