{"id":691428,"date":"2025-08-27T13:58:16","date_gmt":"2025-08-27T10:58:16","guid":{"rendered":"https:\/\/roveyayinevi.com.tr\/index.php\/urun\/kismet-bufesi\/"},"modified":"2026-04-16T02:00:51","modified_gmt":"2026-04-15T23:00:51","slug":"kismet-bufesi","status":"publish","type":"product","link":"https:\/\/roveyayinevi.com.tr\/index.php\/urun\/kismet-bufesi\/","title":{"rendered":"K\u0131smet B\u00fcfesi"},"content":{"rendered":"<p>&#8220;\u00d6nceleri, bildiklerini-g\u00fcn\u00fcn birinde resim yapaca\u011f\u0131n\u0131 d\u00fc\u015f\u00fcnmeden g\u00f6r\u00fcp \u00f6\u011frendiklerini-\u00e7izmi\u015fti.\u0130\u015fin, eksizisiz bir at, bir bo\u011fa \u00e7izmek oldu\u011funu d\u00fc\u015f\u00fcnm\u00fc\u015f, ka\u00e7 kez, duvardan \u00e7\u0131k\u0131veren, yan\u0131na gelen hayvanlarla ko\u015fmu\u015ftu d\u00fc\u015f\u00fcnde. Sonra bakman\u0131n yetmedi\u011fini \u00f6\u011frenmi\u015f, kovalayanlara kovalananlar\u0131n (ister insan, ister hayvan olsun) ba\u011f\u0131rmas\u0131na, b\u00f6\u011f\u00fcrmesine kulak vermek, bu seslere, bu \u00f6l\u00fclere eliyle, g\u00f6z\u00fc kula\u011f\u0131yla dokunmak, ko\u015fanlarla birlikte terlemek, yara alanlarla birlikte kanamak gerekti\u011fini anlam\u0131\u015f, bu sesleri, bu terleri kanlar\u0131 eklemi\u015fti yapt\u0131\u011f\u0131 resimlere.Daha sonra bunlar\u0131n da yetmedi\u011fini \u00f6\u011frenmi\u015fti..&#8221;<\/p>\n","protected":false},"excerpt":{"rendered":"<p>&#8220;\u00d6nceleri, bildiklerini-g\u00fcn\u00fcn birinde resim yapaca\u011f\u0131n\u0131 d\u00fc\u015f\u00fcnmeden g\u00f6r\u00fcp \u00f6\u011frendiklerini-\u00e7izmi\u015fti.\u0130\u015fin, eksizisiz bir at, bir bo\u011fa \u00e7izmek oldu\u011funu d\u00fc\u015f\u00fcnm\u00fc\u015f, ka\u00e7 kez, duvardan \u00e7\u0131k\u0131veren, yan\u0131na gelen hayvanlarla ko\u015fmu\u015ftu d\u00fc\u015f\u00fcnde. Sonra<span class=\"excerpt-hellip\"> [\u2026]<\/span><\/p>\n","protected":false},"featured_media":0,"template":"","meta":{"_monsterinsights_skip_tracking":false,"_monsterinsights_sitenote_active":false,"_monsterinsights_sitenote_note":"","_monsterinsights_sitenote_category":0},"product_brand":[],"product_cat":[12364],"product_tag":[],"class_list":{"0":"post-691428","1":"product","2":"type-product","3":"status-publish","5":"product_cat-genel-konular","6":"pa_cilt-ciltsiz","7":"pa_tur-kitap","8":"pa_yayinevi-metis-yayinlari","9":"pa_yazar-bilge-karasu","11":"first","12":"instock","13":"sale","14":"shipping-taxable","15":"purchasable","16":"product-type-simple"},"_links":{"self":[{"href":"https:\/\/roveyayinevi.com.tr\/index.php\/wp-json\/wp\/v2\/product\/691428","targetHints":{"allow":["GET"]}}],"collection":[{"href":"https:\/\/roveyayinevi.com.tr\/index.php\/wp-json\/wp\/v2\/product"}],"about":[{"href":"https:\/\/roveyayinevi.com.tr\/index.php\/wp-json\/wp\/v2\/types\/product"}],"wp:attachment":[{"href":"https:\/\/roveyayinevi.com.tr\/index.php\/wp-json\/wp\/v2\/media?parent=691428"}],"wp:term":[{"taxonomy":"product_brand","embeddable":true,"href":"https:\/\/roveyayinevi.com.tr\/index.php\/wp-json\/wp\/v2\/product_brand?post=691428"},{"taxonomy":"product_cat","embeddable":true,"href":"https:\/\/roveyayinevi.com.tr\/index.php\/wp-json\/wp\/v2\/product_cat?post=691428"},{"taxonomy":"product_tag","embeddable":true,"href":"https:\/\/roveyayinevi.com.tr\/index.php\/wp-json\/wp\/v2\/product_tag?post=691428"}],"curies":[{"name":"wp","href":"https:\/\/api.w.org\/{rel}","templated":true}]}}