{"id":691426,"date":"2025-08-27T13:58:15","date_gmt":"2025-08-27T10:58:15","guid":{"rendered":"https:\/\/roveyayinevi.com.tr\/index.php\/urun\/eve-donmenin-yollari\/"},"modified":"2025-12-30T09:38:52","modified_gmt":"2025-12-30T06:38:52","slug":"eve-donmenin-yollari","status":"publish","type":"product","link":"https:\/\/roveyayinevi.com.tr\/index.php\/urun\/eve-donmenin-yollari\/","title":{"rendered":"Eve D\u00f6nmenin Yollar\u0131"},"content":{"rendered":"<p>Bir keresinde kayboldum. Alt\u0131 ya da yedi ya\u015f\u0131ndayd\u0131m. Akl\u0131m ba\u015fka yere gitmi\u015fti, birden annemle babam\u0131 kaybettim. Korktum ama sonra yolumu buldum ve eve onlardan \u00f6nce vard\u0131m \u00fcmitsizlik i\u00e7inde beni ar\u0131yorlard\u0131. Ama bence o ak\u015fam\u00fcst\u00fc esas onlar kaybolmu\u015ftu. \u00c7\u00fcnk\u00fc ben eve d\u00f6nmeyi biliyordum ama onlar bilmiyordu. 2010 y\u0131l\u0131nda Granta\u2019n\u0131n \u0130spanyolca yazan en iyi yirmi iki romanc\u0131 aras\u0131nda g\u00f6sterdi\u011fi \u015eilili gen\u00e7 yazar Alejandro Zambra, \u00fc\u00e7\u00fcnc\u00fc roman\u0131 Eve D\u00f6nmenin Yollar\u0131\u2019nda belle\u011fimizdeki lekeleri kaz\u0131rken ge\u00e7mi\u015f ve \u015fimdiki zaman aras\u0131nda bocalayan insana kendine d\u00f6n\u00fc\u015f yolunu g\u00f6steriyor. Eve D\u00f6nmenin Yollar\u0131\u2019ndaki yazar aday\u0131 anlat\u0131c\u0131 tek ba\u015f\u0131na ya\u015f\u0131yor, bolca sigara i\u00e7iyor, kad\u0131nlarla birlikte oluyor, roman\u0131n\u0131 yazmaya \u00e7al\u0131\u015f\u0131yor. Bu s\u0131rada da ge\u00e7mi\u015fin izini s\u00fcr\u00fcyor. Anlat\u0131c\u0131yla birlikte okur da Pinochet diktat\u00f6rl\u00fc\u011f\u00fcnde ya\u015fanan zor zamanlara, b\u00fcy\u00fck 1985 depreminin ac\u0131 kay\u0131plar\u0131na, \u00e7ocukluk a\u015fklar\u0131na, hayal k\u0131r\u0131kl\u0131klar\u0131na d\u00f6n\u00fcyor.<\/p>\n","protected":false},"excerpt":{"rendered":"<p>Bir keresinde kayboldum. Alt\u0131 ya da yedi ya\u015f\u0131ndayd\u0131m. Akl\u0131m ba\u015fka yere gitmi\u015fti, birden annemle babam\u0131 kaybettim. Korktum ama sonra yolumu buldum ve eve onlardan \u00f6nce vard\u0131m<span class=\"excerpt-hellip\"> [\u2026]<\/span><\/p>\n","protected":false},"featured_media":0,"template":"","meta":{"_monsterinsights_skip_tracking":false,"_monsterinsights_sitenote_active":false,"_monsterinsights_sitenote_note":"","_monsterinsights_sitenote_category":0},"product_brand":[],"product_cat":[12291,13113],"product_tag":[],"class_list":{"0":"post-691426","1":"product","2":"type-product","3":"status-publish","5":"product_cat-edebiyat","6":"product_cat-ispanyol-edebiyati","7":"pa_cilt-ciltsiz","8":"pa_tur-kitap","9":"pa_yayinevi-notos-kitap","10":"pa_yazar-alejandro-zambra","12":"first","13":"instock","14":"sale","15":"shipping-taxable","16":"purchasable","17":"product-type-simple"},"_links":{"self":[{"href":"https:\/\/roveyayinevi.com.tr\/index.php\/wp-json\/wp\/v2\/product\/691426","targetHints":{"allow":["GET"]}}],"collection":[{"href":"https:\/\/roveyayinevi.com.tr\/index.php\/wp-json\/wp\/v2\/product"}],"about":[{"href":"https:\/\/roveyayinevi.com.tr\/index.php\/wp-json\/wp\/v2\/types\/product"}],"wp:attachment":[{"href":"https:\/\/roveyayinevi.com.tr\/index.php\/wp-json\/wp\/v2\/media?parent=691426"}],"wp:term":[{"taxonomy":"product_brand","embeddable":true,"href":"https:\/\/roveyayinevi.com.tr\/index.php\/wp-json\/wp\/v2\/product_brand?post=691426"},{"taxonomy":"product_cat","embeddable":true,"href":"https:\/\/roveyayinevi.com.tr\/index.php\/wp-json\/wp\/v2\/product_cat?post=691426"},{"taxonomy":"product_tag","embeddable":true,"href":"https:\/\/roveyayinevi.com.tr\/index.php\/wp-json\/wp\/v2\/product_tag?post=691426"}],"curies":[{"name":"wp","href":"https:\/\/api.w.org\/{rel}","templated":true}]}}