{"id":691423,"date":"2025-08-27T13:58:15","date_gmt":"2025-08-27T10:58:15","guid":{"rendered":"https:\/\/roveyayinevi.com.tr\/index.php\/urun\/kavramsal-su-muhendisligi\/"},"modified":"2026-04-16T02:00:51","modified_gmt":"2026-04-15T23:00:51","slug":"kavramsal-su-muhendisligi","status":"publish","type":"product","link":"https:\/\/roveyayinevi.com.tr\/index.php\/urun\/kavramsal-su-muhendisligi\/","title":{"rendered":"Kavramsal Su M\u00fchendisli\u011fi"},"content":{"rendered":"<p>Bu kitap kapsam\u0131nda, t\u00fcm canl\u0131lar i\u00e7in hayati \u00f6nem ta\u015f\u0131yan suyun kullan\u0131m\u0131, kontrolu ve i\u015fletiminde kullan\u0131lan temel kavramlar sunulmu\u015ftur. Bu ba\u011flamda, okuyucunun genel k\u00fclt\u00fcr\u00fcne katk\u0131 sa\u011flamas\u0131 a\u00e7\u0131s\u0131ndan baz\u0131 \u00f6rnekler say\u0131sal bilgilerle verilmi\u015f ve suyla ilgili problemler tart\u0131\u015f\u0131lm\u0131\u015ft\u0131r. <\/p>\n","protected":false},"excerpt":{"rendered":"<p>Bu kitap kapsam\u0131nda, t\u00fcm canl\u0131lar i\u00e7in hayati \u00f6nem ta\u015f\u0131yan suyun kullan\u0131m\u0131, kontrolu ve i\u015fletiminde kullan\u0131lan temel kavramlar sunulmu\u015ftur. Bu ba\u011flamda, okuyucunun genel k\u00fclt\u00fcr\u00fcne katk\u0131 sa\u011flamas\u0131 a\u00e7\u0131s\u0131ndan<span class=\"excerpt-hellip\"> [\u2026]<\/span><\/p>\n","protected":false},"featured_media":0,"template":"","meta":{"_monsterinsights_skip_tracking":false,"_monsterinsights_sitenote_active":false,"_monsterinsights_sitenote_note":"","_monsterinsights_sitenote_category":0},"product_brand":[],"product_cat":[13005,18664],"product_tag":[],"class_list":{"0":"post-691423","1":"product","2":"type-product","3":"status-publish","5":"product_cat-bilim-muhendislik","6":"product_cat-muhendislik","7":"pa_tur-kitap","8":"pa_yayinevi-odtu-gelistirme-vakfi-yayincilik","9":"pa_yazar-a-melih-yanmaz","11":"first","12":"instock","13":"sale","14":"shipping-taxable","15":"purchasable","16":"product-type-simple"},"_links":{"self":[{"href":"https:\/\/roveyayinevi.com.tr\/index.php\/wp-json\/wp\/v2\/product\/691423","targetHints":{"allow":["GET"]}}],"collection":[{"href":"https:\/\/roveyayinevi.com.tr\/index.php\/wp-json\/wp\/v2\/product"}],"about":[{"href":"https:\/\/roveyayinevi.com.tr\/index.php\/wp-json\/wp\/v2\/types\/product"}],"wp:attachment":[{"href":"https:\/\/roveyayinevi.com.tr\/index.php\/wp-json\/wp\/v2\/media?parent=691423"}],"wp:term":[{"taxonomy":"product_brand","embeddable":true,"href":"https:\/\/roveyayinevi.com.tr\/index.php\/wp-json\/wp\/v2\/product_brand?post=691423"},{"taxonomy":"product_cat","embeddable":true,"href":"https:\/\/roveyayinevi.com.tr\/index.php\/wp-json\/wp\/v2\/product_cat?post=691423"},{"taxonomy":"product_tag","embeddable":true,"href":"https:\/\/roveyayinevi.com.tr\/index.php\/wp-json\/wp\/v2\/product_tag?post=691423"}],"curies":[{"name":"wp","href":"https:\/\/api.w.org\/{rel}","templated":true}]}}