{"id":691421,"date":"2025-08-27T13:58:14","date_gmt":"2025-08-27T10:58:14","guid":{"rendered":"https:\/\/roveyayinevi.com.tr\/index.php\/urun\/adim-adim-evlilik\/"},"modified":"2026-04-16T02:00:51","modified_gmt":"2026-04-15T23:00:51","slug":"adim-adim-evlilik","status":"publish","type":"product","link":"https:\/\/roveyayinevi.com.tr\/index.php\/urun\/adim-adim-evlilik\/","title":{"rendered":"Ad\u0131m Ad\u0131m Evlilik"},"content":{"rendered":"<p>Evlilikle ilgili olarak son y\u0131llarda bir \u00e7ok kitap yaz\u0131ld\u0131. Bunlar aras\u0131nda  Evlili\u011fi vazge\u00e7ilmez bir kurum  olarak savunan eserlerin \u00e7oklu\u011fu, sevindirici bir geli\u015fmedir. \u00c7\u00fcnk\u00fc aile kurumuna ne kadar de\u011fer verilip, desteklenirse, ki\u015finin ve toplumun huzuru da o kadar artacakt\u0131r. Ad\u0131m Ad\u0131m Evlik kitab\u0131ndaki konular, farkl\u0131 bir \u00fcslup ve yakla\u015f\u0131mla ele al\u0131nd\u0131. Teorik bilgilerden ziyade uygulamalara a\u011f\u0131rl\u0131k verildi. Ayr\u0131ca, aile hayat\u0131 ile ilgili her insan\u0131n acil ihtiyac\u0131 olan hususlar ve g\u00fcncel problemler \u00f6n plana \u00e7\u0131kar\u0131ld\u0131. * Fl\u00f6rt, mutlu bir evlilikle sonu\u00e7lan\u0131r m\u0131? * E\u015f se\u00e7menin kurallar\u0131 * Mutlaka bir  Evlilik S\u00f6zle\u015fmesi  yap\u0131n * Ailenin temel kurallar\u0131 nelerdir? * Akraba evlili\u011finin getirdikleri ve g\u00f6t\u00fcrd\u00fckleri * Evlilikte mutlulu\u011fun ipu\u00e7lar\u0131 * Ailede  ka\u00e7amak  felaketi ve bir hazin son * Cinsen \u00f6zg\u00fcrl\u00fckler bir esarettir * Gelin-Kaynana kavgalar\u0131 ve \u00e7\u00f6z\u00fcm \u00f6nerileri <\/p>\n","protected":false},"excerpt":{"rendered":"<p>Evlilikle ilgili olarak son y\u0131llarda bir \u00e7ok kitap yaz\u0131ld\u0131. Bunlar aras\u0131nda Evlili\u011fi vazge\u00e7ilmez bir kurum olarak savunan eserlerin \u00e7oklu\u011fu, sevindirici bir geli\u015fmedir. \u00c7\u00fcnk\u00fc aile kurumuna ne<span class=\"excerpt-hellip\"> [\u2026]<\/span><\/p>\n","protected":false},"featured_media":0,"template":"","meta":{"_monsterinsights_skip_tracking":false,"_monsterinsights_sitenote_active":false,"_monsterinsights_sitenote_note":"","_monsterinsights_sitenote_category":0},"product_brand":[],"product_cat":[16789,12718,12719],"product_tag":[],"class_list":{"0":"post-691421","1":"product","2":"type-product","3":"status-publish","5":"product_cat-diger-islam","6":"product_cat-din","7":"product_cat-islam","8":"pa_cilt-ciltsiz","9":"pa_tur-kitap","10":"pa_yayinevi-nesil-yayinlari","11":"pa_yazar-halit-ertugrul","13":"first","14":"instock","15":"sale","16":"shipping-taxable","17":"purchasable","18":"product-type-simple"},"_links":{"self":[{"href":"https:\/\/roveyayinevi.com.tr\/index.php\/wp-json\/wp\/v2\/product\/691421","targetHints":{"allow":["GET"]}}],"collection":[{"href":"https:\/\/roveyayinevi.com.tr\/index.php\/wp-json\/wp\/v2\/product"}],"about":[{"href":"https:\/\/roveyayinevi.com.tr\/index.php\/wp-json\/wp\/v2\/types\/product"}],"wp:attachment":[{"href":"https:\/\/roveyayinevi.com.tr\/index.php\/wp-json\/wp\/v2\/media?parent=691421"}],"wp:term":[{"taxonomy":"product_brand","embeddable":true,"href":"https:\/\/roveyayinevi.com.tr\/index.php\/wp-json\/wp\/v2\/product_brand?post=691421"},{"taxonomy":"product_cat","embeddable":true,"href":"https:\/\/roveyayinevi.com.tr\/index.php\/wp-json\/wp\/v2\/product_cat?post=691421"},{"taxonomy":"product_tag","embeddable":true,"href":"https:\/\/roveyayinevi.com.tr\/index.php\/wp-json\/wp\/v2\/product_tag?post=691421"}],"curies":[{"name":"wp","href":"https:\/\/api.w.org\/{rel}","templated":true}]}}