{"id":691416,"date":"2025-08-27T13:58:14","date_gmt":"2025-08-27T10:58:14","guid":{"rendered":"https:\/\/roveyayinevi.com.tr\/index.php\/urun\/einsteinin-evreni\/"},"modified":"2026-04-16T02:00:51","modified_gmt":"2026-04-15T23:00:51","slug":"einsteinin-evreni","status":"publish","type":"product","link":"https:\/\/roveyayinevi.com.tr\/index.php\/urun\/einsteinin-evreni\/","title":{"rendered":"Einstein\u2019\u0131n Evreni"},"content":{"rendered":"<p>Yirminci y\u00fczy\u0131l\u0131n en b\u00fcy\u00fck bilim insan\u0131n\u0131n ya\u015fam\u0131n\u0131 ve \u00e7al\u0131\u015fmalar\u0131n\u0131 ustal\u0131kla yeniden canland\u0131ran Michio Kaku, bizleri Einstein\u2019\u0131n zihnine sokarak nas\u0131l d\u00fc\u015f\u00fcnd\u00fc\u011f\u00fcn\u00fc g\u00f6steriyor. Einstein\u2019\u0131n b\u00fcy\u00fck fikirleri resimler halinde ortaya \u00e7\u0131k\u0131yordu. Yan\u0131 ba\u015f\u0131nda ko\u015ftu\u011fu bir \u0131\u015f\u0131k demetinin nas\u0131l g\u00f6r\u00fcnece\u011fini hayalinde canland\u0131rd\u0131\u011f\u0131 ilk resim, Einstein\u2019a \u00f6zel g\u00f6relilik kuram\u0131n\u0131 ve y\u0131ld\u0131zlar\u0131n gizemini \u00e7\u00f6zen me\u015fhur E=mc2 denklemini getirmi\u015fti. Einstein\u2019\u0131n kendisini Bern patent ofisinde sandalyesinden d\u00fc\u015ferken g\u00f6rd\u00fc\u011f\u00fc ikinci resim, kavisli uzay zaman\u0131yla kara delikleri ve b\u00fcy\u00fck patlamay\u0131 \u00f6n\u00fcm\u00fcze getiren genel g\u00f6relilik kuram\u0131 do\u011fmu\u015ftu. Einstein\u2019\u0131n b\u00fct\u00fcn do\u011fa kuvvetlerini birle\u015ftirmek i\u00e7in yapt\u0131\u011f\u0131 giri\u015fimin ba\u015far\u0131s\u0131zl\u0131\u011f\u0131 ise, \u00fc\u00e7\u00fcnc\u00fc bir resim yaratmakta ba\u015far\u0131s\u0131z olmas\u0131ndan kaynaklanmaktayd\u0131. Ne olursa olsun, Einstein\u2019in daha sonraki \u00e7al\u0131\u015fma hayat\u0131 boyunca \u00fcretti\u011fi fikirlerin \u00e7o\u011fu, yeni bilimsel ara\u015ft\u0131rma alanlar\u0131, yeni teknolojiler ve birka\u00e7 Nobel \u00d6d\u00fcl\u00fc kazan\u0131lmas\u0131na yol a\u00e7m\u0131\u015ft\u0131r. \ufffcTan\u0131t\u0131m Metni<\/p>\n","protected":false},"excerpt":{"rendered":"<p>Yirminci y\u00fczy\u0131l\u0131n en b\u00fcy\u00fck bilim insan\u0131n\u0131n ya\u015fam\u0131n\u0131 ve \u00e7al\u0131\u015fmalar\u0131n\u0131 ustal\u0131kla yeniden canland\u0131ran Michio Kaku, bizleri Einstein\u2019\u0131n zihnine sokarak nas\u0131l d\u00fc\u015f\u00fcnd\u00fc\u011f\u00fcn\u00fc g\u00f6steriyor. Einstein\u2019\u0131n b\u00fcy\u00fck fikirleri resimler halinde<span class=\"excerpt-hellip\"> [\u2026]<\/span><\/p>\n","protected":false},"featured_media":0,"template":"","meta":{"_monsterinsights_skip_tracking":false,"_monsterinsights_sitenote_active":false,"_monsterinsights_sitenote_note":"","_monsterinsights_sitenote_category":0},"product_brand":[],"product_cat":[13005,15998],"product_tag":[],"class_list":{"0":"post-691416","1":"product","2":"type-product","3":"status-publish","5":"product_cat-bilim-muhendislik","6":"product_cat-bilim-tarihi","7":"pa_tur-kitap","8":"pa_yayinevi-odtu-gelistirme-vakfi-yayincilik","9":"pa_yazar-michio-kaku","11":"first","12":"instock","13":"sale","14":"shipping-taxable","15":"purchasable","16":"product-type-simple"},"_links":{"self":[{"href":"https:\/\/roveyayinevi.com.tr\/index.php\/wp-json\/wp\/v2\/product\/691416","targetHints":{"allow":["GET"]}}],"collection":[{"href":"https:\/\/roveyayinevi.com.tr\/index.php\/wp-json\/wp\/v2\/product"}],"about":[{"href":"https:\/\/roveyayinevi.com.tr\/index.php\/wp-json\/wp\/v2\/types\/product"}],"wp:attachment":[{"href":"https:\/\/roveyayinevi.com.tr\/index.php\/wp-json\/wp\/v2\/media?parent=691416"}],"wp:term":[{"taxonomy":"product_brand","embeddable":true,"href":"https:\/\/roveyayinevi.com.tr\/index.php\/wp-json\/wp\/v2\/product_brand?post=691416"},{"taxonomy":"product_cat","embeddable":true,"href":"https:\/\/roveyayinevi.com.tr\/index.php\/wp-json\/wp\/v2\/product_cat?post=691416"},{"taxonomy":"product_tag","embeddable":true,"href":"https:\/\/roveyayinevi.com.tr\/index.php\/wp-json\/wp\/v2\/product_tag?post=691416"}],"curies":[{"name":"wp","href":"https:\/\/api.w.org\/{rel}","templated":true}]}}