{"id":691414,"date":"2025-08-27T13:58:13","date_gmt":"2025-08-27T10:58:13","guid":{"rendered":"https:\/\/roveyayinevi.com.tr\/index.php\/urun\/sayi-bilimin-dili\/"},"modified":"2026-04-16T02:00:51","modified_gmt":"2026-04-15T23:00:51","slug":"sayi-bilimin-dili","status":"publish","type":"product","link":"https:\/\/roveyayinevi.com.tr\/index.php\/urun\/sayi-bilimin-dili\/","title":{"rendered":"Say\u0131: Bilimin Dili"},"content":{"rendered":"<p>Say\u0131 kavram\u0131 tarih boyunca nas\u0131l bir geli\u015fim izledi? Einstein\u2019\u0131n   say\u0131n\u0131n evrimi \u00fczerine okudu\u011fum en ilgin\u00e7 kitap   diye niteledi\u011fi bu klasikle\u015fmi\u015f eserinde matematik\u00e7i Tobias Dantzig, bu sorudan yola \u00e7\u0131karak say\u0131y\u0131 mercek alt\u0131na yat\u0131r\u0131yor. Dantzig, matematik tarihini emin ad\u0131mlarla ilerleyen bir s\u00fcre\u00e7 olarak de\u011fil, rastlant\u0131lar\u0131n ve sezginin b\u00fcy\u00fck rol oynad\u0131\u011f\u0131 bir s\u00fcre\u00e7 olarak canland\u0131r\u0131yor. <\/p>\n","protected":false},"excerpt":{"rendered":"<p>Say\u0131 kavram\u0131 tarih boyunca nas\u0131l bir geli\u015fim izledi? Einstein\u2019\u0131n say\u0131n\u0131n evrimi \u00fczerine okudu\u011fum en ilgin\u00e7 kitap diye niteledi\u011fi bu klasikle\u015fmi\u015f eserinde matematik\u00e7i Tobias Dantzig, bu sorudan<span class=\"excerpt-hellip\"> [\u2026]<\/span><\/p>\n","protected":false},"featured_media":0,"template":"","meta":{"_monsterinsights_skip_tracking":false,"_monsterinsights_sitenote_active":false,"_monsterinsights_sitenote_note":"","_monsterinsights_sitenote_category":0},"product_brand":[],"product_cat":[12312,12304],"product_tag":[],"class_list":{"0":"post-691414","1":"product","2":"type-product","3":"status-publish","5":"product_cat-diger","6":"product_cat-tarih","7":"pa_cilt-ciltsiz","8":"pa_tur-kitap","9":"pa_yayinevi-metis-yayinlari","10":"pa_yazar-tobias-dantzig","12":"first","13":"instock","14":"sale","15":"shipping-taxable","16":"purchasable","17":"product-type-simple"},"_links":{"self":[{"href":"https:\/\/roveyayinevi.com.tr\/index.php\/wp-json\/wp\/v2\/product\/691414","targetHints":{"allow":["GET"]}}],"collection":[{"href":"https:\/\/roveyayinevi.com.tr\/index.php\/wp-json\/wp\/v2\/product"}],"about":[{"href":"https:\/\/roveyayinevi.com.tr\/index.php\/wp-json\/wp\/v2\/types\/product"}],"wp:attachment":[{"href":"https:\/\/roveyayinevi.com.tr\/index.php\/wp-json\/wp\/v2\/media?parent=691414"}],"wp:term":[{"taxonomy":"product_brand","embeddable":true,"href":"https:\/\/roveyayinevi.com.tr\/index.php\/wp-json\/wp\/v2\/product_brand?post=691414"},{"taxonomy":"product_cat","embeddable":true,"href":"https:\/\/roveyayinevi.com.tr\/index.php\/wp-json\/wp\/v2\/product_cat?post=691414"},{"taxonomy":"product_tag","embeddable":true,"href":"https:\/\/roveyayinevi.com.tr\/index.php\/wp-json\/wp\/v2\/product_tag?post=691414"}],"curies":[{"name":"wp","href":"https:\/\/api.w.org\/{rel}","templated":true}]}}