{"id":691412,"date":"2025-08-27T13:58:13","date_gmt":"2025-08-27T10:58:13","guid":{"rendered":"https:\/\/roveyayinevi.com.tr\/index.php\/urun\/mutfak\/"},"modified":"2026-04-16T02:00:51","modified_gmt":"2026-04-15T23:00:51","slug":"mutfak","status":"publish","type":"product","link":"https:\/\/roveyayinevi.com.tr\/index.php\/urun\/mutfak\/","title":{"rendered":"Mutfak"},"content":{"rendered":"<p>Mutfak Murathan Mungan&#8217;\u0131n yeni oyun kitab\u0131. \u0130stanbul&#8217;un Cihangir&#8217;e benzeyen bir semtinde, \u00e7evre i\u015fyerlerine ev yemekleri yapan kad\u0131nlar\u0131n i\u015fletti\u011fi k\u00fc\u00e7\u00fck bir lokantan\u0131n mutfa\u011f\u0131nda ge\u00e7en yirmi sahnelik roman tad\u0131nda bir oyun. Tek mek\u00e2nda ge\u00e7en oyunda ikisi erkek olmak \u00fczere on karakter yer al\u0131yor.  Kitab\u0131n kapak tasar\u0131m\u0131 P\u0131nar Kazma&#8217;ya ait. <\/p>\n","protected":false},"excerpt":{"rendered":"<p>Mutfak Murathan Mungan&#8217;\u0131n yeni oyun kitab\u0131. \u0130stanbul&#8217;un Cihangir&#8217;e benzeyen bir semtinde, \u00e7evre i\u015fyerlerine ev yemekleri yapan kad\u0131nlar\u0131n i\u015fletti\u011fi k\u00fc\u00e7\u00fck bir lokantan\u0131n mutfa\u011f\u0131nda ge\u00e7en yirmi sahnelik roman<span class=\"excerpt-hellip\"> [\u2026]<\/span><\/p>\n","protected":false},"featured_media":0,"template":"","meta":{"_monsterinsights_skip_tracking":false,"_monsterinsights_sitenote_active":false,"_monsterinsights_sitenote_note":"","_monsterinsights_sitenote_category":0},"product_brand":[],"product_cat":[12291,14272],"product_tag":[],"class_list":{"0":"post-691412","1":"product","2":"type-product","3":"status-publish","5":"product_cat-edebiyat","6":"product_cat-tiyatro","7":"pa_cilt-ciltsiz","8":"pa_tur-kitap","9":"pa_yayinevi-metis-yayinlari","10":"pa_yazar-murathan-mungan","12":"first","13":"instock","14":"sale","15":"shipping-taxable","16":"purchasable","17":"product-type-simple"},"_links":{"self":[{"href":"https:\/\/roveyayinevi.com.tr\/index.php\/wp-json\/wp\/v2\/product\/691412","targetHints":{"allow":["GET"]}}],"collection":[{"href":"https:\/\/roveyayinevi.com.tr\/index.php\/wp-json\/wp\/v2\/product"}],"about":[{"href":"https:\/\/roveyayinevi.com.tr\/index.php\/wp-json\/wp\/v2\/types\/product"}],"wp:attachment":[{"href":"https:\/\/roveyayinevi.com.tr\/index.php\/wp-json\/wp\/v2\/media?parent=691412"}],"wp:term":[{"taxonomy":"product_brand","embeddable":true,"href":"https:\/\/roveyayinevi.com.tr\/index.php\/wp-json\/wp\/v2\/product_brand?post=691412"},{"taxonomy":"product_cat","embeddable":true,"href":"https:\/\/roveyayinevi.com.tr\/index.php\/wp-json\/wp\/v2\/product_cat?post=691412"},{"taxonomy":"product_tag","embeddable":true,"href":"https:\/\/roveyayinevi.com.tr\/index.php\/wp-json\/wp\/v2\/product_tag?post=691412"}],"curies":[{"name":"wp","href":"https:\/\/api.w.org\/{rel}","templated":true}]}}