{"id":691408,"date":"2025-08-27T13:58:12","date_gmt":"2025-08-27T10:58:12","guid":{"rendered":"https:\/\/roveyayinevi.com.tr\/index.php\/urun\/psikanaliz-ve-sonrasi\/"},"modified":"2026-04-16T02:00:50","modified_gmt":"2026-04-15T23:00:50","slug":"psikanaliz-ve-sonrasi","status":"publish","type":"product","link":"https:\/\/roveyayinevi.com.tr\/index.php\/urun\/psikanaliz-ve-sonrasi\/","title":{"rendered":"Psikanaliz ve Sonras\u0131"},"content":{"rendered":"<p>\u0130nsan\u0131n g\u00f6r\u00fcn\u00fcr davran\u0131\u015flar\u0131n\u0131n ard\u0131ndaki duygusal d\u00fcnyas\u0131n\u0131n ara\u015ft\u0131r\u0131lmas\u0131, ku\u015fkusuz Freud\u2019la ba\u015flamad\u0131. Ancak insan\u0131n kendini anlamas\u0131 y\u00f6n\u00fcnde, tarihin \u00e7ok eski d\u00f6nemlerinde ba\u015flam\u0131\u015f olan \u00e7abalara, yirminci y\u00fczy\u0131l\u0131n ba\u015f\u0131nda yeni bir nitelik ve h\u0131z kazand\u0131rarak, bug\u00fcn bile etkilili\u011fini s\u00fcrd\u00fcren psikanalitik d\u00fc\u015f\u00fcncenin yolunu a\u00e7an Freud oldu. Yirminci y\u00fczy\u0131l boyunca psikanalizden hareket eden \u00e7e\u015fitli ekoller olu\u015ftu; bu ekoller psikanalitik kuram\u0131 tart\u0131\u015ft\u0131lar, irdelediler, yeni kavray\u0131\u015f tarzlar\u0131 ortaya koydular -bug\u00fcn bir psikanaliz sonras\u0131ndan s\u00f6z edebiliyorsak, bunu b\u00f6yle canl\u0131 bir tart\u0131\u015fmay\u0131 hayata ge\u00e7irebilen insanlara bor\u00e7luyuz. Di\u011fer bir deyi\u015fle, psikanaliz Freud\u2019la ba\u015fl\u0131yor ba\u015flamas\u0131na, ama onunla bitmiyor. Bu nedenle Engin Ge\u00e7tan\u2019\u0131n, Freud\u2019un ortaya koydu\u011fu ba\u015flang\u0131\u00e7 ve temellerle, ba\u015fta Adler, Jung, Rank, Horney ve Sullivan olmak \u00fczere daha sonraki bir\u00e7ok kuram\u0131n s\u00fcreklili\u011fini kuran bu kitab\u0131n\u0131n, \u00e7ok g\u00fczel ve anla\u015f\u0131l\u0131r yaz\u0131lm\u0131\u015f, temel bir giri\u015f niteli\u011fi ta\u015f\u0131d\u0131\u011f\u0131n\u0131 d\u00fc\u015f\u00fcn\u00fcyoruz. \u00dcstelik bug\u00fcn\u00fcn T\u00fcrkiyeli okuru, Psikanaliz ve Sonras\u0131\u2019n\u0131n ilk kez yay\u0131mland\u0131\u011f\u0131 1988 y\u0131l\u0131na g\u00f6re \u00e7ok daha \u015fansl\u0131; psikanaliz tarihinin o d\u00f6nemde hen\u00fcz T\u00fcrk\u00e7ede olmayan bir\u00e7ok temel yap\u0131t\u0131n\u0131n bug\u00fcn \u00e7evirisi var. Bu giri\u015fi, bu heyecan verici okuma ve ara\u015ft\u0131rmay\u0131 onlarla s\u00fcrd\u00fcrmek m\u00fcmk\u00fcn. \ufffcTan\u0131t\u0131m Metni<\/p>\n","protected":false},"excerpt":{"rendered":"<p>\u0130nsan\u0131n g\u00f6r\u00fcn\u00fcr davran\u0131\u015flar\u0131n\u0131n ard\u0131ndaki duygusal d\u00fcnyas\u0131n\u0131n ara\u015ft\u0131r\u0131lmas\u0131, ku\u015fkusuz Freud\u2019la ba\u015flamad\u0131. Ancak insan\u0131n kendini anlamas\u0131 y\u00f6n\u00fcnde, tarihin \u00e7ok eski d\u00f6nemlerinde ba\u015flam\u0131\u015f olan \u00e7abalara, yirminci y\u00fczy\u0131l\u0131n ba\u015f\u0131nda yeni<span class=\"excerpt-hellip\"> [\u2026]<\/span><\/p>\n","protected":false},"featured_media":0,"template":"","meta":{"_monsterinsights_skip_tracking":false,"_monsterinsights_sitenote_active":false,"_monsterinsights_sitenote_note":"","_monsterinsights_sitenote_category":0},"product_brand":[],"product_cat":[12312,12304],"product_tag":[],"class_list":{"0":"post-691408","1":"product","2":"type-product","3":"status-publish","5":"product_cat-diger","6":"product_cat-tarih","7":"pa_cilt-ciltsiz","8":"pa_tur-kitap","9":"pa_yayinevi-metis-yayinlari","10":"pa_yazar-engin-gectan","12":"first","13":"instock","14":"sale","15":"shipping-taxable","16":"purchasable","17":"product-type-simple"},"_links":{"self":[{"href":"https:\/\/roveyayinevi.com.tr\/index.php\/wp-json\/wp\/v2\/product\/691408","targetHints":{"allow":["GET"]}}],"collection":[{"href":"https:\/\/roveyayinevi.com.tr\/index.php\/wp-json\/wp\/v2\/product"}],"about":[{"href":"https:\/\/roveyayinevi.com.tr\/index.php\/wp-json\/wp\/v2\/types\/product"}],"wp:attachment":[{"href":"https:\/\/roveyayinevi.com.tr\/index.php\/wp-json\/wp\/v2\/media?parent=691408"}],"wp:term":[{"taxonomy":"product_brand","embeddable":true,"href":"https:\/\/roveyayinevi.com.tr\/index.php\/wp-json\/wp\/v2\/product_brand?post=691408"},{"taxonomy":"product_cat","embeddable":true,"href":"https:\/\/roveyayinevi.com.tr\/index.php\/wp-json\/wp\/v2\/product_cat?post=691408"},{"taxonomy":"product_tag","embeddable":true,"href":"https:\/\/roveyayinevi.com.tr\/index.php\/wp-json\/wp\/v2\/product_tag?post=691408"}],"curies":[{"name":"wp","href":"https:\/\/api.w.org\/{rel}","templated":true}]}}