{"id":691407,"date":"2025-08-27T13:58:12","date_gmt":"2025-08-27T10:58:12","guid":{"rendered":"https:\/\/roveyayinevi.com.tr\/index.php\/urun\/proust\/"},"modified":"2026-04-16T02:00:50","modified_gmt":"2026-04-15T23:00:50","slug":"proust","status":"publish","type":"product","link":"https:\/\/roveyayinevi.com.tr\/index.php\/urun\/proust\/","title":{"rendered":"Proust"},"content":{"rendered":"<p>Proust, Beckett\u2019in yay\u0131mlanm\u0131\u015f ilk kitab\u0131d\u0131r. Beckett, 1930\u2019da yazd\u0131\u011f\u0131 bu ele\u015ftirel monografide, do\u011frudan do\u011fruya, Proust\u2019un roman\u0131n\u0131n merkezinde yer alan zaman sorununa h\u00fccum eder. Arzu, \u00f6l\u00fcm ve al\u0131\u015fkanl\u0131k gibi ikincil izlekler, bu k\u00f6k sorunun \u00e7evresinde \u00e7\u00f6z\u00fcmlenir. Proust, Proust\u2019un ilgin\u00e7 ya\u015fam\u0131yla ilgili s\u00f6ylentileri bir yana iterek Kay\u0131p Zaman\u0131n \u0130zinde\u2019nin kendisine y\u00f6nelen ilk sistemli \u00e7al\u0131\u015fmalar\u0131ndan biridir. Kitap yay\u0131mland\u0131\u011f\u0131nda \u0130ngiltere\u2019de Daily Telegraph gazetesinde \u00e7\u0131kan bir tan\u0131tma yaz\u0131s\u0131, bu ele\u015ftirel metnin s\u0131rad\u0131\u015f\u0131 niteli\u011fini teslim ediyor, Bay Beckett \u00e7ok zeki bir delikanl\u0131 diyordu. \ufffcTan\u0131t\u0131m Metni<\/p>\n","protected":false},"excerpt":{"rendered":"<p>Proust, Beckett\u2019in yay\u0131mlanm\u0131\u015f ilk kitab\u0131d\u0131r. Beckett, 1930\u2019da yazd\u0131\u011f\u0131 bu ele\u015ftirel monografide, do\u011frudan do\u011fruya, Proust\u2019un roman\u0131n\u0131n merkezinde yer alan zaman sorununa h\u00fccum eder. Arzu, \u00f6l\u00fcm ve al\u0131\u015fkanl\u0131k<span class=\"excerpt-hellip\"> [\u2026]<\/span><\/p>\n","protected":false},"featured_media":0,"template":"","meta":{"_monsterinsights_skip_tracking":false,"_monsterinsights_sitenote_active":false,"_monsterinsights_sitenote_note":"","_monsterinsights_sitenote_category":0},"product_brand":[],"product_cat":[12364],"product_tag":[],"class_list":{"0":"post-691407","1":"product","2":"type-product","3":"status-publish","5":"product_cat-genel-konular","6":"pa_cilt-ciltsiz","7":"pa_tur-kitap","8":"pa_yayinevi-metis-yayinlari","9":"pa_yazar-samuel-beckett","11":"first","12":"instock","13":"sale","14":"shipping-taxable","15":"purchasable","16":"product-type-simple"},"_links":{"self":[{"href":"https:\/\/roveyayinevi.com.tr\/index.php\/wp-json\/wp\/v2\/product\/691407","targetHints":{"allow":["GET"]}}],"collection":[{"href":"https:\/\/roveyayinevi.com.tr\/index.php\/wp-json\/wp\/v2\/product"}],"about":[{"href":"https:\/\/roveyayinevi.com.tr\/index.php\/wp-json\/wp\/v2\/types\/product"}],"wp:attachment":[{"href":"https:\/\/roveyayinevi.com.tr\/index.php\/wp-json\/wp\/v2\/media?parent=691407"}],"wp:term":[{"taxonomy":"product_brand","embeddable":true,"href":"https:\/\/roveyayinevi.com.tr\/index.php\/wp-json\/wp\/v2\/product_brand?post=691407"},{"taxonomy":"product_cat","embeddable":true,"href":"https:\/\/roveyayinevi.com.tr\/index.php\/wp-json\/wp\/v2\/product_cat?post=691407"},{"taxonomy":"product_tag","embeddable":true,"href":"https:\/\/roveyayinevi.com.tr\/index.php\/wp-json\/wp\/v2\/product_tag?post=691407"}],"curies":[{"name":"wp","href":"https:\/\/api.w.org\/{rel}","templated":true}]}}