{"id":691405,"date":"2025-08-27T13:58:11","date_gmt":"2025-08-27T10:58:11","guid":{"rendered":"https:\/\/roveyayinevi.com.tr\/index.php\/urun\/melek-tavusun-halki-ezidiler\/"},"modified":"2025-11-22T02:16:10","modified_gmt":"2025-11-21T23:16:10","slug":"melek-tavusun-halki-ezidiler","status":"publish","type":"product","link":"https:\/\/roveyayinevi.com.tr\/index.php\/urun\/melek-tavusun-halki-ezidiler\/","title":{"rendered":"Melek Tavus&#8217;un Halk\u0131 Ezidiler"},"content":{"rendered":"<p>Yezidiler, dini inan\u00e7lar\u0131n\u0131n kurban\u0131 bir halkt\u0131r. \u0130nand\u0131klar\u0131 Melek Tavus, Tanr\u0131\u2019n\u0131n cennetten kovdu\u011fu melekle, yani \u015eeytan\u2019la bir tutuldu\u011fu i\u00e7in M\u00fcsl\u00fcman ve H\u0131ristiyan kom\u015fular\u0131 taraf\u0131ndan d\u0131\u015flanm\u0131\u015f, lanetlenmi\u015flerdir. Sabiha Banu Yalkut, Yezidiler \u00fczerine \u00e7al\u0131\u015fmaya 1979 y\u0131l\u0131nda bir arkeoloji \u00f6\u011frencisi olarak gitti\u011fi Mardin\u2019in Midyat il\u00e7esinde karar verdi. Y\u0131llarca onlar\u0131n izini s\u00fcrd\u00fc; Almanya\u2019da, diaspora ko\u015fullar\u0131nda ya\u015fayan Yezidilerle d\u00fczenli bir bi\u00e7imde g\u00f6r\u00fc\u015ft\u00fc. Melek Tavus\u2019un Halk\u0131 Yezidiler, art\u0131k say\u0131lar\u0131 birka\u00e7 y\u00fcze inmi\u015f olan T\u00fcrkiyeli Yezidilerin, g\u00f6\u00e7 etme nedenlerini, g\u00f6\u00e7\u00fcn yaratt\u0131\u011f\u0131 d\u00f6n\u00fc\u015f\u00fcm\u00fc ve diaspora ko\u015fullar\u0131nda varolma ve varkalma m\u00fccadelelerini g\u00f6stermeyi ama\u00e7l\u0131yor. <\/p>\n","protected":false},"excerpt":{"rendered":"<p>Yezidiler, dini inan\u00e7lar\u0131n\u0131n kurban\u0131 bir halkt\u0131r. \u0130nand\u0131klar\u0131 Melek Tavus, Tanr\u0131\u2019n\u0131n cennetten kovdu\u011fu melekle, yani \u015eeytan\u2019la bir tutuldu\u011fu i\u00e7in M\u00fcsl\u00fcman ve H\u0131ristiyan kom\u015fular\u0131 taraf\u0131ndan d\u0131\u015flanm\u0131\u015f, lanetlenmi\u015flerdir. Sabiha<span class=\"excerpt-hellip\"> [\u2026]<\/span><\/p>\n","protected":false},"featured_media":0,"template":"","meta":{"_monsterinsights_skip_tracking":false,"_monsterinsights_sitenote_active":false,"_monsterinsights_sitenote_note":"","_monsterinsights_sitenote_category":0},"product_brand":[],"product_cat":[13656,12337],"product_tag":[],"class_list":{"0":"post-691405","1":"product","2":"type-product","3":"status-publish","5":"product_cat-azinliklar-etnik-sorunlar","6":"product_cat-politika-siyaset","7":"pa_cilt-ciltsiz","8":"pa_tur-kitap","9":"pa_yayinevi-metis-yayinlari","10":"pa_yazar-sabiha-banu-yalkut","12":"first","13":"instock","14":"sale","15":"shipping-taxable","16":"purchasable","17":"product-type-simple"},"_links":{"self":[{"href":"https:\/\/roveyayinevi.com.tr\/index.php\/wp-json\/wp\/v2\/product\/691405","targetHints":{"allow":["GET"]}}],"collection":[{"href":"https:\/\/roveyayinevi.com.tr\/index.php\/wp-json\/wp\/v2\/product"}],"about":[{"href":"https:\/\/roveyayinevi.com.tr\/index.php\/wp-json\/wp\/v2\/types\/product"}],"wp:attachment":[{"href":"https:\/\/roveyayinevi.com.tr\/index.php\/wp-json\/wp\/v2\/media?parent=691405"}],"wp:term":[{"taxonomy":"product_brand","embeddable":true,"href":"https:\/\/roveyayinevi.com.tr\/index.php\/wp-json\/wp\/v2\/product_brand?post=691405"},{"taxonomy":"product_cat","embeddable":true,"href":"https:\/\/roveyayinevi.com.tr\/index.php\/wp-json\/wp\/v2\/product_cat?post=691405"},{"taxonomy":"product_tag","embeddable":true,"href":"https:\/\/roveyayinevi.com.tr\/index.php\/wp-json\/wp\/v2\/product_tag?post=691405"}],"curies":[{"name":"wp","href":"https:\/\/api.w.org\/{rel}","templated":true}]}}