{"id":691403,"date":"2025-08-27T13:58:11","date_gmt":"2025-08-27T10:58:11","guid":{"rendered":"https:\/\/roveyayinevi.com.tr\/index.php\/urun\/kotulugun-siradanligi\/"},"modified":"2026-04-16T02:00:50","modified_gmt":"2026-04-15T23:00:50","slug":"kotulugun-siradanligi","status":"publish","type":"product","link":"https:\/\/roveyayinevi.com.tr\/index.php\/urun\/kotulugun-siradanligi\/","title":{"rendered":"K\u00f6t\u00fcl\u00fc\u011f\u00fcn S\u0131radanl\u0131\u011f\u0131"},"content":{"rendered":"<p>Yahudi soyk\u0131r\u0131m\u0131 nas\u0131l oldu? Neden oldu? Neden Yahudiler? Neden Almanlar? Di\u011fer devletlerin rol\u00fc neydi? M\u00fcttefikler bundan ne \u00f6l\u00e7\u00fcde sorumluydu? Yahudi liderler kendi insanlar\u0131n\u0131n sonunu haz\u0131rlayanlarla i\u015fbirli\u011fi yapmaya nas\u0131l yana\u015fm\u0131\u015flard\u0131? Yahudiler neden kendi ayaklar\u0131yla \u00f6l\u00fcme gitmi\u015flerdi? \u00dclkemizde \u00f6zellikle totalitarizm \u00fczerine \u00e7al\u0131\u015fmalar\u0131yla tan\u0131nan \u00fcnl\u00fc Alman filozof ve siyaset bilimci Hannah Arendt bu sorular do\u011frultusunda, Nazi Almanyas\u0131 d\u00f6neminde milyonlarca Yahudinin toplama kamplar\u0131na, \u00f6l\u00fcme g\u00f6nderilmesinden sorumlu SS yetkilisi Karl Adolf Eichmann&#8217;\u0131n Kud\u00fcs&#8217;teki yarg\u0131 s\u00fcrecini ele al\u0131yor. Yahudi soyk\u0131r\u0131m\u0131n\u0131n mimar\u0131 olarak sunulan Adolf Eichmann&#8217;\u0131n sadist bir canavardan ziyade, normal, hatta korkutucu derecede normal bir insan oldu\u011funa dikkat \u00e7eken Arendt, \u00f6zellikle d\u00fc\u015f\u00fcnme ve muhakeme yetisinin kaybolmas\u0131yla birlikte k\u00f6t\u00fcl\u00fc\u011f\u00fcn nas\u0131l s\u0131radanla\u015ft\u0131\u011f\u0131n\u0131 vurguluyor. Eichmann duru\u015fmas\u0131ndan yola \u00e7\u0131karak, insanl\u0131k tarihinin d\u00f6n\u00fcm noktalar\u0131ndan birini ve bu d\u00f6nemde ya\u015fanan toptan ahlaki \u00e7\u00f6k\u00fc\u015f\u00fc g\u00f6zler \u00f6n\u00fcne seriyor. \ufffcTan\u0131t\u0131m Metni<\/p>\n","protected":false},"excerpt":{"rendered":"<p>Yahudi soyk\u0131r\u0131m\u0131 nas\u0131l oldu? Neden oldu? Neden Yahudiler? Neden Almanlar? Di\u011fer devletlerin rol\u00fc neydi? M\u00fcttefikler bundan ne \u00f6l\u00e7\u00fcde sorumluydu? Yahudi liderler kendi insanlar\u0131n\u0131n sonunu haz\u0131rlayanlarla i\u015fbirli\u011fi<span class=\"excerpt-hellip\"> [\u2026]<\/span><\/p>\n","protected":false},"featured_media":0,"template":"","meta":{"_monsterinsights_skip_tracking":false,"_monsterinsights_sitenote_active":false,"_monsterinsights_sitenote_note":"","_monsterinsights_sitenote_category":0},"product_brand":[],"product_cat":[12351,12324],"product_tag":[],"class_list":{"0":"post-691403","1":"product","2":"type-product","3":"status-publish","5":"product_cat-siyaset-sosyolojisi","6":"product_cat-sosyoloji","7":"pa_cilt-ciltsiz","8":"pa_tur-kitap","9":"pa_yayinevi-metis-yayinlari","10":"pa_yazar-hannah-arendt","12":"first","13":"instock","14":"sale","15":"shipping-taxable","16":"purchasable","17":"product-type-simple"},"_links":{"self":[{"href":"https:\/\/roveyayinevi.com.tr\/index.php\/wp-json\/wp\/v2\/product\/691403","targetHints":{"allow":["GET"]}}],"collection":[{"href":"https:\/\/roveyayinevi.com.tr\/index.php\/wp-json\/wp\/v2\/product"}],"about":[{"href":"https:\/\/roveyayinevi.com.tr\/index.php\/wp-json\/wp\/v2\/types\/product"}],"wp:attachment":[{"href":"https:\/\/roveyayinevi.com.tr\/index.php\/wp-json\/wp\/v2\/media?parent=691403"}],"wp:term":[{"taxonomy":"product_brand","embeddable":true,"href":"https:\/\/roveyayinevi.com.tr\/index.php\/wp-json\/wp\/v2\/product_brand?post=691403"},{"taxonomy":"product_cat","embeddable":true,"href":"https:\/\/roveyayinevi.com.tr\/index.php\/wp-json\/wp\/v2\/product_cat?post=691403"},{"taxonomy":"product_tag","embeddable":true,"href":"https:\/\/roveyayinevi.com.tr\/index.php\/wp-json\/wp\/v2\/product_tag?post=691403"}],"curies":[{"name":"wp","href":"https:\/\/api.w.org\/{rel}","templated":true}]}}