{"id":691402,"date":"2025-08-27T13:58:11","date_gmt":"2025-08-27T10:58:11","guid":{"rendered":"https:\/\/roveyayinevi.com.tr\/index.php\/urun\/malafrena\/"},"modified":"2025-11-22T02:16:09","modified_gmt":"2025-11-21T23:16:09","slug":"malafrena","status":"publish","type":"product","link":"https:\/\/roveyayinevi.com.tr\/index.php\/urun\/malafrena\/","title":{"rendered":"Malafrena"},"content":{"rendered":"<p>Ursula K. Le Guin\u2019in 1979\u2019da kaleme ald\u0131\u011f\u0131 Malafrena, yazar\u0131n di\u011fer baz\u0131 \u00f6yk\u00fclerinden tan\u0131d\u0131\u011f\u0131m\u0131z hayali \u00fclke Orsinya\u2019da ge\u00e7iyor. Fakat yazar\u0131n di\u011fer romanlar\u0131nda da oldu\u011fu gibi, mek\u00e2n hayali olmas\u0131na ra\u011fmen resmedilen ortam ve ele al\u0131nan meseleler son derece ger\u00e7ek\u00e7i. Sans\u00fcr\u00fcn insanlar\u0131 susturdu\u011fu, k\u0131s\u0131tlamalar\u0131n her t\u00fcrl\u00fc muhalefeti engelledi\u011fi, iktidar\u0131n kat\u0131 ve kati bir hal ald\u0131\u011f\u0131 bir \u00fclke Orsinya. Malafrena Vadisi\u2019nde ailesiyle birlikte ya\u015fayan ba\u015fkahraman \u0130tale Sorde, i\u015fte tam da bu ko\u015fullarla m\u00fccadele etmek \u00fczere g\u00fcvenli aile topra\u011f\u0131n\u0131 terk edip siyasi \u00e7alkant\u0131lar\u0131n h\u00fck\u00fcm s\u00fcrd\u00fc\u011f\u00fc ba\u015fkente gidiyor. Amac\u0131, devrimci idealleri do\u011frultusunda toplumun \u00f6zg\u00fcrle\u015fmesine katk\u0131da bulunmak ama t\u00fcm iyi niyetine ra\u011fmen bunun hi\u00e7 de kolay olmad\u0131\u011f\u0131n\u0131 \u00f6\u011freniyor. \ufffc<\/p>\n","protected":false},"excerpt":{"rendered":"<p>Ursula K. Le Guin\u2019in 1979\u2019da kaleme ald\u0131\u011f\u0131 Malafrena, yazar\u0131n di\u011fer baz\u0131 \u00f6yk\u00fclerinden tan\u0131d\u0131\u011f\u0131m\u0131z hayali \u00fclke Orsinya\u2019da ge\u00e7iyor. Fakat yazar\u0131n di\u011fer romanlar\u0131nda da oldu\u011fu gibi, mek\u00e2n hayali<span class=\"excerpt-hellip\"> [\u2026]<\/span><\/p>\n","protected":false},"featured_media":0,"template":"","meta":{"_monsterinsights_skip_tracking":false,"_monsterinsights_sitenote_active":false,"_monsterinsights_sitenote_note":"","_monsterinsights_sitenote_category":0},"product_brand":[],"product_cat":[12891,12291],"product_tag":[],"class_list":{"0":"post-691402","1":"product","2":"type-product","3":"status-publish","5":"product_cat-amerikan-edebiyati","6":"product_cat-edebiyat","7":"pa_cilt-ciltsiz","8":"pa_tur-kitap","9":"pa_yayinevi-metis-yayinlari","10":"pa_yazar-ursula-k-le-guin","12":"first","13":"instock","14":"sale","15":"shipping-taxable","16":"purchasable","17":"product-type-simple"},"_links":{"self":[{"href":"https:\/\/roveyayinevi.com.tr\/index.php\/wp-json\/wp\/v2\/product\/691402","targetHints":{"allow":["GET"]}}],"collection":[{"href":"https:\/\/roveyayinevi.com.tr\/index.php\/wp-json\/wp\/v2\/product"}],"about":[{"href":"https:\/\/roveyayinevi.com.tr\/index.php\/wp-json\/wp\/v2\/types\/product"}],"wp:attachment":[{"href":"https:\/\/roveyayinevi.com.tr\/index.php\/wp-json\/wp\/v2\/media?parent=691402"}],"wp:term":[{"taxonomy":"product_brand","embeddable":true,"href":"https:\/\/roveyayinevi.com.tr\/index.php\/wp-json\/wp\/v2\/product_brand?post=691402"},{"taxonomy":"product_cat","embeddable":true,"href":"https:\/\/roveyayinevi.com.tr\/index.php\/wp-json\/wp\/v2\/product_cat?post=691402"},{"taxonomy":"product_tag","embeddable":true,"href":"https:\/\/roveyayinevi.com.tr\/index.php\/wp-json\/wp\/v2\/product_tag?post=691402"}],"curies":[{"name":"wp","href":"https:\/\/api.w.org\/{rel}","templated":true}]}}