{"id":691400,"date":"2025-08-27T13:58:11","date_gmt":"2025-08-27T10:58:11","guid":{"rendered":"https:\/\/roveyayinevi.com.tr\/index.php\/urun\/agabeyler-anlatiyor-4\/"},"modified":"2026-04-16T02:00:50","modified_gmt":"2026-04-15T23:00:50","slug":"agabeyler-anlatiyor-4","status":"publish","type":"product","link":"https:\/\/roveyayinevi.com.tr\/index.php\/urun\/agabeyler-anlatiyor-4\/","title":{"rendered":"A\u011fabeyler Anlat\u0131yor 4"},"content":{"rendered":"<p>Bedi\u00fczzaman Said Nurs\u00ee \u00e7ilelerle dolu hayat ya\u015fad\u0131. En b\u00fcy\u00fck gayesi, \u00e7evresinde toplanan Nur pervanelerini iman nurunun ayd\u0131nl\u0131\u011f\u0131na ula\u015ft\u0131rmakt\u0131. <\/p>\n","protected":false},"excerpt":{"rendered":"<p>Bedi\u00fczzaman Said Nurs\u00ee \u00e7ilelerle dolu hayat ya\u015fad\u0131. En b\u00fcy\u00fck gayesi, \u00e7evresinde toplanan Nur pervanelerini iman nurunun ayd\u0131nl\u0131\u011f\u0131na ula\u015ft\u0131rmakt\u0131.<\/p>\n","protected":false},"featured_media":0,"template":"","meta":{"_monsterinsights_skip_tracking":false,"_monsterinsights_sitenote_active":false,"_monsterinsights_sitenote_note":"","_monsterinsights_sitenote_category":0},"product_brand":[],"product_cat":[12718,12719,12720],"product_tag":[],"class_list":{"0":"post-691400","1":"product","2":"type-product","3":"status-publish","5":"product_cat-din","6":"product_cat-islam","7":"product_cat-tasavvuf-mezhepler-tarikatlar","8":"pa_tur-kitap","9":"pa_yayinevi-nesil-yayinlari","10":"pa_yazar-omer-ozcan","12":"first","13":"instock","14":"sale","15":"shipping-taxable","16":"purchasable","17":"product-type-simple"},"_links":{"self":[{"href":"https:\/\/roveyayinevi.com.tr\/index.php\/wp-json\/wp\/v2\/product\/691400","targetHints":{"allow":["GET"]}}],"collection":[{"href":"https:\/\/roveyayinevi.com.tr\/index.php\/wp-json\/wp\/v2\/product"}],"about":[{"href":"https:\/\/roveyayinevi.com.tr\/index.php\/wp-json\/wp\/v2\/types\/product"}],"wp:attachment":[{"href":"https:\/\/roveyayinevi.com.tr\/index.php\/wp-json\/wp\/v2\/media?parent=691400"}],"wp:term":[{"taxonomy":"product_brand","embeddable":true,"href":"https:\/\/roveyayinevi.com.tr\/index.php\/wp-json\/wp\/v2\/product_brand?post=691400"},{"taxonomy":"product_cat","embeddable":true,"href":"https:\/\/roveyayinevi.com.tr\/index.php\/wp-json\/wp\/v2\/product_cat?post=691400"},{"taxonomy":"product_tag","embeddable":true,"href":"https:\/\/roveyayinevi.com.tr\/index.php\/wp-json\/wp\/v2\/product_tag?post=691400"}],"curies":[{"name":"wp","href":"https:\/\/api.w.org\/{rel}","templated":true}]}}