{"id":691389,"date":"2025-08-27T13:58:08","date_gmt":"2025-08-27T10:58:08","guid":{"rendered":"https:\/\/roveyayinevi.com.tr\/index.php\/urun\/pulbiber-mahallesi\/"},"modified":"2026-04-16T02:00:50","modified_gmt":"2026-04-15T23:00:50","slug":"pulbiber-mahallesi","status":"publish","type":"product","link":"https:\/\/roveyayinevi.com.tr\/index.php\/urun\/pulbiber-mahallesi\/","title":{"rendered":"Pulbiber Mahallesi"},"content":{"rendered":"<p>\u015eair Didem Madak son kitab\u0131 Pulbiber Mahallesi Metis\u2019ten \u00e7\u0131k\u0131yor. \u0130lk \u015fiirleri Sombahar ve Ludingirra dergilerinde yay\u0131mlanan, Grapon K\u00e2\u011f\u0131tlar\u0131 (\u0130nk\u0131lap, 2000) ve Ah&#8217;lar A\u011fac\u0131 (Everest, 2002) isimli iki kitab\u0131 bulunan Madak, kendine \u00f6zg\u00fc sesi, \u015fiire yakla\u015f\u0131m\u0131 ve hayata bak\u0131\u015f\u0131 ile dikkat \u00e7eken bir \u015fair. \ufffcTan\u0131t\u0131m Metni<\/p>\n","protected":false},"excerpt":{"rendered":"<p>\u015eair Didem Madak son kitab\u0131 Pulbiber Mahallesi Metis\u2019ten \u00e7\u0131k\u0131yor. \u0130lk \u015fiirleri Sombahar ve Ludingirra dergilerinde yay\u0131mlanan, Grapon K\u00e2\u011f\u0131tlar\u0131 (\u0130nk\u0131lap, 2000) ve Ah&#8217;lar A\u011fac\u0131 (Everest, 2002) isimli<span class=\"excerpt-hellip\"> [\u2026]<\/span><\/p>\n","protected":false},"featured_media":0,"template":"","meta":{"_monsterinsights_skip_tracking":false,"_monsterinsights_sitenote_active":false,"_monsterinsights_sitenote_note":"","_monsterinsights_sitenote_category":0},"product_brand":[],"product_cat":[12291,12509],"product_tag":[],"class_list":{"0":"post-691389","1":"product","2":"type-product","3":"status-publish","5":"product_cat-edebiyat","6":"product_cat-siir","7":"pa_cilt-ciltsiz","8":"pa_tur-kitap","9":"pa_yayinevi-metis-yayinlari","10":"pa_yazar-didem-madak","12":"first","13":"instock","14":"sale","15":"shipping-taxable","16":"purchasable","17":"product-type-simple"},"_links":{"self":[{"href":"https:\/\/roveyayinevi.com.tr\/index.php\/wp-json\/wp\/v2\/product\/691389","targetHints":{"allow":["GET"]}}],"collection":[{"href":"https:\/\/roveyayinevi.com.tr\/index.php\/wp-json\/wp\/v2\/product"}],"about":[{"href":"https:\/\/roveyayinevi.com.tr\/index.php\/wp-json\/wp\/v2\/types\/product"}],"wp:attachment":[{"href":"https:\/\/roveyayinevi.com.tr\/index.php\/wp-json\/wp\/v2\/media?parent=691389"}],"wp:term":[{"taxonomy":"product_brand","embeddable":true,"href":"https:\/\/roveyayinevi.com.tr\/index.php\/wp-json\/wp\/v2\/product_brand?post=691389"},{"taxonomy":"product_cat","embeddable":true,"href":"https:\/\/roveyayinevi.com.tr\/index.php\/wp-json\/wp\/v2\/product_cat?post=691389"},{"taxonomy":"product_tag","embeddable":true,"href":"https:\/\/roveyayinevi.com.tr\/index.php\/wp-json\/wp\/v2\/product_tag?post=691389"}],"curies":[{"name":"wp","href":"https:\/\/api.w.org\/{rel}","templated":true}]}}