{"id":691387,"date":"2025-08-27T13:58:08","date_gmt":"2025-08-27T10:58:08","guid":{"rendered":"https:\/\/roveyayinevi.com.tr\/index.php\/urun\/agabeyler-anlatiyor-3\/"},"modified":"2026-04-16T02:00:50","modified_gmt":"2026-04-15T23:00:50","slug":"agabeyler-anlatiyor-3","status":"publish","type":"product","link":"https:\/\/roveyayinevi.com.tr\/index.php\/urun\/agabeyler-anlatiyor-3\/","title":{"rendered":"A\u011fabeyler Anlat\u0131yor 3"},"content":{"rendered":"<p>Risale-i Nur Hizmetk\u00e2rlar\u0131 A\u011fabeyler Anlat\u0131yor serisinin \u00fc\u00e7\u00fcnc\u00fcs\u00fc olan bu kitap -\u00f6ncekilerde oldu\u011fu gibi- istikbaldeki tarih\u00e7ilere sa\u011flam ve g\u00fcvenilir bir kaynak ve mazideki Nur talebeleriyle atidekiler aras\u0131nda k\u00fc\u00e7\u00fck bir k\u00f6pr\u00fc olabilecek nitelikte bir \u00e7al\u0131\u015fma oldu. <\/p>\n","protected":false},"excerpt":{"rendered":"<p>Risale-i Nur Hizmetk\u00e2rlar\u0131 A\u011fabeyler Anlat\u0131yor serisinin \u00fc\u00e7\u00fcnc\u00fcs\u00fc olan bu kitap -\u00f6ncekilerde oldu\u011fu gibi- istikbaldeki tarih\u00e7ilere sa\u011flam ve g\u00fcvenilir bir kaynak ve mazideki Nur talebeleriyle atidekiler aras\u0131nda<span class=\"excerpt-hellip\"> [\u2026]<\/span><\/p>\n","protected":false},"featured_media":0,"template":"","meta":{"_monsterinsights_skip_tracking":false,"_monsterinsights_sitenote_active":false,"_monsterinsights_sitenote_note":"","_monsterinsights_sitenote_category":0},"product_brand":[],"product_cat":[13036,12718,12719],"product_tag":[],"class_list":{"0":"post-691387","1":"product","2":"type-product","3":"status-publish","5":"product_cat-arastirma-inceleme-islam","6":"product_cat-din","7":"product_cat-islam","8":"pa_tur-kitap","9":"pa_yayinevi-nesil-yayinlari","10":"pa_yazar-omer-ozcan","12":"first","13":"instock","14":"sale","15":"shipping-taxable","16":"purchasable","17":"product-type-simple"},"_links":{"self":[{"href":"https:\/\/roveyayinevi.com.tr\/index.php\/wp-json\/wp\/v2\/product\/691387","targetHints":{"allow":["GET"]}}],"collection":[{"href":"https:\/\/roveyayinevi.com.tr\/index.php\/wp-json\/wp\/v2\/product"}],"about":[{"href":"https:\/\/roveyayinevi.com.tr\/index.php\/wp-json\/wp\/v2\/types\/product"}],"wp:attachment":[{"href":"https:\/\/roveyayinevi.com.tr\/index.php\/wp-json\/wp\/v2\/media?parent=691387"}],"wp:term":[{"taxonomy":"product_brand","embeddable":true,"href":"https:\/\/roveyayinevi.com.tr\/index.php\/wp-json\/wp\/v2\/product_brand?post=691387"},{"taxonomy":"product_cat","embeddable":true,"href":"https:\/\/roveyayinevi.com.tr\/index.php\/wp-json\/wp\/v2\/product_cat?post=691387"},{"taxonomy":"product_tag","embeddable":true,"href":"https:\/\/roveyayinevi.com.tr\/index.php\/wp-json\/wp\/v2\/product_tag?post=691387"}],"curies":[{"name":"wp","href":"https:\/\/api.w.org\/{rel}","templated":true}]}}