{"id":691385,"date":"2025-08-27T13:58:08","date_gmt":"2025-08-27T10:58:08","guid":{"rendered":"https:\/\/roveyayinevi.com.tr\/index.php\/urun\/63-yila-adanmis-63-mektup\/"},"modified":"2026-04-16T02:00:50","modified_gmt":"2026-04-15T23:00:50","slug":"63-yila-adanmis-63-mektup","status":"publish","type":"product","link":"https:\/\/roveyayinevi.com.tr\/index.php\/urun\/63-yila-adanmis-63-mektup\/","title":{"rendered":"63 Y\u0131la Adanm\u0131\u015f 63 Mektup"},"content":{"rendered":"<p>Bu bir arz-\u0131 haldir Efendim (a.s.m.). Kutlu \u00f6mr\u00fcne adanm\u0131\u015f. Anlatt\u0131klar\u0131m sadece yazabildiklerimdir.Bu bir arz-\u0131 haldir Efendim. 63 y\u0131l\u0131na ithaf edilmi\u015f, 63 mektuptan olu\u015fan.Kalbimin aynas\u0131ndan yans\u0131yan suretimle \u201csiretini\u201d yazmaya cesaret edi\u015fim, zat\u0131n\u0131n y\u00fcceli\u011fine hayranl\u0131\u011f\u0131mdand\u0131r.Dizdar olmak i\u00e7in kap\u0131na defalarca geli\u015fimdendir.Bu bir arz-\u0131 haldir Efendim. Yoklu\u011fundan soluksuz kald\u0131\u011f\u0131m zamanlarda nefes al\u0131\u015flar\u0131md\u0131r yazd\u0131klar\u0131m. Hasretineyenik d\u00fc\u015ft\u00fc\u011f\u00fcm anlarda visalin m\u00fcjdesidir sat\u0131rlara yans\u0131yan.Bu bir arz-\u0131 haldir g\u00f6z nurum Efendim. Kap\u0131nda verdi\u011fim s\u00f6z mucibince bana izin verdi\u011fin i\u00e7in, binlerce selam sana.Ruhumun \u015fahlan\u0131\u015f\u0131na izin verdi\u011fin i\u00e7in sonsuz selam sana.Bi\u00e7are kelimelerim haddini a\u015ft\u0131ysa e\u011fer, aff\u0131n\u0131n b\u00fcy\u00fckl\u00fc\u011f\u00fcne olan inanc\u0131mdan.Ey Furkan\u2019\u0131n s\u0131rr\u0131 Efendim. Yanl\u0131\u015flar\u0131m\u0131 nurunla \u00f6rtmeni diliyorum.Ey cihan\u0131n sultan\u0131 Efendim. Yazd\u0131klar\u0131mdan raz\u0131 olman\u0131 umuyor, \u015fefaatini bekliyorum.<\/p>\n","protected":false},"excerpt":{"rendered":"<p>Bu bir arz-\u0131 haldir Efendim (a.s.m.). Kutlu \u00f6mr\u00fcne adanm\u0131\u015f. Anlatt\u0131klar\u0131m sadece yazabildiklerimdir.Bu bir arz-\u0131 haldir Efendim. 63 y\u0131l\u0131na ithaf edilmi\u015f, 63 mektuptan olu\u015fan.Kalbimin aynas\u0131ndan yans\u0131yan suretimle<span class=\"excerpt-hellip\"> [\u2026]<\/span><\/p>\n","protected":false},"featured_media":0,"template":"","meta":{"_monsterinsights_skip_tracking":false,"_monsterinsights_sitenote_active":false,"_monsterinsights_sitenote_note":"","_monsterinsights_sitenote_category":0},"product_brand":[],"product_cat":[12782,12291],"product_tag":[],"class_list":{"0":"post-691385","1":"product","2":"type-product","3":"status-publish","5":"product_cat-alman-edebiyati","6":"product_cat-edebiyat","7":"pa_cilt-ciltsiz","8":"pa_tur-kitap","9":"pa_yayinevi-nesil-yayinlari","10":"pa_yazar-ayse-nur-menekse","12":"first","13":"instock","14":"sale","15":"shipping-taxable","16":"purchasable","17":"product-type-simple"},"_links":{"self":[{"href":"https:\/\/roveyayinevi.com.tr\/index.php\/wp-json\/wp\/v2\/product\/691385","targetHints":{"allow":["GET"]}}],"collection":[{"href":"https:\/\/roveyayinevi.com.tr\/index.php\/wp-json\/wp\/v2\/product"}],"about":[{"href":"https:\/\/roveyayinevi.com.tr\/index.php\/wp-json\/wp\/v2\/types\/product"}],"wp:attachment":[{"href":"https:\/\/roveyayinevi.com.tr\/index.php\/wp-json\/wp\/v2\/media?parent=691385"}],"wp:term":[{"taxonomy":"product_brand","embeddable":true,"href":"https:\/\/roveyayinevi.com.tr\/index.php\/wp-json\/wp\/v2\/product_brand?post=691385"},{"taxonomy":"product_cat","embeddable":true,"href":"https:\/\/roveyayinevi.com.tr\/index.php\/wp-json\/wp\/v2\/product_cat?post=691385"},{"taxonomy":"product_tag","embeddable":true,"href":"https:\/\/roveyayinevi.com.tr\/index.php\/wp-json\/wp\/v2\/product_tag?post=691385"}],"curies":[{"name":"wp","href":"https:\/\/api.w.org\/{rel}","templated":true}]}}