{"id":691380,"date":"2025-08-27T13:58:07","date_gmt":"2025-08-27T10:58:07","guid":{"rendered":"https:\/\/roveyayinevi.com.tr\/index.php\/urun\/dugune\/"},"modified":"2026-02-03T02:02:34","modified_gmt":"2026-02-02T23:02:34","slug":"dugune","status":"publish","type":"product","link":"https:\/\/roveyayinevi.com.tr\/index.php\/urun\/dugune\/","title":{"rendered":"D\u00fc\u011f\u00fcne"},"content":{"rendered":"<p>M\u00fczik kan\u0131na kar\u0131\u015f\u0131yor Ninon\u2019un, lenfositlerin, NK\u2019lerin, Beta 2\u2019lerin say\u0131lar\u0131na ba\u015f kald\u0131rarak. M\u00fczik Gino i\u00e7in dizlerimde, diyor v\u00fccudu, m\u00fczik k\u00fcrek kemiklerimin alt\u0131nda, kal\u00e7a kemi\u011fimin aras\u0131nda&#8230; Gino i\u00e7in m\u00fczik, parmaklar\u0131m\u0131n k\u00fc\u00e7\u00fck kemiklerinde, pankreas\u0131mda ve beni \u00f6ld\u00fcrecek olan vir\u00fcs\u00fcmde, yapamayaca\u011f\u0131m her siktirik \u015feyde ve g\u00f6zlerimin sordu\u011fu kar\u015f\u0131l\u0131ks\u0131z sorularda senin m\u00fczi\u011finle birlikte \u00e7al\u0131nan m\u00fczik var Gino. M\u00fczik duruyor, Gino, Ninon\u2019a bak\u0131yor ve: Mutluluk \u00fcst\u00fcne tek s\u00f6z s\u00f6ylemeden bunu ger\u00e7ekle\u015ftirebiliriz, de\u011fil mi? diyor. Ninon duraks\u0131yor, sonra g\u00f6zleri mutluluktan ya\u015fla dolu, Gino\u2019yu dudaklar\u0131ndan \u00f6p\u00fcyor. Sonsuzluktan \u00f6nce ne yapaca\u011f\u0131z? Acele etmeyece\u011fiz. <\/p>\n","protected":false},"excerpt":{"rendered":"<p>M\u00fczik kan\u0131na kar\u0131\u015f\u0131yor Ninon\u2019un, lenfositlerin, NK\u2019lerin, Beta 2\u2019lerin say\u0131lar\u0131na ba\u015f kald\u0131rarak. M\u00fczik Gino i\u00e7in dizlerimde, diyor v\u00fccudu, m\u00fczik k\u00fcrek kemiklerimin alt\u0131nda, kal\u00e7a kemi\u011fimin aras\u0131nda&#8230; Gino i\u00e7in<span class=\"excerpt-hellip\"> [\u2026]<\/span><\/p>\n","protected":false},"featured_media":0,"template":"","meta":{"_monsterinsights_skip_tracking":false,"_monsterinsights_sitenote_active":false,"_monsterinsights_sitenote_note":"","_monsterinsights_sitenote_category":0},"product_brand":[],"product_cat":[12291,12866],"product_tag":[],"class_list":{"0":"post-691380","1":"product","2":"type-product","3":"status-publish","5":"product_cat-edebiyat","6":"product_cat-ingiliz-edebiyati","7":"pa_cilt-ciltsiz","8":"pa_tur-kitap","9":"pa_yayinevi-metis-yayinlari","10":"pa_yazar-john-berger","12":"first","13":"instock","14":"sale","15":"shipping-taxable","16":"purchasable","17":"product-type-simple"},"_links":{"self":[{"href":"https:\/\/roveyayinevi.com.tr\/index.php\/wp-json\/wp\/v2\/product\/691380","targetHints":{"allow":["GET"]}}],"collection":[{"href":"https:\/\/roveyayinevi.com.tr\/index.php\/wp-json\/wp\/v2\/product"}],"about":[{"href":"https:\/\/roveyayinevi.com.tr\/index.php\/wp-json\/wp\/v2\/types\/product"}],"wp:attachment":[{"href":"https:\/\/roveyayinevi.com.tr\/index.php\/wp-json\/wp\/v2\/media?parent=691380"}],"wp:term":[{"taxonomy":"product_brand","embeddable":true,"href":"https:\/\/roveyayinevi.com.tr\/index.php\/wp-json\/wp\/v2\/product_brand?post=691380"},{"taxonomy":"product_cat","embeddable":true,"href":"https:\/\/roveyayinevi.com.tr\/index.php\/wp-json\/wp\/v2\/product_cat?post=691380"},{"taxonomy":"product_tag","embeddable":true,"href":"https:\/\/roveyayinevi.com.tr\/index.php\/wp-json\/wp\/v2\/product_tag?post=691380"}],"curies":[{"name":"wp","href":"https:\/\/api.w.org\/{rel}","templated":true}]}}