{"id":691379,"date":"2025-08-27T13:58:06","date_gmt":"2025-08-27T10:58:06","guid":{"rendered":"https:\/\/roveyayinevi.com.tr\/index.php\/urun\/itibar-yonetimi\/"},"modified":"2026-04-16T02:00:50","modified_gmt":"2026-04-15T23:00:50","slug":"itibar-yonetimi","status":"publish","type":"product","link":"https:\/\/roveyayinevi.com.tr\/index.php\/urun\/itibar-yonetimi\/","title":{"rendered":"\u0130tibar Y\u00f6netimi"},"content":{"rendered":"<p>Salim Kad\u0131be\u015fegil itibar y\u00f6netimini yaln\u0131z ulusal delil ve olaylarla de\u011fil, uluslararas\u0131 ve \u00e7ok boyutlu bir bak\u0131\u015f a\u00e7\u0131s\u0131 ile ele al\u0131p sevk ve idarenin merkezine yerle\u015ftiriyor, b\u00f6ylece T\u00fcrk i\u015f alemine \u0131\u015f\u0131k tutuyor, yol g\u00f6steriyor. &#8211; Tu\u011frul Kudatgobilik \/ T\u0130SK Ba\u015fkan\u0131 Salim Kad\u0131be\u015fegil bir \u2018itibar sava\u015f\u00e7\u0131s\u0131\u2019 gibi m\u00fccadele etti. Bu alandaki ilk kitab\u0131 yazd\u0131. \u00c7ok say\u0131da \u015firkete dan\u0131\u015fmanl\u0131k yapt\u0131 ve konunun onlar\u0131n g\u00fcndemine girmesine katk\u0131da bulundu. Salim T\u00fcrkiye\u2019de bu konuda g\u00f6r\u00fc\u015f\u00fcne sayg\u0131 duyabilecekler aras\u0131nda ilk s\u0131rada yer al\u0131r. &#8211; Rauf Ate\u015f \/ Capital ve Ekonomist dergileri yay\u0131n Direkt\u00f6r\u00fc Salim Kad\u0131be\u015fegil itibara yat\u0131r\u0131m yapman\u0131n geri d\u00f6n\u00fc\u015f\u00fcn\u00fc, deneyimlerinin s\u00fczgecinden ge\u00e7irdi\u011fi \u00f6rnek ve yorumlarla son derece kolay ve anla\u015f\u0131l\u0131r bir dille anlat\u0131yor. Kitapta, kurumsal itibar\u0131n y\u00f6neltilmesi gibi olduk\u00e7a karma\u015f\u0131k bir konu, bir roman ak\u0131c\u0131l\u0131\u011f\u0131nda okuyucuya sunuluyor. &#8211; Prof. Dr. Acar Balta\u015f Dostum Salim Kad\u0131be\u015fegil\u2019e hi\u00e7 ihmal etmedi\u011fi bilgi \u00fcretme ve payla\u015fma \u00e7abas\u0131 i\u00e7in \u00e7ok te\u015fekk\u00fcr ediyorum. Bu kitab\u0131n, \u00fclkemizde kurumsal itibar konusunda yeni \u00e7al\u0131\u015fmalara \u0131\u015f\u0131k tutaca\u011f\u0131na inan\u0131yorum. &#8211; Prof. Dr. Haluk G\u00fcrgen Bilginin \u00e7ok ancak nitelikli bilginin hala nadir oldu\u011fu bu d\u00fcnyada, belki de en \u00f6nemli mesele, bildiklerimizi hayata nas\u0131l aktaraca\u011f\u0131m\u0131z noktas\u0131nda d\u00fc\u011f\u00fcmleniyor. Salim Kad\u0131be\u015fegil\u2019in, itibar\u0131n ne oldu\u011fundan ziyade nas\u0131l y\u00f6netilece\u011fine dair gayreti alk\u0131\u015fa de\u011fer. &#8211; Dr. \u015eeref O\u011fuz Salim Kad\u0131be\u015fegil, uzman\u0131 olud\u011fu itibar y\u00f6netimi konusunu, bir solukta okunan, \u00fczerinde d\u00fc\u015f\u00fcnd\u00fcren, tekrar tekrar d\u00f6n\u00fcp g\u00f6z at\u0131lacak bir kitaba d\u00f6n\u00fc\u015ft\u00fcrmeyi ba\u015farm\u0131\u015f. Bu kitap itibar\u0131n\u0131z\u0131n \u00f6m\u00fcr boyu sizinle olmas\u0131n\u0131n yollar\u0131n\u0131 g\u00f6steriyor. &#8211; Cem Top\u00e7uo\u011flu \/ TBWA \u0130stanbul Ba\u015fkan\u0131 <\/p>\n","protected":false},"excerpt":{"rendered":"<p>Salim Kad\u0131be\u015fegil itibar y\u00f6netimini yaln\u0131z ulusal delil ve olaylarla de\u011fil, uluslararas\u0131 ve \u00e7ok boyutlu bir bak\u0131\u015f a\u00e7\u0131s\u0131 ile ele al\u0131p sevk ve idarenin merkezine yerle\u015ftiriyor, b\u00f6ylece<span class=\"excerpt-hellip\"> [\u2026]<\/span><\/p>\n","protected":false},"featured_media":0,"template":"","meta":{"_monsterinsights_skip_tracking":false,"_monsterinsights_sitenote_active":false,"_monsterinsights_sitenote_note":"","_monsterinsights_sitenote_category":0},"product_brand":[],"product_cat":[13043,14754],"product_tag":[],"class_list":{"0":"post-691379","1":"product","2":"type-product","3":"status-publish","5":"product_cat-ekonomi","6":"product_cat-halkla-iliskiler-insan-kaynaklari","7":"pa_cilt-ciltsiz","8":"pa_tur-kitap","9":"pa_yayinevi-mediacat-kitaplari","10":"pa_yazar-salim-kadibesegil","12":"first","13":"instock","14":"sale","15":"shipping-taxable","16":"purchasable","17":"product-type-simple"},"_links":{"self":[{"href":"https:\/\/roveyayinevi.com.tr\/index.php\/wp-json\/wp\/v2\/product\/691379","targetHints":{"allow":["GET"]}}],"collection":[{"href":"https:\/\/roveyayinevi.com.tr\/index.php\/wp-json\/wp\/v2\/product"}],"about":[{"href":"https:\/\/roveyayinevi.com.tr\/index.php\/wp-json\/wp\/v2\/types\/product"}],"wp:attachment":[{"href":"https:\/\/roveyayinevi.com.tr\/index.php\/wp-json\/wp\/v2\/media?parent=691379"}],"wp:term":[{"taxonomy":"product_brand","embeddable":true,"href":"https:\/\/roveyayinevi.com.tr\/index.php\/wp-json\/wp\/v2\/product_brand?post=691379"},{"taxonomy":"product_cat","embeddable":true,"href":"https:\/\/roveyayinevi.com.tr\/index.php\/wp-json\/wp\/v2\/product_cat?post=691379"},{"taxonomy":"product_tag","embeddable":true,"href":"https:\/\/roveyayinevi.com.tr\/index.php\/wp-json\/wp\/v2\/product_tag?post=691379"}],"curies":[{"name":"wp","href":"https:\/\/api.w.org\/{rel}","templated":true}]}}