{"id":691378,"date":"2025-08-27T13:58:06","date_gmt":"2025-08-27T10:58:06","guid":{"rendered":"https:\/\/roveyayinevi.com.tr\/index.php\/urun\/dort-arketip-otekini-dinlemek-dizisi-14-die-archetypen-und-das-kollektive-unbewusste\/"},"modified":"2026-04-16T02:00:50","modified_gmt":"2026-04-15T23:00:50","slug":"dort-arketip-otekini-dinlemek-dizisi-14-die-archetypen-und-das-kollektive-unbewusste","status":"publish","type":"product","link":"https:\/\/roveyayinevi.com.tr\/index.php\/urun\/dort-arketip-otekini-dinlemek-dizisi-14-die-archetypen-und-das-kollektive-unbewusste\/","title":{"rendered":"D\u00f6rt Arketip &#8211; \u00d6tekini Dinlemek Dizisi 14 (Die Archetypen und das kollektive Unbewusste)"},"content":{"rendered":"<p>T\u0131p ve psikiyatri k\u00f6kenli bir ruh \u00e7\u00f6z\u00fcmlemecisi olan Jungun, psikolojik tiplemeler, kompleksler teorisi ve s\u00f6zc\u00fck \u00e7a\u011fr\u0131\u015f\u0131m testi gibi \u00f6zg\u00fcn bilimsel katk\u0131lar\u0131 g\u00fcn\u00fcm\u00fcz psikolojisi ve psikiyatrisi i\u00e7inde h\u00e2l\u00e2 yerini korumaktad\u0131r. Bunun \u00f6tesinde, bug\u00fcn Jungu bir ekol olarak anmam\u0131z\u0131n nedeni, b\u00fct\u00fcn insan bilimlerine yans\u0131yan t\u00fcrev ve etkileriyle &#8220;simge&#8221; alan\u0131ndaki \u00e7al\u0131\u015fmalar\u0131, ve ki\u015fisel ya da kolektif bilin\u00e7d\u0131\u015f\u0131n\u0131n dinamiklerini ve g\u00f6r\u00fcng\u00fclerini irdeleyen yap\u0131tlar\u0131d\u0131r. Jung d\u00fc\u015f\u00fcncesinin antropolojiden teoloji ve felsefeye, etnolojiden sosyolojiye \u00e7ok geni\u015f bir alanda kal\u0131c\u0131 izleri vard\u0131r. \u00d6tekini Dinlemek uzmanla\u015fm\u0131\u015f bir dizi. Ama dizide yer alacak b\u00fct\u00fcn kitaplar do\u011frudan insana dair. Hayatlar\u0131m\u0131za, kendi ki\u015fisel deneyim alan\u0131m\u0131za, ana babalar\u0131m\u0131za, onlarla ili\u015fkilerimize, zor b\u00fcy\u00fcme y\u0131llar\u0131m\u0131za dair bir bilgi&#8230; Kendimiz ve di\u011fer insanlarla ilgili sezgilerimizi geli\u015ftirmemize yard\u0131mc\u0131 olacak, yeni kavray\u0131\u015f imk\u00e2nlar\u0131 verecek ve ku\u015fkusuz \u00f6\u011frenirken herkesin kendi deneyimleriyle s\u0131nayaca\u011f\u0131 t\u00fcrden bir bilgi&#8230; Psikiyatri ve psikanaliz alan\u0131nda y\u00fczy\u0131l boyunca yaz\u0131lm\u0131\u015f temel yap\u0131tlar\u0131 bir k\u00fct\u00fcphane olu\u015fturacak kapsamda bir araya getirirken bunu ama\u00e7lad\u0131k. <\/p>\n","protected":false},"excerpt":{"rendered":"<p>T\u0131p ve psikiyatri k\u00f6kenli bir ruh \u00e7\u00f6z\u00fcmlemecisi olan Jungun, psikolojik tiplemeler, kompleksler teorisi ve s\u00f6zc\u00fck \u00e7a\u011fr\u0131\u015f\u0131m testi gibi \u00f6zg\u00fcn bilimsel katk\u0131lar\u0131 g\u00fcn\u00fcm\u00fcz psikolojisi ve psikiyatrisi i\u00e7inde<span class=\"excerpt-hellip\"> [\u2026]<\/span><\/p>\n","protected":false},"featured_media":0,"template":"","meta":{"_monsterinsights_skip_tracking":false,"_monsterinsights_sitenote_active":false,"_monsterinsights_sitenote_note":"","_monsterinsights_sitenote_category":0},"product_brand":[],"product_cat":[12358,12357],"product_tag":[],"class_list":{"0":"post-691378","1":"product","2":"type-product","3":"status-publish","5":"product_cat-genel-psikoloji","6":"product_cat-psikoloji","7":"pa_cilt-ciltsiz","8":"pa_tur-kitap","9":"pa_yayinevi-metis-yayinlari","10":"pa_yazar-carl-gustav-jung","12":"first","13":"instock","14":"sale","15":"shipping-taxable","16":"purchasable","17":"product-type-simple"},"_links":{"self":[{"href":"https:\/\/roveyayinevi.com.tr\/index.php\/wp-json\/wp\/v2\/product\/691378","targetHints":{"allow":["GET"]}}],"collection":[{"href":"https:\/\/roveyayinevi.com.tr\/index.php\/wp-json\/wp\/v2\/product"}],"about":[{"href":"https:\/\/roveyayinevi.com.tr\/index.php\/wp-json\/wp\/v2\/types\/product"}],"wp:attachment":[{"href":"https:\/\/roveyayinevi.com.tr\/index.php\/wp-json\/wp\/v2\/media?parent=691378"}],"wp:term":[{"taxonomy":"product_brand","embeddable":true,"href":"https:\/\/roveyayinevi.com.tr\/index.php\/wp-json\/wp\/v2\/product_brand?post=691378"},{"taxonomy":"product_cat","embeddable":true,"href":"https:\/\/roveyayinevi.com.tr\/index.php\/wp-json\/wp\/v2\/product_cat?post=691378"},{"taxonomy":"product_tag","embeddable":true,"href":"https:\/\/roveyayinevi.com.tr\/index.php\/wp-json\/wp\/v2\/product_tag?post=691378"}],"curies":[{"name":"wp","href":"https:\/\/api.w.org\/{rel}","templated":true}]}}