{"id":691375,"date":"2025-08-27T13:58:06","date_gmt":"2025-08-27T10:58:06","guid":{"rendered":"https:\/\/roveyayinevi.com.tr\/index.php\/urun\/cok-tuhaf-cok-tanidik-vesikali-yarim-uzerine\/"},"modified":"2026-04-16T02:00:50","modified_gmt":"2026-04-15T23:00:50","slug":"cok-tuhaf-cok-tanidik-vesikali-yarim-uzerine","status":"publish","type":"product","link":"https:\/\/roveyayinevi.com.tr\/index.php\/urun\/cok-tuhaf-cok-tanidik-vesikali-yarim-uzerine\/","title":{"rendered":"\u00c7ok Tuhaf \u00c7ok Tan\u0131d\u0131k: Vesikal\u0131 Yarim \u00dczerine"},"content":{"rendered":"<p>L\u00fctf\u00fc Akad&#8217;\u0131n 1968 tarihli k\u00fclt filmi Vesikal\u0131 Yarim, seyircisini s\u0131rad\u0131\u015f\u0131 bir deneyime s\u00fcr\u00fckler. Her\u015fey bir Ye\u015fil\u00e7am melodram\u0131ndan beklenece\u011fi gibidir, \u00e7ok tan\u0131d\u0131kt\u0131r. Ama ayn\u0131 zamanda \u00e7ok tuhaf bir\u015feyler vard\u0131r bu filmde &#8211; ad\u0131 koyulamayan, a\u00e7\u0131klamaya direnen, onu di\u011fer Ye\u015fil\u00e7am filmlerinden ay\u0131ran bir tuhafl\u0131k&#8230;  Bir grup \u00e7al\u0131\u015fmas\u0131 olan \u00c7ok Tuhaf \u00c7ok Tan\u0131d\u0131k i\u015fte bunun nedenini ara\u015ft\u0131r\u0131yor. Vesikal\u0131 Yarim&#8217;i unutulmaz bir sanat yap\u0131t\u0131 haline getirenin tam da bu \u00f6zelli\u011fi oldu\u011funu, i\u00e7inde yer ald\u0131\u011f\u0131 sinema gelene\u011finin bildik, tan\u0131d\u0131k motiflerini ta\u015f\u0131d\u0131\u011f\u0131 halde bunlara farkl\u0131 anlat\u0131sal ve estetik \u00e7\u00f6z\u00fcmler getirdi\u011fini s\u00f6yl\u00fcyor. Filmin anlat\u0131sal i\u00e7eri\u011fi kadar, estetik \u00f6zelliklerine de hakk\u0131n\u0131 veren bir \u00e7\u00f6z\u00fcmleme tarz\u0131 var bu incelemenin. Bir yandan filmin T\u00fcrk modernle\u015fmesinin temel sorunlar\u0131yla ba\u011f\u0131n\u0131 sergilerken, di\u011fer yandan filmin bi\u00e7imsel yap\u0131s\u0131n\u0131n, ba\u015fta hi\u00e7 d\u00fc\u015f\u00fcn\u00fclmemi\u015f i\u00e7erikleri m\u00fcmk\u00fcn k\u0131lan, onlar\u0131n yolunu a\u00e7an mant\u0131\u011f\u0131n\u0131 ortaya \u00e7\u0131kar\u0131yor.  Bir filmin, daha genelde bir k\u00fclt\u00fcrel \u00fcr\u00fcn\u00fcn nas\u0131l &#8220;okunabilece\u011finin&#8221; ba\u015far\u0131l\u0131 bir \u00f6rne\u011fi olarak sunuyoruz bu kitab\u0131. \u015eu sorulabilir: Seyretmek ve keyfini \u00e7\u0131kartmak varken neden de\u015fifre etmeye \u00e7al\u0131\u015fal\u0131m ki bir filmi? Cevaplardan biri, sanat\u0131 sanat yapan \u015feyi ger\u00e7ekten \u00f6\u011frenebilmek i\u00e7indir. Ama galiba ba\u015fka bir cevap daha \u00f6nemli: Yeniden b\u00fcy\u00fclenebilmenin ilk \u015fart\u0131, \u00f6nceki b\u00fcy\u00fclerden kurtulabilmektir. <\/p>\n","protected":false},"excerpt":{"rendered":"<p>L\u00fctf\u00fc Akad&#8217;\u0131n 1968 tarihli k\u00fclt filmi Vesikal\u0131 Yarim, seyircisini s\u0131rad\u0131\u015f\u0131 bir deneyime s\u00fcr\u00fckler. Her\u015fey bir Ye\u015fil\u00e7am melodram\u0131ndan beklenece\u011fi gibidir, \u00e7ok tan\u0131d\u0131kt\u0131r. Ama ayn\u0131 zamanda \u00e7ok tuhaf<span class=\"excerpt-hellip\"> [\u2026]<\/span><\/p>\n","protected":false},"featured_media":0,"template":"","meta":{"_monsterinsights_skip_tracking":false,"_monsterinsights_sitenote_active":false,"_monsterinsights_sitenote_note":"","_monsterinsights_sitenote_category":0},"product_brand":[],"product_cat":[12409,12408],"product_tag":[],"class_list":{"0":"post-691375","1":"product","2":"type-product","3":"status-publish","5":"product_cat-fotograf-sinema-tiyatro","6":"product_cat-sanat","7":"pa_cilt-ciltsiz","8":"pa_tur-kitap","9":"pa_yayinevi-metis-yayinlari","10":"pa_yazar-nilgun-abisel","11":"pa_yazar-umut-tumay-arslan","13":"first","14":"instock","15":"sale","16":"shipping-taxable","17":"purchasable","18":"product-type-simple"},"_links":{"self":[{"href":"https:\/\/roveyayinevi.com.tr\/index.php\/wp-json\/wp\/v2\/product\/691375","targetHints":{"allow":["GET"]}}],"collection":[{"href":"https:\/\/roveyayinevi.com.tr\/index.php\/wp-json\/wp\/v2\/product"}],"about":[{"href":"https:\/\/roveyayinevi.com.tr\/index.php\/wp-json\/wp\/v2\/types\/product"}],"wp:attachment":[{"href":"https:\/\/roveyayinevi.com.tr\/index.php\/wp-json\/wp\/v2\/media?parent=691375"}],"wp:term":[{"taxonomy":"product_brand","embeddable":true,"href":"https:\/\/roveyayinevi.com.tr\/index.php\/wp-json\/wp\/v2\/product_brand?post=691375"},{"taxonomy":"product_cat","embeddable":true,"href":"https:\/\/roveyayinevi.com.tr\/index.php\/wp-json\/wp\/v2\/product_cat?post=691375"},{"taxonomy":"product_tag","embeddable":true,"href":"https:\/\/roveyayinevi.com.tr\/index.php\/wp-json\/wp\/v2\/product_tag?post=691375"}],"curies":[{"name":"wp","href":"https:\/\/api.w.org\/{rel}","templated":true}]}}