{"id":691374,"date":"2025-08-27T13:58:05","date_gmt":"2025-08-27T10:58:05","guid":{"rendered":"https:\/\/roveyayinevi.com.tr\/index.php\/urun\/cocugun-oykusu\/"},"modified":"2026-04-16T02:00:50","modified_gmt":"2026-04-15T23:00:50","slug":"cocugun-oykusu","status":"publish","type":"product","link":"https:\/\/roveyayinevi.com.tr\/index.php\/urun\/cocugun-oykusu\/","title":{"rendered":"\u00c7ocu\u011fun \u00d6yk\u00fcs\u00fc"},"content":{"rendered":"<p>\u00c7ocuk, caml\u0131 b\u00f6lmenin ard\u0131nda g\u00f6sterildi\u011finde, yeti\u015fkin yeni do\u011fmu\u015f bir bebek de\u011fil, eksik bir insan g\u00f6rd\u00fc orada&#8230; Peter Handke\u2019nin bu anlat\u0131s\u0131 da t\u0131pk\u0131 Solak Kad\u0131n gibi, ya\u015fama denen ak\u0131\u015f\u0131n ortas\u0131nda durup yeni bir deneyime a\u00e7\u0131lmay\u0131 isteyen birinin, bir baba n\u0131n ba\u015f\u0131ndan ge\u00e7enler. \u00c7ocukla birlikte hayat\u0131 yeniden tan\u0131mlayan, g\u00f6ren, dinleyen ve de\u011fi\u015fen birinin \u00f6yk\u00fcs\u00fc; ba\u015fka bir deyi\u015fle, \u00e7ocu\u011fun \u00f6yk\u00fcs\u00fc ile tamamlanan bir baban\u0131n \u00f6yk\u00fcs\u00fc ; gene ba\u015fka bir deyi\u015fle, ileride bir zaman bir \u00e7ocukla birlikte ya\u015fama d\u00fc\u015f\u00fcn\u00fc ger\u00e7ekle\u015ftirmenin g\u00fcncesi&#8230; <\/p>\n","protected":false},"excerpt":{"rendered":"<p>\u00c7ocuk, caml\u0131 b\u00f6lmenin ard\u0131nda g\u00f6sterildi\u011finde, yeti\u015fkin yeni do\u011fmu\u015f bir bebek de\u011fil, eksik bir insan g\u00f6rd\u00fc orada&#8230; Peter Handke\u2019nin bu anlat\u0131s\u0131 da t\u0131pk\u0131 Solak Kad\u0131n gibi, ya\u015fama<span class=\"excerpt-hellip\"> [\u2026]<\/span><\/p>\n","protected":false},"featured_media":0,"template":"","meta":{"_monsterinsights_skip_tracking":false,"_monsterinsights_sitenote_active":false,"_monsterinsights_sitenote_note":"","_monsterinsights_sitenote_category":0},"product_brand":[],"product_cat":[12782,12291],"product_tag":[],"class_list":{"0":"post-691374","1":"product","2":"type-product","3":"status-publish","5":"product_cat-alman-edebiyati","6":"product_cat-edebiyat","7":"pa_cilt-ciltsiz","8":"pa_tur-kitap","9":"pa_yayinevi-metis-yayinlari","10":"pa_yazar-peter-handke","12":"first","13":"instock","14":"sale","15":"shipping-taxable","16":"purchasable","17":"product-type-simple"},"_links":{"self":[{"href":"https:\/\/roveyayinevi.com.tr\/index.php\/wp-json\/wp\/v2\/product\/691374","targetHints":{"allow":["GET"]}}],"collection":[{"href":"https:\/\/roveyayinevi.com.tr\/index.php\/wp-json\/wp\/v2\/product"}],"about":[{"href":"https:\/\/roveyayinevi.com.tr\/index.php\/wp-json\/wp\/v2\/types\/product"}],"wp:attachment":[{"href":"https:\/\/roveyayinevi.com.tr\/index.php\/wp-json\/wp\/v2\/media?parent=691374"}],"wp:term":[{"taxonomy":"product_brand","embeddable":true,"href":"https:\/\/roveyayinevi.com.tr\/index.php\/wp-json\/wp\/v2\/product_brand?post=691374"},{"taxonomy":"product_cat","embeddable":true,"href":"https:\/\/roveyayinevi.com.tr\/index.php\/wp-json\/wp\/v2\/product_cat?post=691374"},{"taxonomy":"product_tag","embeddable":true,"href":"https:\/\/roveyayinevi.com.tr\/index.php\/wp-json\/wp\/v2\/product_tag?post=691374"}],"curies":[{"name":"wp","href":"https:\/\/api.w.org\/{rel}","templated":true}]}}