{"id":691371,"date":"2025-08-27T13:58:05","date_gmt":"2025-08-27T10:58:05","guid":{"rendered":"https:\/\/roveyayinevi.com.tr\/index.php\/urun\/sanatin-sonu\/"},"modified":"2026-04-16T02:00:50","modified_gmt":"2026-04-15T23:00:50","slug":"sanatin-sonu","status":"publish","type":"product","link":"https:\/\/roveyayinevi.com.tr\/index.php\/urun\/sanatin-sonu\/","title":{"rendered":"Sanat\u0131n Sonu"},"content":{"rendered":"<p>Postmodern sanat anlay\u0131\u015f\u0131, neyin sanat olup neyin olmad\u0131\u011f\u0131 konusunda bir s\u00fcredir hararetli bir tart\u0131\u015fmaya ve kafa kar\u0131\u015f\u0131kl\u0131\u011f\u0131na yol a\u00e7\u0131yor. G\u00fcn\u00fcm\u00fczde sanat ve sanat eseri piyasa, moda, milyon dolarlar, pazarlama, marka gibi kelimelerle birlikte an\u0131l\u0131yor. Bunlara e\u015flik eden puslu havada, sezilen ama bir t\u00fcrl\u00fc ad\u0131 koyulamayan bir \u015fey var. Tan\u0131nm\u0131\u015f sanat ele\u015ftirmeni Donald Kuspit\u2019in kitab\u0131 i\u015fte tam da bu ifade edilemeyen \u015fey \u00fczerine. Son derece baya\u011f\u0131, iz b\u0131rakmayan, s\u0131\u011f postmodern \u00e7al\u0131\u015fmalarla dolu bir sergi salonunda izleyicinin hissetti\u011fi s\u0131k\u0131nt\u0131n\u0131n ard\u0131ndaki ger\u00e7ek: Bunlar sanat eseri de\u011fil, bu y\u00fczden de ger\u00e7ek sanat\u0131n hissettirdiklerini hissettiremezler. Bu t\u00fcr eserleri tan\u0131mlamak i\u00e7in Alan Kaprow\u2019un  postsanat  terimini kullanan ve postmodern sanat\u0131n asl\u0131nda sanat\u0131n sonu anlam\u0131na geldi\u011fini, \u00e7\u00fcnk\u00fc esteti\u011fin itibar\u0131n\u0131 kaybetti\u011fini \u00f6ne s\u00fcren Kuspit, tinsel de\u011ferlere inanan sanat\u00e7\u0131 tipinin yerini nas\u0131l pazar\u0131n taleplerine g\u00f6bekten ba\u011fl\u0131 postsanat\u00e7\u0131 tipinin ald\u0131\u011f\u0131n\u0131 anlat\u0131yor. Marcel Duchamp ve Barnett Newman\u2019\u0131n \u00e7al\u0131\u015fmalar\u0131n\u0131 ve kuramsal fikirlerini titizlikle de\u011ferlendirerek, sanattaki bu de\u011fer kayb\u0131n\u0131n modern sanat\u0131n entropik karakterinden ayr\u0131lamayaca\u011f\u0131na dikkat \u00e7ekiyor, var\u0131lan noktay\u0131 estetik kar\u015f\u0131t\u0131 postmodern sanat olarak nitelendiriyor. Yirminci y\u00fczy\u0131l boyunca sanat\u0131n katetti\u011fi yol \u00fczerine keskin g\u00f6zlemler i\u00e7eren kitap, g\u00f6rsel sanatlar\u0131n halihaz\u0131rdaki \u00e7\u0131kmazlar\u0131n\u0131 g\u00f6sterdi\u011fi gibi, bu s\u0131k\u0131\u015fman\u0131n ta\u015f\u0131d\u0131\u011f\u0131 imk\u00e2nlara da i\u015faret ediyor. <\/p>\n","protected":false},"excerpt":{"rendered":"<p>Postmodern sanat anlay\u0131\u015f\u0131, neyin sanat olup neyin olmad\u0131\u011f\u0131 konusunda bir s\u00fcredir hararetli bir tart\u0131\u015fmaya ve kafa kar\u0131\u015f\u0131kl\u0131\u011f\u0131na yol a\u00e7\u0131yor. G\u00fcn\u00fcm\u00fczde sanat ve sanat eseri piyasa, moda,<span class=\"excerpt-hellip\"> [\u2026]<\/span><\/p>\n","protected":false},"featured_media":0,"template":"","meta":{"_monsterinsights_skip_tracking":false,"_monsterinsights_sitenote_active":false,"_monsterinsights_sitenote_note":"","_monsterinsights_sitenote_category":0},"product_brand":[],"product_cat":[12408,14197],"product_tag":[],"class_list":{"0":"post-691371","1":"product","2":"type-product","3":"status-publish","5":"product_cat-sanat","6":"product_cat-sanat-tarihi","7":"pa_cilt-ciltsiz","8":"pa_tur-kitap","9":"pa_yayinevi-metis-yayinlari","10":"pa_yazar-donald-kuspit","12":"first","13":"instock","14":"sale","15":"shipping-taxable","16":"purchasable","17":"product-type-simple"},"_links":{"self":[{"href":"https:\/\/roveyayinevi.com.tr\/index.php\/wp-json\/wp\/v2\/product\/691371","targetHints":{"allow":["GET"]}}],"collection":[{"href":"https:\/\/roveyayinevi.com.tr\/index.php\/wp-json\/wp\/v2\/product"}],"about":[{"href":"https:\/\/roveyayinevi.com.tr\/index.php\/wp-json\/wp\/v2\/types\/product"}],"wp:attachment":[{"href":"https:\/\/roveyayinevi.com.tr\/index.php\/wp-json\/wp\/v2\/media?parent=691371"}],"wp:term":[{"taxonomy":"product_brand","embeddable":true,"href":"https:\/\/roveyayinevi.com.tr\/index.php\/wp-json\/wp\/v2\/product_brand?post=691371"},{"taxonomy":"product_cat","embeddable":true,"href":"https:\/\/roveyayinevi.com.tr\/index.php\/wp-json\/wp\/v2\/product_cat?post=691371"},{"taxonomy":"product_tag","embeddable":true,"href":"https:\/\/roveyayinevi.com.tr\/index.php\/wp-json\/wp\/v2\/product_tag?post=691371"}],"curies":[{"name":"wp","href":"https:\/\/api.w.org\/{rel}","templated":true}]}}