{"id":691367,"date":"2025-08-27T13:58:04","date_gmt":"2025-08-27T10:58:04","guid":{"rendered":"https:\/\/roveyayinevi.com.tr\/index.php\/urun\/ressamin-ikinci-sozlesmesi-murathan-munganin-sectikleriyle\/"},"modified":"2026-04-16T02:00:50","modified_gmt":"2026-04-15T23:00:50","slug":"ressamin-ikinci-sozlesmesi-murathan-munganin-sectikleriyle","status":"publish","type":"product","link":"https:\/\/roveyayinevi.com.tr\/index.php\/urun\/ressamin-ikinci-sozlesmesi-murathan-munganin-sectikleriyle\/","title":{"rendered":"Ressam\u0131n \u0130kinci S\u00f6zle\u015fmesi: Murathan Mungan&#8217;\u0131n Se\u00e7tikleriyle"},"content":{"rendered":"<p>Edebiyat\u0131n en yetkin isimlerinden resim sanat\u0131 \u00fczerine Murathan Mungan&#8217;\u0131n se\u00e7ti\u011fi \u00f6yk\u00fcler.&#8221;Bu kitaba amat\u00f6r bir resimseverin, resmin ve ressamlar\u0131n d\u00fcnyas\u0131na duydu\u011fu ilgiden yola \u00e7\u0131karak, sevdi\u011fi, se\u00e7ti\u011fi \u00e7e\u015fitli par\u00e7alar\u0131 yeni bir toplamda bir araya getirerek bunlaral yeni bir galeri olu\u015fturma arzusu, ve bu par\u00e7alar\u0131, bu galerinin kendi \u00f6zel \u0131\u015f\u0131\u011f\u0131nda yenieden g\u00f6rme ve okutma iste\u011fiyle kurdu\u011fu edebiyat i\u00e7in bir oyun diye de bak\u0131labilir. Bu \u00f6yk\u00fclerin, yer ald\u0131klar\u0131 kitaplardaki ba\u011flamlar\u0131n\u0131n d\u0131\u015f\u0131nda, b\u00f6yle \u00f6zel bir toplamda daha farl\u0131 bir okuma tad\u0131 ve ser\u00fcveni sunaca\u011f\u0131n\u0131 d\u00fc\u015f\u00fcnd\u00fcm.<\/p>\n","protected":false},"excerpt":{"rendered":"<p>Edebiyat\u0131n en yetkin isimlerinden resim sanat\u0131 \u00fczerine Murathan Mungan&#8217;\u0131n se\u00e7ti\u011fi \u00f6yk\u00fcler.&#8221;Bu kitaba amat\u00f6r bir resimseverin, resmin ve ressamlar\u0131n d\u00fcnyas\u0131na duydu\u011fu ilgiden yola \u00e7\u0131karak, sevdi\u011fi, se\u00e7ti\u011fi \u00e7e\u015fitli<span class=\"excerpt-hellip\"> [\u2026]<\/span><\/p>\n","protected":false},"featured_media":0,"template":"","meta":{"_monsterinsights_skip_tracking":false,"_monsterinsights_sitenote_active":false,"_monsterinsights_sitenote_note":"","_monsterinsights_sitenote_category":0},"product_brand":[],"product_cat":[15733,12408],"product_tag":[],"class_list":{"0":"post-691367","1":"product","2":"type-product","3":"status-publish","5":"product_cat-resim","6":"product_cat-sanat","7":"pa_cilt-ciltsiz","8":"pa_tur-kitap","9":"pa_yayinevi-metis-yayinlari","10":"pa_yazar-murathan-mungan-haz","12":"first","13":"instock","14":"sale","15":"shipping-taxable","16":"purchasable","17":"product-type-simple"},"_links":{"self":[{"href":"https:\/\/roveyayinevi.com.tr\/index.php\/wp-json\/wp\/v2\/product\/691367","targetHints":{"allow":["GET"]}}],"collection":[{"href":"https:\/\/roveyayinevi.com.tr\/index.php\/wp-json\/wp\/v2\/product"}],"about":[{"href":"https:\/\/roveyayinevi.com.tr\/index.php\/wp-json\/wp\/v2\/types\/product"}],"wp:attachment":[{"href":"https:\/\/roveyayinevi.com.tr\/index.php\/wp-json\/wp\/v2\/media?parent=691367"}],"wp:term":[{"taxonomy":"product_brand","embeddable":true,"href":"https:\/\/roveyayinevi.com.tr\/index.php\/wp-json\/wp\/v2\/product_brand?post=691367"},{"taxonomy":"product_cat","embeddable":true,"href":"https:\/\/roveyayinevi.com.tr\/index.php\/wp-json\/wp\/v2\/product_cat?post=691367"},{"taxonomy":"product_tag","embeddable":true,"href":"https:\/\/roveyayinevi.com.tr\/index.php\/wp-json\/wp\/v2\/product_tag?post=691367"}],"curies":[{"name":"wp","href":"https:\/\/api.w.org\/{rel}","templated":true}]}}