{"id":691366,"date":"2025-08-27T13:58:04","date_gmt":"2025-08-27T10:58:04","guid":{"rendered":"https:\/\/roveyayinevi.com.tr\/index.php\/urun\/paranin-cinleri\/"},"modified":"2026-04-16T02:00:50","modified_gmt":"2026-04-15T23:00:50","slug":"paranin-cinleri","status":"publish","type":"product","link":"https:\/\/roveyayinevi.com.tr\/index.php\/urun\/paranin-cinleri\/","title":{"rendered":"Paran\u0131n Cinleri"},"content":{"rendered":"<p>&#8230;Biz b\u00fcy\u00fcd\u00fck\u00e7e, o foto\u011fraflar da yeni anlamlar, yeni tarihler edinir. Kimi eski \u00f6yk\u00fc par\u00e7ac\u0131klar\u0131, yeni kavray\u0131\u015flar\u0131n \u0131\u015f\u0131\u011f\u0131nda yepyeni anlamlar kazan\u0131r; ya da daha \u00f6nceden bilmedi\u011fimiz, yeni duydu\u011fumuz, ya da \u00f6\u011frenmemize ancak \u015fimdi izin verilen kimi yeni bilgilerle birle\u015ferek, toprak alt\u0131ndan \u00e7\u0131kar\u0131lan k\u0131r\u0131k par\u00e7alar\u0131n birbirine eklenerek g\u00f6vdeyi b\u00fct\u00fcnlemesi gibi, yepyeni bir g\u00f6r\u00fcn\u00fc\u015f, yepyeni bir varl\u0131k kazan\u0131r. Ayn\u0131 foto\u011fraflar g\u00f6zlerimizin \u00f6n\u00fcnde s\u0131r de\u011fi\u015ftirir. Hik\u00e2yeler derinle\u015fir. Pus ve \u0131\u015f\u0131k, ayn\u0131 g\u00f6lgeler \u00fczerinde yer de\u011fi\u015ftirir. G\u00f6zlerini korumayanlar\u0131n zamanla bakacak foto\u011fraflar\u0131 da kalmaz. Alb\u00fcmler kadar g\u00f6zlerimizi de korumam\u0131z gerekir, diye d\u00fc\u015f\u00fcn\u00fcr\u00fcm. <\/p>\n","protected":false},"excerpt":{"rendered":"<p>&#8230;Biz b\u00fcy\u00fcd\u00fck\u00e7e, o foto\u011fraflar da yeni anlamlar, yeni tarihler edinir. Kimi eski \u00f6yk\u00fc par\u00e7ac\u0131klar\u0131, yeni kavray\u0131\u015flar\u0131n \u0131\u015f\u0131\u011f\u0131nda yepyeni anlamlar kazan\u0131r; ya da daha \u00f6nceden bilmedi\u011fimiz, yeni<span class=\"excerpt-hellip\"> [\u2026]<\/span><\/p>\n","protected":false},"featured_media":0,"template":"","meta":{"_monsterinsights_skip_tracking":false,"_monsterinsights_sitenote_active":false,"_monsterinsights_sitenote_note":"","_monsterinsights_sitenote_category":0},"product_brand":[],"product_cat":[18545,12291],"product_tag":[],"class_list":{"0":"post-691366","1":"product","2":"type-product","3":"status-publish","5":"product_cat-anlati","6":"product_cat-edebiyat","7":"pa_cilt-ciltsiz","8":"pa_tur-kitap","9":"pa_yayinevi-metis-yayinlari","10":"pa_yazar-murathan-mungan","12":"first","13":"instock","14":"sale","15":"shipping-taxable","16":"purchasable","17":"product-type-simple"},"_links":{"self":[{"href":"https:\/\/roveyayinevi.com.tr\/index.php\/wp-json\/wp\/v2\/product\/691366","targetHints":{"allow":["GET"]}}],"collection":[{"href":"https:\/\/roveyayinevi.com.tr\/index.php\/wp-json\/wp\/v2\/product"}],"about":[{"href":"https:\/\/roveyayinevi.com.tr\/index.php\/wp-json\/wp\/v2\/types\/product"}],"wp:attachment":[{"href":"https:\/\/roveyayinevi.com.tr\/index.php\/wp-json\/wp\/v2\/media?parent=691366"}],"wp:term":[{"taxonomy":"product_brand","embeddable":true,"href":"https:\/\/roveyayinevi.com.tr\/index.php\/wp-json\/wp\/v2\/product_brand?post=691366"},{"taxonomy":"product_cat","embeddable":true,"href":"https:\/\/roveyayinevi.com.tr\/index.php\/wp-json\/wp\/v2\/product_cat?post=691366"},{"taxonomy":"product_tag","embeddable":true,"href":"https:\/\/roveyayinevi.com.tr\/index.php\/wp-json\/wp\/v2\/product_tag?post=691366"}],"curies":[{"name":"wp","href":"https:\/\/api.w.org\/{rel}","templated":true}]}}