{"id":691365,"date":"2025-08-27T13:58:04","date_gmt":"2025-08-27T10:58:04","guid":{"rendered":"https:\/\/roveyayinevi.com.tr\/index.php\/urun\/yerdeniz-serisi-6-oteki-ruzgar\/"},"modified":"2026-04-16T02:00:50","modified_gmt":"2026-04-15T23:00:50","slug":"yerdeniz-serisi-6-oteki-ruzgar","status":"publish","type":"product","link":"https:\/\/roveyayinevi.com.tr\/index.php\/urun\/yerdeniz-serisi-6-oteki-ruzgar\/","title":{"rendered":"Yerdeniz Serisi 6 &#8211; \u00d6teki R\u00fczgar"},"content":{"rendered":"<p>Yerdeniz\u2019e yeniden gidip onu h\u00e2l\u00e2 hat\u0131rlad\u0131\u011f\u0131m haliyle bulmak, ama de\u011fi\u015fti\u011fini ve de\u011fi\u015fmekte oldu\u011funu g\u00f6rmek beni \u00e7ok memnun etti. Ursula K. LeGuin Yerdeniz\u2019in son kitab\u0131 Tehanu\u2019nun yaz\u0131l\u0131\u015f\u0131ndan on y\u0131l sonra tan\u0131d\u0131k topraklara d\u00f6n\u00fcyor Ursula LeGuin. Kald\u0131\u011f\u0131 yerden devam ediyor hik\u00e2yesine ama bir yandan da ba\u015f\u0131ndan ba\u015fl\u0131yor. \u00d6teki R\u00fczg\u00e2r\u2019da yepyeni karakterlerle tan\u0131\u015f\u0131rken bildi\u011fimiz karakterlerin de bilmedi\u011fimiz y\u00f6nlerini \u00f6\u011freniyoruz. LeGuin\u2019in a\u015finay\u0131 yabanc\u0131, ola\u011fan\u0131 ola\u011fan\u00fcst\u00fc k\u0131lan yazarl\u0131k g\u00fcc\u00fc sayesinde b\u00fcy\u00fc \u00fczerine, sonsuzluk \u00fczerine, sonra daha basit \u015feyler, mesela ya\u015fam ve \u00f6l\u00fcm \u00fczerine uzun bir yolculu\u011fa \u00e7\u0131k\u0131yoruz. Tolkien\u2019\u0131n a\u00e7t\u0131\u011f\u0131 d\u00f6nemin en yetenekli fantazi yazar\u0131 say\u0131lan LeGuin bu roman\u0131yla 2002 \u2018de D\u00fcnya En iyi Fantazi Roman \u00d6d\u00fcl\u00fc n\u00fc kazand\u0131. <\/p>\n","protected":false},"excerpt":{"rendered":"<p>Yerdeniz\u2019e yeniden gidip onu h\u00e2l\u00e2 hat\u0131rlad\u0131\u011f\u0131m haliyle bulmak, ama de\u011fi\u015fti\u011fini ve de\u011fi\u015fmekte oldu\u011funu g\u00f6rmek beni \u00e7ok memnun etti. Ursula K. LeGuin Yerdeniz\u2019in son kitab\u0131 Tehanu\u2019nun yaz\u0131l\u0131\u015f\u0131ndan<span class=\"excerpt-hellip\"> [\u2026]<\/span><\/p>\n","protected":false},"featured_media":0,"template":"","meta":{"_monsterinsights_skip_tracking":false,"_monsterinsights_sitenote_active":false,"_monsterinsights_sitenote_note":"","_monsterinsights_sitenote_category":0},"product_brand":[],"product_cat":[12291,14777],"product_tag":[],"class_list":{"0":"post-691365","1":"product","2":"type-product","3":"status-publish","5":"product_cat-edebiyat","6":"product_cat-fantastik","7":"pa_cilt-ciltsiz","8":"pa_tur-kitap","9":"pa_yayinevi-metis-yayinlari","10":"pa_yazar-ursula-k-le-guin","12":"first","13":"instock","14":"sale","15":"shipping-taxable","16":"purchasable","17":"product-type-simple"},"_links":{"self":[{"href":"https:\/\/roveyayinevi.com.tr\/index.php\/wp-json\/wp\/v2\/product\/691365","targetHints":{"allow":["GET"]}}],"collection":[{"href":"https:\/\/roveyayinevi.com.tr\/index.php\/wp-json\/wp\/v2\/product"}],"about":[{"href":"https:\/\/roveyayinevi.com.tr\/index.php\/wp-json\/wp\/v2\/types\/product"}],"wp:attachment":[{"href":"https:\/\/roveyayinevi.com.tr\/index.php\/wp-json\/wp\/v2\/media?parent=691365"}],"wp:term":[{"taxonomy":"product_brand","embeddable":true,"href":"https:\/\/roveyayinevi.com.tr\/index.php\/wp-json\/wp\/v2\/product_brand?post=691365"},{"taxonomy":"product_cat","embeddable":true,"href":"https:\/\/roveyayinevi.com.tr\/index.php\/wp-json\/wp\/v2\/product_cat?post=691365"},{"taxonomy":"product_tag","embeddable":true,"href":"https:\/\/roveyayinevi.com.tr\/index.php\/wp-json\/wp\/v2\/product_tag?post=691365"}],"curies":[{"name":"wp","href":"https:\/\/api.w.org\/{rel}","templated":true}]}}