{"id":691359,"date":"2025-08-27T13:58:02","date_gmt":"2025-08-27T10:58:02","guid":{"rendered":"https:\/\/roveyayinevi.com.tr\/index.php\/urun\/dort-kisilik-bahce\/"},"modified":"2026-04-16T02:00:49","modified_gmt":"2026-04-15T23:00:49","slug":"dort-kisilik-bahce","status":"publish","type":"product","link":"https:\/\/roveyayinevi.com.tr\/index.php\/urun\/dort-kisilik-bahce\/","title":{"rendered":"D\u00f6rt Ki\u015filik Bah\u00e7e"},"content":{"rendered":"<p>Ayn\u0131 malzemenin \u00fc\u00e7 ayr\u0131 t\u00fcrde yaz\u0131lmas\u0131 ve yazarl\u0131k teknikleri a\u00e7\u0131s\u0131ndan incelenmesi. <\/p>\n","protected":false},"excerpt":{"rendered":"<p>Ayn\u0131 malzemenin \u00fc\u00e7 ayr\u0131 t\u00fcrde yaz\u0131lmas\u0131 ve yazarl\u0131k teknikleri a\u00e7\u0131s\u0131ndan incelenmesi.<\/p>\n","protected":false},"featured_media":0,"template":"","meta":{"_monsterinsights_skip_tracking":false,"_monsterinsights_sitenote_active":false,"_monsterinsights_sitenote_note":"","_monsterinsights_sitenote_category":0},"product_brand":[],"product_cat":[12291,14272],"product_tag":[],"class_list":{"0":"post-691359","1":"product","2":"type-product","3":"status-publish","5":"product_cat-edebiyat","6":"product_cat-tiyatro","7":"pa_cilt-ciltsiz","8":"pa_tur-kitap","9":"pa_yayinevi-metis-yayinlari","10":"pa_yazar-murathan-mungan","12":"first","13":"instock","14":"sale","15":"shipping-taxable","16":"purchasable","17":"product-type-simple"},"_links":{"self":[{"href":"https:\/\/roveyayinevi.com.tr\/index.php\/wp-json\/wp\/v2\/product\/691359","targetHints":{"allow":["GET"]}}],"collection":[{"href":"https:\/\/roveyayinevi.com.tr\/index.php\/wp-json\/wp\/v2\/product"}],"about":[{"href":"https:\/\/roveyayinevi.com.tr\/index.php\/wp-json\/wp\/v2\/types\/product"}],"wp:attachment":[{"href":"https:\/\/roveyayinevi.com.tr\/index.php\/wp-json\/wp\/v2\/media?parent=691359"}],"wp:term":[{"taxonomy":"product_brand","embeddable":true,"href":"https:\/\/roveyayinevi.com.tr\/index.php\/wp-json\/wp\/v2\/product_brand?post=691359"},{"taxonomy":"product_cat","embeddable":true,"href":"https:\/\/roveyayinevi.com.tr\/index.php\/wp-json\/wp\/v2\/product_cat?post=691359"},{"taxonomy":"product_tag","embeddable":true,"href":"https:\/\/roveyayinevi.com.tr\/index.php\/wp-json\/wp\/v2\/product_tag?post=691359"}],"curies":[{"name":"wp","href":"https:\/\/api.w.org\/{rel}","templated":true}]}}