{"id":691356,"date":"2025-08-27T13:58:02","date_gmt":"2025-08-27T10:58:02","guid":{"rendered":"https:\/\/roveyayinevi.com.tr\/index.php\/urun\/brechti-anlamak\/"},"modified":"2026-04-16T02:00:49","modified_gmt":"2026-04-15T23:00:49","slug":"brechti-anlamak","status":"publish","type":"product","link":"https:\/\/roveyayinevi.com.tr\/index.php\/urun\/brechti-anlamak\/","title":{"rendered":"Brecht&#8217;i Anlamak"},"content":{"rendered":"<p>Brecht&#8217;i Anlamak y\u0131llar sonra yeni sonra yeni bas\u0131m\u0131na yer verdi\u011fimiz bir Metis Klasi\u011fi. \u0130lk kez 1984&#8217;te yay\u0131mlam\u0131\u015ft\u0131k. Kitab\u0131n \u00f6nemi yirminci y\u00fczy\u0131l\u0131n en \u00e7ok tart\u0131\u015f\u0131lan sanat ve estetik kuramc\u0131lar\u0131ndan Benjamin ile bir tiyatro kuramc\u0131s\u0131 ve uygulamac\u0131s\u0131 &#8230;<\/p>\n","protected":false},"excerpt":{"rendered":"<p>Brecht&#8217;i Anlamak y\u0131llar sonra yeni sonra yeni bas\u0131m\u0131na yer verdi\u011fimiz bir Metis Klasi\u011fi. \u0130lk kez 1984&#8217;te yay\u0131mlam\u0131\u015ft\u0131k. Kitab\u0131n \u00f6nemi yirminci y\u00fczy\u0131l\u0131n en \u00e7ok tart\u0131\u015f\u0131lan sanat ve<span class=\"excerpt-hellip\"> [\u2026]<\/span><\/p>\n","protected":false},"featured_media":0,"template":"","meta":{"_monsterinsights_skip_tracking":false,"_monsterinsights_sitenote_active":false,"_monsterinsights_sitenote_note":"","_monsterinsights_sitenote_category":0},"product_brand":[],"product_cat":[12409,12408],"product_tag":[],"class_list":{"0":"post-691356","1":"product","2":"type-product","3":"status-publish","5":"product_cat-fotograf-sinema-tiyatro","6":"product_cat-sanat","7":"pa_cilt-ciltsiz","8":"pa_tur-kitap","9":"pa_yayinevi-metis-yayinlari","10":"pa_yazar-walter-benjamin","12":"first","13":"instock","14":"sale","15":"shipping-taxable","16":"purchasable","17":"product-type-simple"},"_links":{"self":[{"href":"https:\/\/roveyayinevi.com.tr\/index.php\/wp-json\/wp\/v2\/product\/691356","targetHints":{"allow":["GET"]}}],"collection":[{"href":"https:\/\/roveyayinevi.com.tr\/index.php\/wp-json\/wp\/v2\/product"}],"about":[{"href":"https:\/\/roveyayinevi.com.tr\/index.php\/wp-json\/wp\/v2\/types\/product"}],"wp:attachment":[{"href":"https:\/\/roveyayinevi.com.tr\/index.php\/wp-json\/wp\/v2\/media?parent=691356"}],"wp:term":[{"taxonomy":"product_brand","embeddable":true,"href":"https:\/\/roveyayinevi.com.tr\/index.php\/wp-json\/wp\/v2\/product_brand?post=691356"},{"taxonomy":"product_cat","embeddable":true,"href":"https:\/\/roveyayinevi.com.tr\/index.php\/wp-json\/wp\/v2\/product_cat?post=691356"},{"taxonomy":"product_tag","embeddable":true,"href":"https:\/\/roveyayinevi.com.tr\/index.php\/wp-json\/wp\/v2\/product_tag?post=691356"}],"curies":[{"name":"wp","href":"https:\/\/api.w.org\/{rel}","templated":true}]}}