{"id":691355,"date":"2025-08-27T13:58:02","date_gmt":"2025-08-27T10:58:02","guid":{"rendered":"https:\/\/roveyayinevi.com.tr\/index.php\/urun\/bir-garip-ask-oykusu\/"},"modified":"2026-04-16T02:00:49","modified_gmt":"2026-04-15T23:00:49","slug":"bir-garip-ask-oykusu","status":"publish","type":"product","link":"https:\/\/roveyayinevi.com.tr\/index.php\/urun\/bir-garip-ask-oykusu\/","title":{"rendered":"Bir Garip A\u015fk \u00d6yk\u00fcs\u00fc"},"content":{"rendered":"<p>On dokuzuncu y\u00fczy\u0131l\u0131n ba\u015flar\u0131nda, filozof Kant\u2019\u0131n da do\u011fum yeri olan K\u00f6nigsberg\u2019deki bir genelevde bir hilkat garibesi do\u011far. Do\u011farken annesinin \u00f6l\u00fcm\u00fcne sebep olan bu canavar\u0131ms\u0131 yarat\u0131k sa\u011f\u0131r, dilsiz ve \u00fcrk\u00fct\u00fcc\u00fc bir \u015fekilsizliktedir. Ne var ki \u00e7ok gizli bir yetene\u011fe de sahiptir: \u0130nsanlar\u0131n zihnini okur, kalplerinin en derininde olup biteni bilir. Herk\u00fcl ad\u0131 verilen bu bebe\u011fe hayat\u0131n bah\u015fetti\u011fi en b\u00fcy\u00fck arma\u011fan, onunla ayn\u0131 g\u00fcn genelevde d\u00fcnyaya gelen g\u00fczeller g\u00fczeli Henriette Vogel ile birbirlerine duyduklar\u0131 kopmaz a\u015fkt\u0131r. Ama i\u00e7inde ya\u015fad\u0131klar\u0131 d\u00fcnya -tahmin edebilece\u011finiz gibi- b\u00f6yle bir a\u015fk\u0131 kald\u0131ramaz, \u00e2\u015f\u0131klar birbirlerinden uza\u011fa savrulurlar. Yetene\u011fi ba\u015f\u0131na bela olan, \u00e7etin d\u00fc\u015fmanlar edinen Herk\u00fcl, on dokuzuncu y\u00fczy\u0131l boyunca a\u015fk\u0131n\u0131n pe\u015finde Avrupa\u2019y\u0131 bir ucundan di\u011ferine dola\u015f\u0131r. T\u0131marhaneler, ucube sirkleri ve manast\u0131rlar\u0131n i\u00e7inden ge\u00e7erken, d\u00f6nemin y\u00fcksek kurumlar\u0131ndaki m\u00fchim \u015fah\u0131slar\u0131n i\u00e7y\u00fcz\u00fcne tan\u0131k olur, deh\u015fete kap\u0131l\u0131r: G\u00f6zlerimin \u00f6n\u00fcndeki, kan, h\u0131rs ve toplumsal bask\u0131yla, \u00e7\u00fcr\u00fcme ve kutsal\u0131n k\u00f6t\u00fcye kullan\u0131lmas\u0131yla dolu bir tarihtir. \u0130nsan olman\u0131n anlam\u0131n\u0131 sorgular\u0131z kahran\u0131m\u0131zla birlikte, ama her \u015fey bir yana, garip de olsa sars\u0131lmaz bir a\u015fk \u00f6yk\u00fcs\u00fcd\u00fcr dinledi\u011fimiz. G\u00fczel ve \u00e7irkin, sayg\u0131n ve al\u00e7ak, y\u00fcce ve d\u00fc\u015f\u00fck gibi kavramlar\u0131m\u0131z\u0131 yerinden oynatan, a\u015fk\u0131n, nefretin ve duygular\u0131n g\u00fcc\u00fcn\u00fc vurgulayan Carl-Johan Vallgren\u2019in bu m\u00fcthi\u015f roman\u0131, g\u00fcn\u00fcm\u00fcz \u0130sve\u00e7 edebiyat\u0131n\u0131n \u00f6nde gelen yap\u0131tlar\u0131ndan biri. Yazar\u0131na \u0130sve\u00e7\u2019in en \u00f6nemli \u00f6d\u00fcl\u00fc olan August ba\u015fta olmak \u00fczere say\u0131s\u0131z \u00f6d\u00fcl kazand\u0131ran ve \u00e7ok say\u0131da d\u00fcnya diline \u00e7evrilen kitap \u015fimdi T\u00fcrk\u00e7ede&#8230; <\/p>\n","protected":false},"excerpt":{"rendered":"<p>On dokuzuncu y\u00fczy\u0131l\u0131n ba\u015flar\u0131nda, filozof Kant\u2019\u0131n da do\u011fum yeri olan K\u00f6nigsberg\u2019deki bir genelevde bir hilkat garibesi do\u011far. Do\u011farken annesinin \u00f6l\u00fcm\u00fcne sebep olan bu canavar\u0131ms\u0131 yarat\u0131k sa\u011f\u0131r,<span class=\"excerpt-hellip\"> [\u2026]<\/span><\/p>\n","protected":false},"featured_media":0,"template":"","meta":{"_monsterinsights_skip_tracking":false,"_monsterinsights_sitenote_active":false,"_monsterinsights_sitenote_note":"","_monsterinsights_sitenote_category":0},"product_brand":[],"product_cat":[13661,12291],"product_tag":[],"class_list":{"0":"post-691355","1":"product","2":"type-product","3":"status-publish","5":"product_cat-diger-ulke-edebiyatlari","6":"product_cat-edebiyat","7":"pa_cilt-ciltsiz","8":"pa_tur-kitap","9":"pa_yayinevi-metis-yayinlari","10":"pa_yazar-carl-johan-vallgren","12":"first","13":"instock","14":"sale","15":"shipping-taxable","16":"purchasable","17":"product-type-simple"},"_links":{"self":[{"href":"https:\/\/roveyayinevi.com.tr\/index.php\/wp-json\/wp\/v2\/product\/691355","targetHints":{"allow":["GET"]}}],"collection":[{"href":"https:\/\/roveyayinevi.com.tr\/index.php\/wp-json\/wp\/v2\/product"}],"about":[{"href":"https:\/\/roveyayinevi.com.tr\/index.php\/wp-json\/wp\/v2\/types\/product"}],"wp:attachment":[{"href":"https:\/\/roveyayinevi.com.tr\/index.php\/wp-json\/wp\/v2\/media?parent=691355"}],"wp:term":[{"taxonomy":"product_brand","embeddable":true,"href":"https:\/\/roveyayinevi.com.tr\/index.php\/wp-json\/wp\/v2\/product_brand?post=691355"},{"taxonomy":"product_cat","embeddable":true,"href":"https:\/\/roveyayinevi.com.tr\/index.php\/wp-json\/wp\/v2\/product_cat?post=691355"},{"taxonomy":"product_tag","embeddable":true,"href":"https:\/\/roveyayinevi.com.tr\/index.php\/wp-json\/wp\/v2\/product_tag?post=691355"}],"curies":[{"name":"wp","href":"https:\/\/api.w.org\/{rel}","templated":true}]}}