{"id":691354,"date":"2025-08-27T13:58:01","date_gmt":"2025-08-27T10:58:01","guid":{"rendered":"https:\/\/roveyayinevi.com.tr\/index.php\/urun\/dogdugum-yuzyila-veda\/"},"modified":"2026-04-16T02:00:49","modified_gmt":"2026-04-15T23:00:49","slug":"dogdugum-yuzyila-veda","status":"publish","type":"product","link":"https:\/\/roveyayinevi.com.tr\/index.php\/urun\/dogdugum-yuzyila-veda\/","title":{"rendered":"Do\u011fdu\u011fum Y\u00fczy\u0131la Veda"},"content":{"rendered":"<p>Bir y\u00fczy\u0131l\u0131n ikinci yar\u0131s\u0131nda do\u011fanlar\u0131n, bir sonraki y\u00fczy\u0131l\u0131n ilk yar\u0131s\u0131n\u0131 g\u00f6rme \u015fans\u0131n\u0131 kutlamak amac\u0131yla kotar\u0131lm\u0131\u015f bir kitap Do\u011fdu\u011fum Y\u00fczy\u0131la Veda &#8212; Murathan Mungan\u2019\u0131n ilk kez 1999 y\u0131l\u0131nda s\u0131n\u0131rl\u0131 say\u0131da yay\u0131mlanm\u0131\u015f ve bask\u0131s\u0131 tekrarlanmam\u0131\u015f \u015fiir se\u00e7kisi y\u0131llar sonra tekrar bas\u0131m yap\u0131yor. Y\u0131llard\u0131r soran, sab\u0131rla bekleyen yeni ku\u015faklar i\u00e7in&#8230; <\/p>\n","protected":false},"excerpt":{"rendered":"<p>Bir y\u00fczy\u0131l\u0131n ikinci yar\u0131s\u0131nda do\u011fanlar\u0131n, bir sonraki y\u00fczy\u0131l\u0131n ilk yar\u0131s\u0131n\u0131 g\u00f6rme \u015fans\u0131n\u0131 kutlamak amac\u0131yla kotar\u0131lm\u0131\u015f bir kitap Do\u011fdu\u011fum Y\u00fczy\u0131la Veda &#8212; Murathan Mungan\u2019\u0131n ilk kez 1999<span class=\"excerpt-hellip\"> [\u2026]<\/span><\/p>\n","protected":false},"featured_media":0,"template":"","meta":{"_monsterinsights_skip_tracking":false,"_monsterinsights_sitenote_active":false,"_monsterinsights_sitenote_note":"","_monsterinsights_sitenote_category":0},"product_brand":[],"product_cat":[12291,12509],"product_tag":[],"class_list":{"0":"post-691354","1":"product","2":"type-product","3":"status-publish","5":"product_cat-edebiyat","6":"product_cat-siir","7":"pa_cilt-ciltsiz","8":"pa_tur-kitap","9":"pa_yayinevi-metis-yayinlari","10":"pa_yazar-murathan-mungan","12":"first","13":"instock","14":"sale","15":"shipping-taxable","16":"purchasable","17":"product-type-simple"},"_links":{"self":[{"href":"https:\/\/roveyayinevi.com.tr\/index.php\/wp-json\/wp\/v2\/product\/691354","targetHints":{"allow":["GET"]}}],"collection":[{"href":"https:\/\/roveyayinevi.com.tr\/index.php\/wp-json\/wp\/v2\/product"}],"about":[{"href":"https:\/\/roveyayinevi.com.tr\/index.php\/wp-json\/wp\/v2\/types\/product"}],"wp:attachment":[{"href":"https:\/\/roveyayinevi.com.tr\/index.php\/wp-json\/wp\/v2\/media?parent=691354"}],"wp:term":[{"taxonomy":"product_brand","embeddable":true,"href":"https:\/\/roveyayinevi.com.tr\/index.php\/wp-json\/wp\/v2\/product_brand?post=691354"},{"taxonomy":"product_cat","embeddable":true,"href":"https:\/\/roveyayinevi.com.tr\/index.php\/wp-json\/wp\/v2\/product_cat?post=691354"},{"taxonomy":"product_tag","embeddable":true,"href":"https:\/\/roveyayinevi.com.tr\/index.php\/wp-json\/wp\/v2\/product_tag?post=691354"}],"curies":[{"name":"wp","href":"https:\/\/api.w.org\/{rel}","templated":true}]}}