{"id":691353,"date":"2025-08-27T13:58:01","date_gmt":"2025-08-27T10:58:01","guid":{"rendered":"https:\/\/roveyayinevi.com.tr\/index.php\/urun\/cinsiyet-belasi-feminizm-ve-kimligin-altust-edilmesi\/"},"modified":"2026-04-16T02:00:49","modified_gmt":"2026-04-15T23:00:49","slug":"cinsiyet-belasi-feminizm-ve-kimligin-altust-edilmesi","status":"publish","type":"product","link":"https:\/\/roveyayinevi.com.tr\/index.php\/urun\/cinsiyet-belasi-feminizm-ve-kimligin-altust-edilmesi\/","title":{"rendered":"Cinsiyet Belas\u0131: Feminizm ve Kimli\u011fin Alt\u00fcst Edilmesi"},"content":{"rendered":"<p>1990&#8217;da yay\u0131mland\u0131\u011f\u0131nda feminist kuramda ve toplumsal cinsiyet ara\u015ft\u0131rmalar\u0131nda \u00e7\u0131\u011f\u0131r a\u00e7an, queer kuram\u0131n \u00f6nc\u00fc metinlerinden say\u0131lan Cinsiyet Belas\u0131 nihayet T\u00fcrk\u00e7ede. Judith Butler&#8217;\u0131n cinsiyetin ne \u00f6l\u00e7\u00fcde &#8216;do\u011fal&#8217; oldu\u011funu sorgulayarak cinsiyetin performatif yap\u0131s\u0131na dair k\u0131\u015fk\u0131rt\u0131c\u0131 sav\u0131n\u0131 ilk kez ortaya koydu\u011fu bu metin, birbiriyle ba\u011flant\u0131l\u0131 pek \u00e7ok tart\u0131\u015fmay\u0131 birden bar\u0131nd\u0131r\u0131yor. \ufffcTan\u0131t\u0131m Metni<\/p>\n","protected":false},"excerpt":{"rendered":"<p>1990&#8217;da yay\u0131mland\u0131\u011f\u0131nda feminist kuramda ve toplumsal cinsiyet ara\u015ft\u0131rmalar\u0131nda \u00e7\u0131\u011f\u0131r a\u00e7an, queer kuram\u0131n \u00f6nc\u00fc metinlerinden say\u0131lan Cinsiyet Belas\u0131 nihayet T\u00fcrk\u00e7ede. Judith Butler&#8217;\u0131n cinsiyetin ne \u00f6l\u00e7\u00fcde &#8216;do\u011fal&#8217; oldu\u011funu<span class=\"excerpt-hellip\"> [\u2026]<\/span><\/p>\n","protected":false},"featured_media":0,"template":"","meta":{"_monsterinsights_skip_tracking":false,"_monsterinsights_sitenote_active":false,"_monsterinsights_sitenote_note":"","_monsterinsights_sitenote_category":0},"product_brand":[],"product_cat":[14741,13488],"product_tag":[],"class_list":{"0":"post-691353","1":"product","2":"type-product","3":"status-publish","5":"product_cat-kadin-sorunlari-feminizm","6":"product_cat-toplum-ve-insan","7":"pa_cilt-ciltsiz","8":"pa_tur-kitap","9":"pa_yayinevi-metis-yayinlari","10":"pa_yazar-judith-butler","12":"first","13":"instock","14":"sale","15":"shipping-taxable","16":"purchasable","17":"product-type-simple"},"_links":{"self":[{"href":"https:\/\/roveyayinevi.com.tr\/index.php\/wp-json\/wp\/v2\/product\/691353","targetHints":{"allow":["GET"]}}],"collection":[{"href":"https:\/\/roveyayinevi.com.tr\/index.php\/wp-json\/wp\/v2\/product"}],"about":[{"href":"https:\/\/roveyayinevi.com.tr\/index.php\/wp-json\/wp\/v2\/types\/product"}],"wp:attachment":[{"href":"https:\/\/roveyayinevi.com.tr\/index.php\/wp-json\/wp\/v2\/media?parent=691353"}],"wp:term":[{"taxonomy":"product_brand","embeddable":true,"href":"https:\/\/roveyayinevi.com.tr\/index.php\/wp-json\/wp\/v2\/product_brand?post=691353"},{"taxonomy":"product_cat","embeddable":true,"href":"https:\/\/roveyayinevi.com.tr\/index.php\/wp-json\/wp\/v2\/product_cat?post=691353"},{"taxonomy":"product_tag","embeddable":true,"href":"https:\/\/roveyayinevi.com.tr\/index.php\/wp-json\/wp\/v2\/product_tag?post=691353"}],"curies":[{"name":"wp","href":"https:\/\/api.w.org\/{rel}","templated":true}]}}