{"id":691352,"date":"2025-08-27T13:58:01","date_gmt":"2025-08-27T10:58:01","guid":{"rendered":"https:\/\/roveyayinevi.com.tr\/index.php\/urun\/bir-seyler-eksik-ask-cinsellik-ve-hayat-hakkinda-bilmek-istemedigimiz-seyler\/"},"modified":"2026-04-16T02:00:49","modified_gmt":"2026-04-15T23:00:49","slug":"bir-seyler-eksik-ask-cinsellik-ve-hayat-hakkinda-bilmek-istemedigimiz-seyler","status":"publish","type":"product","link":"https:\/\/roveyayinevi.com.tr\/index.php\/urun\/bir-seyler-eksik-ask-cinsellik-ve-hayat-hakkinda-bilmek-istemedigimiz-seyler\/","title":{"rendered":"Bir \u015eeyler Eksik &#8211; A\u015fk, Cinsellik ve Hayat Hakk\u0131nda Bilmek \u0130stemedi\u011fimiz \u015eeyler"},"content":{"rendered":"<p>Bu kitap psikanaliz hakk\u0131nda bir kitap de\u011fil; psikanalitik teoriden al\u0131nt\u0131lar ve tart\u0131\u015fmalarla ilerlemiyor. Tersine, psikanalizin g\u00fcndelik hayatta nas\u0131l i\u015fe yarayabilece\u011fine dair ipu\u00e7lar\u0131 sunmaya \u00e7al\u0131\u015f\u0131yor. Bu y\u00fczden de en \u00e7ok kulland\u0131\u011f\u0131 noktalama i\u015faretlerinden biri soru i\u015fareti. \u00c7\u00fcnk\u00fc, \u00f6zellikle pop-psikoloji ve pop-psikiyatri alanlar\u0131nda san\u0131ld\u0131\u011f\u0131 gibi, psikanalizin bir cevap verme\/\u00e7\u00f6z\u00fcm sunma tekni\u011fi de\u011fil, bir soru sorma y\u00f6ntemi oldu\u011funu s\u00f6ylemeye \u00e7al\u0131\u015f\u0131yor. &#8230;\ufffcTan\u0131t\u0131m Metni<\/p>\n","protected":false},"excerpt":{"rendered":"<p>Bu kitap psikanaliz hakk\u0131nda bir kitap de\u011fil; psikanalitik teoriden al\u0131nt\u0131lar ve tart\u0131\u015fmalarla ilerlemiyor. Tersine, psikanalizin g\u00fcndelik hayatta nas\u0131l i\u015fe yarayabilece\u011fine dair ipu\u00e7lar\u0131 sunmaya \u00e7al\u0131\u015f\u0131yor. Bu y\u00fczden<span class=\"excerpt-hellip\"> [\u2026]<\/span><\/p>\n","protected":false},"featured_media":0,"template":"","meta":{"_monsterinsights_skip_tracking":false,"_monsterinsights_sitenote_active":false,"_monsterinsights_sitenote_note":"","_monsterinsights_sitenote_category":0},"product_brand":[],"product_cat":[17502,13488],"product_tag":[],"class_list":{"0":"post-691352","1":"product","2":"type-product","3":"status-publish","5":"product_cat-cinsellik","6":"product_cat-toplum-ve-insan","7":"pa_cilt-ciltsiz","8":"pa_tur-kitap","9":"pa_yayinevi-metis-yayinlari","10":"pa_yazar-bulent-somay","12":"first","13":"instock","14":"sale","15":"shipping-taxable","16":"purchasable","17":"product-type-simple"},"_links":{"self":[{"href":"https:\/\/roveyayinevi.com.tr\/index.php\/wp-json\/wp\/v2\/product\/691352","targetHints":{"allow":["GET"]}}],"collection":[{"href":"https:\/\/roveyayinevi.com.tr\/index.php\/wp-json\/wp\/v2\/product"}],"about":[{"href":"https:\/\/roveyayinevi.com.tr\/index.php\/wp-json\/wp\/v2\/types\/product"}],"wp:attachment":[{"href":"https:\/\/roveyayinevi.com.tr\/index.php\/wp-json\/wp\/v2\/media?parent=691352"}],"wp:term":[{"taxonomy":"product_brand","embeddable":true,"href":"https:\/\/roveyayinevi.com.tr\/index.php\/wp-json\/wp\/v2\/product_brand?post=691352"},{"taxonomy":"product_cat","embeddable":true,"href":"https:\/\/roveyayinevi.com.tr\/index.php\/wp-json\/wp\/v2\/product_cat?post=691352"},{"taxonomy":"product_tag","embeddable":true,"href":"https:\/\/roveyayinevi.com.tr\/index.php\/wp-json\/wp\/v2\/product_tag?post=691352"}],"curies":[{"name":"wp","href":"https:\/\/api.w.org\/{rel}","templated":true}]}}