{"id":691351,"date":"2025-08-27T13:58:01","date_gmt":"2025-08-27T10:58:01","guid":{"rendered":"https:\/\/roveyayinevi.com.tr\/index.php\/urun\/bir-garip-orhan-veli\/"},"modified":"2026-04-16T02:00:49","modified_gmt":"2026-04-15T23:00:49","slug":"bir-garip-orhan-veli","status":"publish","type":"product","link":"https:\/\/roveyayinevi.com.tr\/index.php\/urun\/bir-garip-orhan-veli\/","title":{"rendered":"Bir Garip Orhan Veli"},"content":{"rendered":"<p>B \u015fiirler saras\u0131yla ben orhan veli\u0307, dalga, sakal, macera, eefk\u00e2rlanirim, karmakari\u015fik, sevdaya mi tutuldum, pazar ak\u015famlari, i\u0307\u015f olsun di\u0307ye, lsokakta gi\u0307derken, ali\u0307 riza i\u0307le ahmed&#8217;i\u0307n hi\u0307k\u00e2yesi\u0307, bedava ahmetler, meyhane quantitatif, yoku\u015f, zi\u0307lli\u0307 \u015fi\u0307i\u0307r, kuyruklu \u015fi\u0307i\u0307r, cevap, erol g\u00fcney&#8217;i\u0307n kedi\u0307si\u0307, kapali \u00e7ara\u015fi, galata k\u00f6pr\u00fcs\u00fc, lsi\u0307zi\u0307n i\u0307\u00e7i\u0307n, ?, mahallemdeki\u0307 ak\u015famlar i\u0307\u00e7i\u0307n, i\u0307\u00e7i\u0307nde, mangal hayat b\u00f6yle zaten, asfalt \u00fczeri\u0307ne \u015fi\u0307i\u0307rler, \u00e7ok \u015f\u00fck\u00fcr, pirpirli \u015fi\u0307i\u0307r, deni\u0307z, kar\u015fi, eksi\u0307 karim, ku\u015flar yalan s\u00f6yler i\u0307\u00e7ki\u0307ye benzer bi\u0307r \u015fey, baharin i\u0307lk sabahlari, dalgaeci mahmut, a\u011facim, f\u00fczel havalar, \u015fof\u00f6r\u00fc karisi, ne kadar g\u00fczel, derdi\u0307m ba\u015fka, de\u011fi\u0307l, dedi\u0307kodu, s\u00f6z, ba\u015f a\u011frisi, g\u00f6lgem, mont\u00f6r sabri\u0307, gemi\u0307leri\u0307m, i\u0307stanbul&#8217;u di\u0307nli\u0307yorum, deni\u0307z kizi, h\u00fcrri\u0307yete do\u011fru, g\u00fcn olur, bi\u0307r duyma da g\u00f6r,\u015fehi\u0307r hari\u0307ci\u0307nde, sere serfe, sabah, hi\u0307cret i, hi\u0307cret ii, kumrulu \u015fi\u0307i\u0307r, tren sesi\u0307, seyahat \u00fczeri\u0307ne \u015fi\u0307i\u0307rler, seyahat, hoy-lu-lu, edith almera, \u00fcst\u00fcne, oktay&#8217;a mektuplar, da\u011fba\u015fi, beyaz ma\u015flahli hanim, ya\u015fiyor musun, ah! Neydi\u0307 beni\u0307m gen\u00e7li\u0307\u011fi\u0307m, sol eli\u0307m, sabaha kadar, yolculuk, tahattur,gemli\u0307\u011fe do\u011fru, mi\u0307safi\u0307r, gi\u0307derayak, yalnizlik \u015fi\u0307i\u0307ri\u0307, i\u0307nti\u0307har, anlatamiyorum, bi\u0307r roman kahramani, festi\u0307val, tenezz\u00fch, veda, harbe gi\u0307den, vatan i\u0307\u00e7i\u0307n, karanfi\u0307l, bi\u0307zi\u0307m gi\u0307bi\u0307, tereya\u011fi, gangster, rahat, illision, r\u00fcbai\u0307, ya\u015famak, katabe-i\u0307 seng-i\u0307 mezar, \u00f6l\u00fcme yakin, a\u015fk resmi\u0307ge\u00e7i\u0307ti\u0307&#8217;dir<\/p>\n","protected":false},"excerpt":{"rendered":"<p>B \u015fiirler saras\u0131yla ben orhan veli\u0307, dalga, sakal, macera, eefk\u00e2rlanirim, karmakari\u015fik, sevdaya mi tutuldum, pazar ak\u015famlari, i\u0307\u015f olsun di\u0307ye, lsokakta gi\u0307derken, ali\u0307 riza i\u0307le ahmed&#8217;i\u0307n hi\u0307k\u00e2yesi\u0307,<span class=\"excerpt-hellip\"> [\u2026]<\/span><\/p>\n","protected":false},"featured_media":0,"template":"","meta":{"_monsterinsights_skip_tracking":false,"_monsterinsights_sitenote_active":false,"_monsterinsights_sitenote_note":"","_monsterinsights_sitenote_category":0},"product_brand":[],"product_cat":[12291,14272],"product_tag":[],"class_list":{"0":"post-691351","1":"product","2":"type-product","3":"status-publish","5":"product_cat-edebiyat","6":"product_cat-tiyatro","7":"pa_cilt-ciltsiz","8":"pa_tur-kitap","9":"pa_yayinevi-metis-yayinlari","10":"pa_yazar-murathan-mungan","12":"first","13":"instock","14":"sale","15":"shipping-taxable","16":"purchasable","17":"product-type-simple"},"_links":{"self":[{"href":"https:\/\/roveyayinevi.com.tr\/index.php\/wp-json\/wp\/v2\/product\/691351","targetHints":{"allow":["GET"]}}],"collection":[{"href":"https:\/\/roveyayinevi.com.tr\/index.php\/wp-json\/wp\/v2\/product"}],"about":[{"href":"https:\/\/roveyayinevi.com.tr\/index.php\/wp-json\/wp\/v2\/types\/product"}],"wp:attachment":[{"href":"https:\/\/roveyayinevi.com.tr\/index.php\/wp-json\/wp\/v2\/media?parent=691351"}],"wp:term":[{"taxonomy":"product_brand","embeddable":true,"href":"https:\/\/roveyayinevi.com.tr\/index.php\/wp-json\/wp\/v2\/product_brand?post=691351"},{"taxonomy":"product_cat","embeddable":true,"href":"https:\/\/roveyayinevi.com.tr\/index.php\/wp-json\/wp\/v2\/product_cat?post=691351"},{"taxonomy":"product_tag","embeddable":true,"href":"https:\/\/roveyayinevi.com.tr\/index.php\/wp-json\/wp\/v2\/product_tag?post=691351"}],"curies":[{"name":"wp","href":"https:\/\/api.w.org\/{rel}","templated":true}]}}