{"id":691350,"date":"2025-08-27T13:58:01","date_gmt":"2025-08-27T10:58:01","guid":{"rendered":"https:\/\/roveyayinevi.com.tr\/index.php\/urun\/bilge-karasuyu-okumak\/"},"modified":"2025-11-22T02:15:47","modified_gmt":"2025-11-21T23:15:47","slug":"bilge-karasuyu-okumak","status":"publish","type":"product","link":"https:\/\/roveyayinevi.com.tr\/index.php\/urun\/bilge-karasuyu-okumak\/","title":{"rendered":"Bilge Karasu&#8217;yu Okumak"},"content":{"rendered":"<p>Bilge Karasu\u2019yu Okumak Bilkent \u00dcniversitesi T\u00fcrk Edebiyat\u0131 Merkezi\u2019nde d\u00fczenlenen   Alt\u0131 Ay Bir G\u00fcz   ve Mimar Sinan G\u00fczel Sanatlar \u00dcniversitesi\u2019nde d\u00fczenlenen   Bilge Karasu\u2019yu Okumak   sempozyumlar\u0131n\u0131n sunumlar\u0131ndan derlenmi\u015f bir se\u00e7ki. Farkl\u0131 disiplinlerden 21 ki\u015fi uzmanl\u0131k alanlar\u0131na g\u00f6re, k\u00e2h edebiyat ele\u015ftirisi alan\u0131ndan, k\u00e2h m\u00fczik, sinema, foto\u011fraf, resim gibi alanlardan yola \u00e7\u0131kan yaz\u0131lar\u0131yla, Bilge Karasu\u2019ya kendi okumalar\u0131n\u0131 getiriyorlar. <\/p>\n","protected":false},"excerpt":{"rendered":"<p>Bilge Karasu\u2019yu Okumak Bilkent \u00dcniversitesi T\u00fcrk Edebiyat\u0131 Merkezi\u2019nde d\u00fczenlenen Alt\u0131 Ay Bir G\u00fcz ve Mimar Sinan G\u00fczel Sanatlar \u00dcniversitesi\u2019nde d\u00fczenlenen Bilge Karasu\u2019yu Okumak sempozyumlar\u0131n\u0131n sunumlar\u0131ndan derlenmi\u015f<span class=\"excerpt-hellip\"> [\u2026]<\/span><\/p>\n","protected":false},"featured_media":0,"template":"","meta":{"_monsterinsights_skip_tracking":false,"_monsterinsights_sitenote_active":false,"_monsterinsights_sitenote_note":"","_monsterinsights_sitenote_category":0},"product_brand":[],"product_cat":[12291,12610],"product_tag":[],"class_list":{"0":"post-691350","1":"product","2":"type-product","3":"status-publish","5":"product_cat-edebiyat","6":"product_cat-elestiri-inceleme-kuram","7":"pa_cilt-ciltsiz","8":"pa_tur-kitap","9":"pa_yayinevi-metis-yayinlari","10":"pa_yazar-dogan-yasat-haz","12":"first","13":"instock","14":"sale","15":"shipping-taxable","16":"purchasable","17":"product-type-simple"},"_links":{"self":[{"href":"https:\/\/roveyayinevi.com.tr\/index.php\/wp-json\/wp\/v2\/product\/691350","targetHints":{"allow":["GET"]}}],"collection":[{"href":"https:\/\/roveyayinevi.com.tr\/index.php\/wp-json\/wp\/v2\/product"}],"about":[{"href":"https:\/\/roveyayinevi.com.tr\/index.php\/wp-json\/wp\/v2\/types\/product"}],"wp:attachment":[{"href":"https:\/\/roveyayinevi.com.tr\/index.php\/wp-json\/wp\/v2\/media?parent=691350"}],"wp:term":[{"taxonomy":"product_brand","embeddable":true,"href":"https:\/\/roveyayinevi.com.tr\/index.php\/wp-json\/wp\/v2\/product_brand?post=691350"},{"taxonomy":"product_cat","embeddable":true,"href":"https:\/\/roveyayinevi.com.tr\/index.php\/wp-json\/wp\/v2\/product_cat?post=691350"},{"taxonomy":"product_tag","embeddable":true,"href":"https:\/\/roveyayinevi.com.tr\/index.php\/wp-json\/wp\/v2\/product_tag?post=691350"}],"curies":[{"name":"wp","href":"https:\/\/api.w.org\/{rel}","templated":true}]}}