{"id":691349,"date":"2025-08-27T13:58:00","date_gmt":"2025-08-27T10:58:00","guid":{"rendered":"https:\/\/roveyayinevi.com.tr\/index.php\/urun\/metis-kucuk-filozoflar-serisi-12-bendeniz-jean-jacgues-rousseau\/"},"modified":"2026-04-16T02:00:49","modified_gmt":"2026-04-15T23:00:49","slug":"metis-kucuk-filozoflar-serisi-12-bendeniz-jean-jacgues-rousseau","status":"publish","type":"product","link":"https:\/\/roveyayinevi.com.tr\/index.php\/urun\/metis-kucuk-filozoflar-serisi-12-bendeniz-jean-jacgues-rousseau\/","title":{"rendered":"Metis K\u00fc\u00e7\u00fck Filozoflar Serisi 12 &#8211; Bendeniz Jean- Jacgues Rousseau"},"content":{"rendered":"<p>&#8220;K\u00fc\u00e7\u00fck Filozoflar&#8221; dizisinin \u015fansl\u0131 okuru, bu kitapta e\u015fsiz ve ola\u011fan\u00fcst\u00fc bir ser\u00fcvene at\u0131lacaks\u0131n: Bendeniz, Jean-Jacques Rousseau. De\u011feri anla\u015f\u0131lmam\u0131\u015f bir m\u00fczisyen, gezgin bir filozof, dokuz k\u00f6yden kovulmu\u015f do\u011frucu bir yazar\u0131m. Kalbimi b\u00fct\u00fcn \u00e7\u0131plakl\u0131\u011f\u0131yla a\u00e7aca\u011f\u0131m sana. Cesaretin varsa, haydi d\u00fc\u015f pe\u015fime! K\u00fc\u00e7\u00fck Filozoflar Dizisi, 8-12 ya\u015f \u00e7ocuklar\u0131 i\u00e7in filozoflar\u0131n hik\u00e2yelerini anlatan \u00e7ok g\u00fczel resimlenmi\u015f kitaplardan olu\u015fuyor. Diziyle \u00e7ocuklar\u0131n felsefeye zevkli bir giri\u015f yapmalar\u0131n\u0131, kendi sorular\u0131n\u0131n pe\u015finden gitme al\u0131\u015fkanl\u0131\u011f\u0131 kazanmalar\u0131n\u0131 ama\u00e7l\u0131yoruz. Bendeniz Jean Jacques Rousseau dizinin on ikinci kitab\u0131. <\/p>\n","protected":false},"excerpt":{"rendered":"<p>&#8220;K\u00fc\u00e7\u00fck Filozoflar&#8221; dizisinin \u015fansl\u0131 okuru, bu kitapta e\u015fsiz ve ola\u011fan\u00fcst\u00fc bir ser\u00fcvene at\u0131lacaks\u0131n: Bendeniz, Jean-Jacques Rousseau. De\u011feri anla\u015f\u0131lmam\u0131\u015f bir m\u00fczisyen, gezgin bir filozof, dokuz k\u00f6yden kovulmu\u015f<span class=\"excerpt-hellip\"> [\u2026]<\/span><\/p>\n","protected":false},"featured_media":0,"template":"","meta":{"_monsterinsights_skip_tracking":false,"_monsterinsights_sitenote_active":false,"_monsterinsights_sitenote_note":"","_monsterinsights_sitenote_category":0},"product_brand":[],"product_cat":[12312,12304],"product_tag":[],"class_list":{"0":"post-691349","1":"product","2":"type-product","3":"status-publish","5":"product_cat-diger","6":"product_cat-tarih","7":"pa_cilt-ciltsiz","8":"pa_tur-kitap","9":"pa_yayinevi-metis-yayinlari","10":"pa_yazar-edwige-chirouter","12":"first","13":"instock","14":"sale","15":"shipping-taxable","16":"purchasable","17":"product-type-simple"},"_links":{"self":[{"href":"https:\/\/roveyayinevi.com.tr\/index.php\/wp-json\/wp\/v2\/product\/691349","targetHints":{"allow":["GET"]}}],"collection":[{"href":"https:\/\/roveyayinevi.com.tr\/index.php\/wp-json\/wp\/v2\/product"}],"about":[{"href":"https:\/\/roveyayinevi.com.tr\/index.php\/wp-json\/wp\/v2\/types\/product"}],"wp:attachment":[{"href":"https:\/\/roveyayinevi.com.tr\/index.php\/wp-json\/wp\/v2\/media?parent=691349"}],"wp:term":[{"taxonomy":"product_brand","embeddable":true,"href":"https:\/\/roveyayinevi.com.tr\/index.php\/wp-json\/wp\/v2\/product_brand?post=691349"},{"taxonomy":"product_cat","embeddable":true,"href":"https:\/\/roveyayinevi.com.tr\/index.php\/wp-json\/wp\/v2\/product_cat?post=691349"},{"taxonomy":"product_tag","embeddable":true,"href":"https:\/\/roveyayinevi.com.tr\/index.php\/wp-json\/wp\/v2\/product_tag?post=691349"}],"curies":[{"name":"wp","href":"https:\/\/api.w.org\/{rel}","templated":true}]}}