{"id":691346,"date":"2025-08-27T13:58:00","date_gmt":"2025-08-27T10:58:00","guid":{"rendered":"https:\/\/roveyayinevi.com.tr\/index.php\/urun\/metis-bilim-dizisi-02-schrodingerin-kedisinin-pesinde-kuantum-fizigi-ve-gerceklik\/"},"modified":"2026-04-16T02:00:49","modified_gmt":"2026-04-15T23:00:49","slug":"metis-bilim-dizisi-02-schrodingerin-kedisinin-pesinde-kuantum-fizigi-ve-gerceklik","status":"publish","type":"product","link":"https:\/\/roveyayinevi.com.tr\/index.php\/urun\/metis-bilim-dizisi-02-schrodingerin-kedisinin-pesinde-kuantum-fizigi-ve-gerceklik\/","title":{"rendered":"Metis Bilim Dizisi 02 &#8211; Schr\u00f6dinger&#8217;in Kedisinin Pe\u015finde: Kuantum Fizi\u011fi ve Ger\u00e7eklik"},"content":{"rendered":"<p>\u00c7ok ba\u015far\u0131l\u0131 bir bilim yazar\u0131 John Gribbin : Kuantum kuram\u0131n\u0131n \u015fa\u015f\u0131rt\u0131c\u0131 tuhafl\u0131\u011f\u0131n\u0131 hayat\u0131m\u0131za sokuyar, d\u00fc\u015f\u00fcn\u00fclebilir hale getiriyor. G\u00fcndelik d\u00fcnyadan analojilere ba\u015fvuruyor, ama ayn\u0131 zamanda bu analojilerin atomalt\u0131 d\u00fcnyadaki yetersizli\u011fine, hatta yan\u0131lt\u0131c\u0131l\u0131\u011f\u0131na dikkat \u00e7ekiyor. \u00d6rne\u011fin okullarda hala \u00f6\u011fretilen Bohr atom modelinin kafam\u0131za kaz\u0131d\u0131\u011f\u0131 elektron y\u00f6r\u00fcngeleri gibi &#8220;resimler&#8221;den kurtamaya \u00e7al\u0131\u015f\u0131yor zihinlerimizi. Kuantumun \u00f6yk\u00fcs\u00fcne \u0131\u015f\u0131\u011f\u0131n hem par\u00e7ac\u0131k hem de dalga oldu\u011funun ke\u015ffedildi\u011fi 20.y\u00fczy\u00fcl\u0131n\u0131n ilk y\u0131llar\u0131ndan ba\u015flayan yazar, elektronlar\u0131n da ayn\u0131 \u00f6zelli\u011fe sahip oldu\u011funun ne t\u00fcr \u00f6nyarg\u0131lara kar\u015f\u0131, nas\u0131l bir m\u00fccadeleyle ke\u015ffedildi\u011fini, yayg\u0131n kabul g\u00f6ren Kopenhag yorumunu ve bilimkurguya da ilham vermi\u015f &#8220;Paralel Evrenler&#8221; yorumunu anla\u015f\u0131l\u0131r bir dille anlat\u0131yor.  Kitap zihin a\u00e7\u0131c\u0131 bir bilim tarihi \u00e7al\u0131\u015fmas\u0131 olarak da okunabilir : Bir yandan kuram\u0131n \u00e7e\u015fitli a\u015famalar\u0131nda kafalar\u0131 fena halde kar\u0131\u015fan, takdir g\u00f6rmedikleri i\u00e7in hayata k\u00fcsen bilim adamlar\u0131n\u0131n insani \u00f6yk\u00fcleri var bu kitapta. <\/p>\n","protected":false},"excerpt":{"rendered":"<p>\u00c7ok ba\u015far\u0131l\u0131 bir bilim yazar\u0131 John Gribbin : Kuantum kuram\u0131n\u0131n \u015fa\u015f\u0131rt\u0131c\u0131 tuhafl\u0131\u011f\u0131n\u0131 hayat\u0131m\u0131za sokuyar, d\u00fc\u015f\u00fcn\u00fclebilir hale getiriyor. G\u00fcndelik d\u00fcnyadan analojilere ba\u015fvuruyor, ama ayn\u0131 zamanda bu analojilerin<span class=\"excerpt-hellip\"> [\u2026]<\/span><\/p>\n","protected":false},"featured_media":0,"template":"","meta":{"_monsterinsights_skip_tracking":false,"_monsterinsights_sitenote_active":false,"_monsterinsights_sitenote_note":"","_monsterinsights_sitenote_category":0},"product_brand":[],"product_cat":[12573,12566],"product_tag":[],"class_list":{"0":"post-691346","1":"product","2":"type-product","3":"status-publish","5":"product_cat-akademik-kitaplar","6":"product_cat-egitim","7":"pa_cilt-ciltsiz","8":"pa_tur-kitap","9":"pa_yayinevi-metis-yayinlari","10":"pa_yazar-john-gribbin","12":"first","13":"instock","14":"sale","15":"shipping-taxable","16":"purchasable","17":"product-type-simple"},"_links":{"self":[{"href":"https:\/\/roveyayinevi.com.tr\/index.php\/wp-json\/wp\/v2\/product\/691346","targetHints":{"allow":["GET"]}}],"collection":[{"href":"https:\/\/roveyayinevi.com.tr\/index.php\/wp-json\/wp\/v2\/product"}],"about":[{"href":"https:\/\/roveyayinevi.com.tr\/index.php\/wp-json\/wp\/v2\/types\/product"}],"wp:attachment":[{"href":"https:\/\/roveyayinevi.com.tr\/index.php\/wp-json\/wp\/v2\/media?parent=691346"}],"wp:term":[{"taxonomy":"product_brand","embeddable":true,"href":"https:\/\/roveyayinevi.com.tr\/index.php\/wp-json\/wp\/v2\/product_brand?post=691346"},{"taxonomy":"product_cat","embeddable":true,"href":"https:\/\/roveyayinevi.com.tr\/index.php\/wp-json\/wp\/v2\/product_cat?post=691346"},{"taxonomy":"product_tag","embeddable":true,"href":"https:\/\/roveyayinevi.com.tr\/index.php\/wp-json\/wp\/v2\/product_tag?post=691346"}],"curies":[{"name":"wp","href":"https:\/\/api.w.org\/{rel}","templated":true}]}}