{"id":691341,"date":"2025-08-27T13:57:59","date_gmt":"2025-08-27T10:57:59","guid":{"rendered":"https:\/\/roveyayinevi.com.tr\/index.php\/urun\/dunyaya-orman-denir\/"},"modified":"2026-04-16T02:00:49","modified_gmt":"2026-04-15T23:00:49","slug":"dunyaya-orman-denir","status":"publish","type":"product","link":"https:\/\/roveyayinevi.com.tr\/index.php\/urun\/dunyaya-orman-denir\/","title":{"rendered":"D\u00fcnyaya Orman Denir"},"content":{"rendered":"<p>A\u011fa\u00e7larla karde\u015f gibi ya\u015fayan ve d\u00fc\u015fleri en az bizim g\u00fcndelik ya\u015fam\u0131m\u0131z kadar ger\u00e7ek olan bir \u0131rk, kendini ger\u00e7ek\u00e7i Arz\u2019l\u0131lara kar\u015f\u0131 nas\u0131l savunabilir? Yazmak \u00e7o\u011funlukla zor ama keyifli bir i\u015ftir benim i\u00e7in; bu \u00f6yk\u00fcy\u00fc yazmas\u0131 kolayd\u0131 ama pek keyifli de\u011fildi. Bana hi\u00e7 se\u00e7enek b\u0131rakmad\u0131. \u00dclserli bir patronun sekreterine mektup yazd\u0131rmas\u0131 gibi yazd\u0131rd\u0131 kendini bana. Ben orman ve d\u00fc\u015f \u00fczerine yazmak istiyordum; yani belirli bir ekolojiyi i\u00e7erden bir bak\u0131\u015fla betimlemek, biraz da Hadfield\u2019in ve Dement\u2019in uyku d\u00fc\u015flerinin i\u015flevleri ve d\u00fc\u015f\u00fcn yararlar\u0131 \u00fczerine g\u00f6r\u00fc\u015fleriyle oynamak istiyordum. Ama patron ekolojik dengenin tahrip edilmesinden ve duygusal dengenin rededilmesinden bahsetmek istiyordu. Oyun oynamak istemiyordu. Ahlak dersi veren \u00f6yk\u00fcleri pek sevmem, \u00e7o\u011funlukla iyilik duygusundan yoksun olurlar. Umar\u0131m bu \u00f6yk\u00fc \u00f6yle de\u011filidr. Madem bir kere ahlak dersi vermek zorunda kald\u0131m, \u015funu s\u00f6yleyebilirim bir tek: Don Davidson olmak Raj Lyubov olmaktan daha da ac\u0131 vericidir. Ursula K. LeGuin <\/p>\n","protected":false},"excerpt":{"rendered":"<p>A\u011fa\u00e7larla karde\u015f gibi ya\u015fayan ve d\u00fc\u015fleri en az bizim g\u00fcndelik ya\u015fam\u0131m\u0131z kadar ger\u00e7ek olan bir \u0131rk, kendini ger\u00e7ek\u00e7i Arz\u2019l\u0131lara kar\u015f\u0131 nas\u0131l savunabilir? Yazmak \u00e7o\u011funlukla zor ama<span class=\"excerpt-hellip\"> [\u2026]<\/span><\/p>\n","protected":false},"featured_media":0,"template":"","meta":{"_monsterinsights_skip_tracking":false,"_monsterinsights_sitenote_active":false,"_monsterinsights_sitenote_note":"","_monsterinsights_sitenote_category":0},"product_brand":[],"product_cat":[12540,12291],"product_tag":[],"class_list":{"0":"post-691341","1":"product","2":"type-product","3":"status-publish","5":"product_cat-bilim-kurgu","6":"product_cat-edebiyat","7":"pa_cilt-ciltsiz","8":"pa_tur-kitap","9":"pa_yayinevi-metis-yayinlari","10":"pa_yazar-ursula-k-le-guin","12":"first","13":"instock","14":"sale","15":"shipping-taxable","16":"purchasable","17":"product-type-simple"},"_links":{"self":[{"href":"https:\/\/roveyayinevi.com.tr\/index.php\/wp-json\/wp\/v2\/product\/691341","targetHints":{"allow":["GET"]}}],"collection":[{"href":"https:\/\/roveyayinevi.com.tr\/index.php\/wp-json\/wp\/v2\/product"}],"about":[{"href":"https:\/\/roveyayinevi.com.tr\/index.php\/wp-json\/wp\/v2\/types\/product"}],"wp:attachment":[{"href":"https:\/\/roveyayinevi.com.tr\/index.php\/wp-json\/wp\/v2\/media?parent=691341"}],"wp:term":[{"taxonomy":"product_brand","embeddable":true,"href":"https:\/\/roveyayinevi.com.tr\/index.php\/wp-json\/wp\/v2\/product_brand?post=691341"},{"taxonomy":"product_cat","embeddable":true,"href":"https:\/\/roveyayinevi.com.tr\/index.php\/wp-json\/wp\/v2\/product_cat?post=691341"},{"taxonomy":"product_tag","embeddable":true,"href":"https:\/\/roveyayinevi.com.tr\/index.php\/wp-json\/wp\/v2\/product_tag?post=691341"}],"curies":[{"name":"wp","href":"https:\/\/api.w.org\/{rel}","templated":true}]}}