{"id":691337,"date":"2025-08-27T13:57:58","date_gmt":"2025-08-27T10:57:58","guid":{"rendered":"https:\/\/roveyayinevi.com.tr\/index.php\/urun\/cador\/"},"modified":"2025-12-30T09:38:44","modified_gmt":"2025-12-30T06:38:44","slug":"cador","status":"publish","type":"product","link":"https:\/\/roveyayinevi.com.tr\/index.php\/urun\/cador\/","title":{"rendered":"\u00c7ador"},"content":{"rendered":"<p>&#8220;Tek ba\u015f\u0131na kalan bir insan\u0131n kaplad\u0131\u011f\u0131 o g\u00fc\u00e7s\u00fcz yeri kaplamaya \u00e7al\u0131\u015f\u0131yorum. Varl\u0131\u011f\u0131m bir toz bulutu, daha sert bir r\u00fczgarda tozanlar\u0131na ayr\u0131\u015farak da\u011f\u0131l\u0131p gidecek bir toz bulutu. Benim kal\u0131b\u0131mda bir bo\u015fluk bu. S\u0131ca\u011f\u0131n, \u015fehrin ve \u00e7\u00f6l\u00fcn ortas\u0131nda zamans\u0131zm\u0131\u015f gibi duran bir bo\u015fluk.&#8221;<\/p>\n","protected":false},"excerpt":{"rendered":"<p>&#8220;Tek ba\u015f\u0131na kalan bir insan\u0131n kaplad\u0131\u011f\u0131 o g\u00fc\u00e7s\u00fcz yeri kaplamaya \u00e7al\u0131\u015f\u0131yorum. Varl\u0131\u011f\u0131m bir toz bulutu, daha sert bir r\u00fczgarda tozanlar\u0131na ayr\u0131\u015farak da\u011f\u0131l\u0131p gidecek bir toz bulutu.<span class=\"excerpt-hellip\"> [\u2026]<\/span><\/p>\n","protected":false},"featured_media":0,"template":"","meta":{"_monsterinsights_skip_tracking":false,"_monsterinsights_sitenote_active":false,"_monsterinsights_sitenote_note":"","_monsterinsights_sitenote_category":0},"product_brand":[],"product_cat":[12291,12292],"product_tag":[],"class_list":{"0":"post-691337","1":"product","2":"type-product","3":"status-publish","5":"product_cat-edebiyat","6":"product_cat-turk-edebiyati","7":"pa_cilt-ciltsiz","8":"pa_tur-kitap","9":"pa_yayinevi-metis-yayinlari","10":"pa_yazar-murathan-mungan","12":"first","13":"instock","14":"sale","15":"shipping-taxable","16":"purchasable","17":"product-type-simple"},"_links":{"self":[{"href":"https:\/\/roveyayinevi.com.tr\/index.php\/wp-json\/wp\/v2\/product\/691337","targetHints":{"allow":["GET"]}}],"collection":[{"href":"https:\/\/roveyayinevi.com.tr\/index.php\/wp-json\/wp\/v2\/product"}],"about":[{"href":"https:\/\/roveyayinevi.com.tr\/index.php\/wp-json\/wp\/v2\/types\/product"}],"wp:attachment":[{"href":"https:\/\/roveyayinevi.com.tr\/index.php\/wp-json\/wp\/v2\/media?parent=691337"}],"wp:term":[{"taxonomy":"product_brand","embeddable":true,"href":"https:\/\/roveyayinevi.com.tr\/index.php\/wp-json\/wp\/v2\/product_brand?post=691337"},{"taxonomy":"product_cat","embeddable":true,"href":"https:\/\/roveyayinevi.com.tr\/index.php\/wp-json\/wp\/v2\/product_cat?post=691337"},{"taxonomy":"product_tag","embeddable":true,"href":"https:\/\/roveyayinevi.com.tr\/index.php\/wp-json\/wp\/v2\/product_tag?post=691337"}],"curies":[{"name":"wp","href":"https:\/\/api.w.org\/{rel}","templated":true}]}}