{"id":691336,"date":"2025-08-27T13:57:58","date_gmt":"2025-08-27T10:57:58","guid":{"rendered":"https:\/\/roveyayinevi.com.tr\/index.php\/urun\/buyumenin-turkce-tarihi-murathan-munganin-sectikleriyle\/"},"modified":"2026-04-16T02:00:49","modified_gmt":"2026-04-15T23:00:49","slug":"buyumenin-turkce-tarihi-murathan-munganin-sectikleriyle","status":"publish","type":"product","link":"https:\/\/roveyayinevi.com.tr\/index.php\/urun\/buyumenin-turkce-tarihi-murathan-munganin-sectikleriyle\/","title":{"rendered":"B\u00fcy\u00fcmenin T\u00fcrk\u00e7e Tarihi: Murathan Mungan&#8217;\u0131n Se\u00e7tikleriyle"},"content":{"rendered":"<p>Bazen okudu\u011funuz bir \u00f6yk\u00fc sizi birka\u00e7 ya\u015f birden b\u00fcy\u00fct\u00fcr. \u00c7o\u011fu kez edebiyat, hayattan daha \u00e7abuk b\u00fcy\u00fct\u00fcr. Ya\u015fama ili\u015fkin bir\u00e7ok \u015feyi, kendi deneyimlemenize gerek kalmadan edebiyat yoluyla \u00f6\u011frenebilirsiniz. &#8230; Edebiyat bizi yaln\u0131zca d\u0131\u015f d\u00fcnyaya ve hayata ili\u015fkin bilgilerle de\u011fil, ayn\u0131 zamanda kendi i\u00e7imizle, kendi duygular\u0131m\u0131zla da tan\u0131\u015ft\u0131r\u0131r. Edebiyat ayn\u0131 zamanda bir b\u00fcy\u00fcme sanat\u0131d\u0131r; bizi, biz yapar. \u0130leriki y\u0131llarda da her ya\u015f\u0131n b\u00fcy\u00fcmelerini, alg\u0131lamalar\u0131n\u0131, kavramalar\u0131n\u0131, edebiyat \u00fczerinden izlemeyi, kavramay\u0131 s\u00fcrd\u00fcr\u00fcr\u00fcz.B\u00fcy\u00fcmenin T\u00fcrk\u00e7e Tarihi, bu d\u00fc\u015f\u00fcncelerden yola \u00e7\u0131karak T\u00fcrk\u00e7e hik\u00e2yenin on iki klasi\u011fi ile, kitab\u0131n konuklar\u0131 olan on iki yazar\u0131n onlar \u00fczerine yazd\u0131klar\u0131 denemeleri bir araya getiriyor. Kendilerini b\u00fcy\u00fcten hik\u00e2yeleri, bu hik\u00e2yelerle kurduklar\u0131 kendi b\u00fcy\u00fcme ve kavrama ser\u00fcvenlerini anlat\u0131yorlar.&#8211; Murathan Mungan <\/p>\n","protected":false},"excerpt":{"rendered":"<p>Bazen okudu\u011funuz bir \u00f6yk\u00fc sizi birka\u00e7 ya\u015f birden b\u00fcy\u00fct\u00fcr. \u00c7o\u011fu kez edebiyat, hayattan daha \u00e7abuk b\u00fcy\u00fct\u00fcr. Ya\u015fama ili\u015fkin bir\u00e7ok \u015feyi, kendi deneyimlemenize gerek kalmadan edebiyat yoluyla<span class=\"excerpt-hellip\"> [\u2026]<\/span><\/p>\n","protected":false},"featured_media":0,"template":"","meta":{"_monsterinsights_skip_tracking":false,"_monsterinsights_sitenote_active":false,"_monsterinsights_sitenote_note":"","_monsterinsights_sitenote_category":0},"product_brand":[],"product_cat":[12291,12292],"product_tag":[],"class_list":{"0":"post-691336","1":"product","2":"type-product","3":"status-publish","5":"product_cat-edebiyat","6":"product_cat-turk-edebiyati","7":"pa_cilt-ciltsiz","8":"pa_tur-kitap","9":"pa_yayinevi-metis-yayinlari","10":"pa_yazar-murathan-mungan-haz","12":"first","13":"instock","14":"sale","15":"shipping-taxable","16":"purchasable","17":"product-type-simple"},"_links":{"self":[{"href":"https:\/\/roveyayinevi.com.tr\/index.php\/wp-json\/wp\/v2\/product\/691336","targetHints":{"allow":["GET"]}}],"collection":[{"href":"https:\/\/roveyayinevi.com.tr\/index.php\/wp-json\/wp\/v2\/product"}],"about":[{"href":"https:\/\/roveyayinevi.com.tr\/index.php\/wp-json\/wp\/v2\/types\/product"}],"wp:attachment":[{"href":"https:\/\/roveyayinevi.com.tr\/index.php\/wp-json\/wp\/v2\/media?parent=691336"}],"wp:term":[{"taxonomy":"product_brand","embeddable":true,"href":"https:\/\/roveyayinevi.com.tr\/index.php\/wp-json\/wp\/v2\/product_brand?post=691336"},{"taxonomy":"product_cat","embeddable":true,"href":"https:\/\/roveyayinevi.com.tr\/index.php\/wp-json\/wp\/v2\/product_cat?post=691336"},{"taxonomy":"product_tag","embeddable":true,"href":"https:\/\/roveyayinevi.com.tr\/index.php\/wp-json\/wp\/v2\/product_tag?post=691336"}],"curies":[{"name":"wp","href":"https:\/\/api.w.org\/{rel}","templated":true}]}}