{"id":691333,"date":"2025-08-27T13:57:57","date_gmt":"2025-08-27T10:57:57","guid":{"rendered":"https:\/\/roveyayinevi.com.tr\/index.php\/urun\/bir-gunluk-yerim-kaldi-ister-misiniz\/"},"modified":"2026-04-16T02:00:49","modified_gmt":"2026-04-15T23:00:49","slug":"bir-gunluk-yerim-kaldi-ister-misiniz","status":"publish","type":"product","link":"https:\/\/roveyayinevi.com.tr\/index.php\/urun\/bir-gunluk-yerim-kaldi-ister-misiniz\/","title":{"rendered":"Bir G\u00fcnl\u00fck Yerim Kald\u0131 \u0130ster misiniz?"},"content":{"rendered":"<p>D\u00f6rt ki\u015fi var hikayemizde, kahraman say\u0131l\u0131p say\u0131lmayacaklar\u0131 okuyucuya b\u0131rak\u0131lm\u0131\u015f. Ya\u015fam\u0131 d\u00fc\u015flerinde s\u00fcrd\u00fcrmeyi se\u00e7mi\u015f, dik ba\u015fl\u0131 eski zaman bakiresi; d\u00fcnyaya kayd\u0131n\u0131 bir t\u00fcrl\u00fc yapt\u0131ramaman\u0131n tragedyas\u0131n\u0131 komik bir imgeye d\u00f6n\u00fc\u015ft\u00fcrerek yads\u0131maya \u00e7al\u0131\u015fan h\u00fcz\u00fcnl\u00fc palya\u00e7o; ya\u015famla bulu\u015fmas\u0131na biti\u015fe birka\u00e7 kala yeti\u015fen ge\u00e7mi\u015fi kar\u0131\u015f\u0131k yaln\u0131z kad\u0131n; ve do\u011fmak i\u00e7in \u00f6len ya\u015fayamam\u0131\u015f yazar eskisi. Birka\u00e7 ki\u015fi daha var tabii, arada bir g\u00f6r\u00fcn\u00fcp kaybolan: \u00f6l\u00fcm mele\u011fi, \u015feytan, \u00f6l\u00fcms\u00fcz b\u00fcy\u00fcc\u00fc, vesaire. Ve onlar birlikte, rastlant\u0131sal kesi\u015fme noktalar\u0131nda zaman zaman bulu\u015fup ayr\u0131larak ya da hi\u00e7 bulu\u015famayarak, hi\u00e7bir \u015feyin de\u011fi\u015fmedi\u011fi, ama her\u015feyin her an farkl\u0131la\u015ft\u0131\u011f\u0131 bir zaman diliminin hikayesini yaratt\u0131lar. <\/p>\n","protected":false},"excerpt":{"rendered":"<p>D\u00f6rt ki\u015fi var hikayemizde, kahraman say\u0131l\u0131p say\u0131lmayacaklar\u0131 okuyucuya b\u0131rak\u0131lm\u0131\u015f. Ya\u015fam\u0131 d\u00fc\u015flerinde s\u00fcrd\u00fcrmeyi se\u00e7mi\u015f, dik ba\u015fl\u0131 eski zaman bakiresi; d\u00fcnyaya kayd\u0131n\u0131 bir t\u00fcrl\u00fc yapt\u0131ramaman\u0131n tragedyas\u0131n\u0131 komik bir<span class=\"excerpt-hellip\"> [\u2026]<\/span><\/p>\n","protected":false},"featured_media":0,"template":"","meta":{"_monsterinsights_skip_tracking":false,"_monsterinsights_sitenote_active":false,"_monsterinsights_sitenote_note":"","_monsterinsights_sitenote_category":0},"product_brand":[],"product_cat":[12291,12292],"product_tag":[],"class_list":{"0":"post-691333","1":"product","2":"type-product","3":"status-publish","5":"product_cat-edebiyat","6":"product_cat-turk-edebiyati","7":"pa_cilt-ciltsiz","8":"pa_tur-kitap","9":"pa_yayinevi-metis-yayinlari","10":"pa_yazar-engin-gectan","12":"first","13":"instock","14":"sale","15":"shipping-taxable","16":"purchasable","17":"product-type-simple"},"_links":{"self":[{"href":"https:\/\/roveyayinevi.com.tr\/index.php\/wp-json\/wp\/v2\/product\/691333","targetHints":{"allow":["GET"]}}],"collection":[{"href":"https:\/\/roveyayinevi.com.tr\/index.php\/wp-json\/wp\/v2\/product"}],"about":[{"href":"https:\/\/roveyayinevi.com.tr\/index.php\/wp-json\/wp\/v2\/types\/product"}],"wp:attachment":[{"href":"https:\/\/roveyayinevi.com.tr\/index.php\/wp-json\/wp\/v2\/media?parent=691333"}],"wp:term":[{"taxonomy":"product_brand","embeddable":true,"href":"https:\/\/roveyayinevi.com.tr\/index.php\/wp-json\/wp\/v2\/product_brand?post=691333"},{"taxonomy":"product_cat","embeddable":true,"href":"https:\/\/roveyayinevi.com.tr\/index.php\/wp-json\/wp\/v2\/product_cat?post=691333"},{"taxonomy":"product_tag","embeddable":true,"href":"https:\/\/roveyayinevi.com.tr\/index.php\/wp-json\/wp\/v2\/product_tag?post=691333"}],"curies":[{"name":"wp","href":"https:\/\/api.w.org\/{rel}","templated":true}]}}