{"id":691332,"date":"2025-08-27T13:57:57","date_gmt":"2025-08-27T10:57:57","guid":{"rendered":"https:\/\/roveyayinevi.com.tr\/index.php\/urun\/bir-ask-soyleminden-parcalar\/"},"modified":"2026-04-15T02:01:58","modified_gmt":"2026-04-14T23:01:58","slug":"bir-ask-soyleminden-parcalar","status":"publish","type":"product","link":"https:\/\/roveyayinevi.com.tr\/index.php\/urun\/bir-ask-soyleminden-parcalar\/","title":{"rendered":"Bir A\u015fk S\u00f6yleminden Par\u00e7alar"},"content":{"rendered":"<p>A\u015f\u0131k oldu\u011fumuzda kulland\u0131\u011f\u0131m\u0131z dil, her zaman konu\u015ftu\u011fumuz dilden \u00e7ok farkl\u0131d\u0131r; \u00e7\u00fcnk\u00fc yaln\u0131zca kendimize ve hayalimizdeki sevgiliye y\u00f6nelmi\u015ftir. \u0130\u015fte tam da bu nedenle yaln\u0131zl\u0131\u011f\u0131n dilidir asl\u0131nda a\u015fk\u0131n dili&#8230; G\u00fcn\u00fcm\u00fczde bu yaln\u0131zl\u0131\u011fa bir de a\u015fk\u0131n toplumun k\u0131y\u0131s\u0131na itilmesinden gelen yaln\u0131zl\u0131k ekleniyor: Hala bir\u00e7ok insan a\u015f\u0131k oluyor, a\u015fk s\u00f6ylemi hala s\u00fcr\u00fcyor, oysa toplum cinselli\u011fi hevesle konu\u015furken, a\u015fk s\u00f6ylemine alayla bak\u0131yor. Roland Barthes\u2019\u0131n edebiyat\u0131n ba\u015fl\u0131ca a\u015fk metinleri \u00fcst\u00fcnden yazd\u0131\u011f\u0131 bu arzu anatomisi kitab\u0131nda, a\u015f\u0131k olan herkesin iyi bildi\u011fi o bekleyi\u015fler, randevular, mektuplar, a\u015f\u0131k olmak i\u00e7in a\u015f\u0131k olmalar, \u00f6lesiye seviyorum lar, tart\u0131\u015fmalar, intihar tehditleri, terkedip tekrar bir araya geli\u015fler var. Yazar\u0131n, a\u015fk s\u00f6ylemini kavramlarla, \u00e7a\u011fr\u0131\u015f\u0131mlarla yeniden olu\u015fturdu\u011fu bu par\u00e7alar a\u015fk \u0131n, kelimenin belki de \u015fimdi d\u00fcnyam\u0131zdan yava\u015f yava\u015f \u00e7ekilen o eski anlam\u0131yla, nas\u0131l bir tutku oldu\u011funu g\u00f6steriyor. <\/p>\n","protected":false},"excerpt":{"rendered":"<p>A\u015f\u0131k oldu\u011fumuzda kulland\u0131\u011f\u0131m\u0131z dil, her zaman konu\u015ftu\u011fumuz dilden \u00e7ok farkl\u0131d\u0131r; \u00e7\u00fcnk\u00fc yaln\u0131zca kendimize ve hayalimizdeki sevgiliye y\u00f6nelmi\u015ftir. \u0130\u015fte tam da bu nedenle yaln\u0131zl\u0131\u011f\u0131n dilidir asl\u0131nda a\u015fk\u0131n<span class=\"excerpt-hellip\"> [\u2026]<\/span><\/p>\n","protected":false},"featured_media":0,"template":"","meta":{"_monsterinsights_skip_tracking":false,"_monsterinsights_sitenote_active":false,"_monsterinsights_sitenote_note":"","_monsterinsights_sitenote_category":0},"product_brand":[],"product_cat":[12312,12304],"product_tag":[],"class_list":{"0":"post-691332","1":"product","2":"type-product","3":"status-publish","5":"product_cat-diger","6":"product_cat-tarih","7":"pa_cilt-ciltsiz","8":"pa_tur-kitap","9":"pa_yayinevi-metis-yayinlari","10":"pa_yazar-roland-barthes","12":"first","13":"instock","14":"sale","15":"shipping-taxable","16":"purchasable","17":"product-type-simple"},"_links":{"self":[{"href":"https:\/\/roveyayinevi.com.tr\/index.php\/wp-json\/wp\/v2\/product\/691332","targetHints":{"allow":["GET"]}}],"collection":[{"href":"https:\/\/roveyayinevi.com.tr\/index.php\/wp-json\/wp\/v2\/product"}],"about":[{"href":"https:\/\/roveyayinevi.com.tr\/index.php\/wp-json\/wp\/v2\/types\/product"}],"wp:attachment":[{"href":"https:\/\/roveyayinevi.com.tr\/index.php\/wp-json\/wp\/v2\/media?parent=691332"}],"wp:term":[{"taxonomy":"product_brand","embeddable":true,"href":"https:\/\/roveyayinevi.com.tr\/index.php\/wp-json\/wp\/v2\/product_brand?post=691332"},{"taxonomy":"product_cat","embeddable":true,"href":"https:\/\/roveyayinevi.com.tr\/index.php\/wp-json\/wp\/v2\/product_cat?post=691332"},{"taxonomy":"product_tag","embeddable":true,"href":"https:\/\/roveyayinevi.com.tr\/index.php\/wp-json\/wp\/v2\/product_tag?post=691332"}],"curies":[{"name":"wp","href":"https:\/\/api.w.org\/{rel}","templated":true}]}}