{"id":691331,"date":"2025-08-27T13:57:57","date_gmt":"2025-08-27T10:57:57","guid":{"rendered":"https:\/\/roveyayinevi.com.tr\/index.php\/urun\/bilge-karasu-aramizda\/"},"modified":"2026-04-16T02:00:49","modified_gmt":"2026-04-15T23:00:49","slug":"bilge-karasu-aramizda","status":"publish","type":"product","link":"https:\/\/roveyayinevi.com.tr\/index.php\/urun\/bilge-karasu-aramizda\/","title":{"rendered":"Bilge Karasu Aram\u0131zda"},"content":{"rendered":"<p>\u00dclkemiz edebiyat\u0131n\u0131n \u201cBilge\u201dsini 1995 y\u0131l\u0131nda yitirdik. Bilge Karasu Aram\u0131zda, 1950\u2019li y\u0131llar\u0131n ba\u015f\u0131ndan beri edebiyat\u0131m\u0131za ve d\u00fc\u015f\u00fcnce d\u00fcnyam\u0131za \u00e7ok b\u00fcy\u00fck katk\u0131larda bulunmu\u015f olan yazar\u0131m\u0131z\u0131n an\u0131s\u0131na arma\u011fan olarak, ele\u015ftirmenlerine, dostlar\u0131na, \u00f6\u011frencilerine yapt\u0131\u011f\u0131m\u0131z a\u00e7\u0131k \u00e7a\u011fr\u0131 ile haz\u0131rland\u0131. Bilge Karasu, okurla metin aras\u0131na yazar\u0131n sonradan s\u00f6yleyecekleri de dahil\u2013 ba\u015fka seslerin girmemesi gerekti\u011fini d\u00fc\u015f\u00fcn\u00fcrd\u00fc. Bizim de bu kitab\u0131 haz\u0131rlarken niyetimiz, Bilge Karasu\u2019yu okura tan\u0131tmak ya da a\u00e7\u0131klamak de\u011fil, onu \u00f6zleyenlere bir el vermekti. Aradan ge\u00e7en yirmi k\u00fcsur y\u0131lda Bilge Karasu hep aram\u0131z  dayd\u0131, yeni ku\u015faklar bu b\u00fcy\u00fck yazar\u0131n yap\u0131tlar\u0131yla bulu\u015fmay\u0131 s\u00fcrd\u00fcrd\u00fc. Bu anma kitab\u0131n\u0131n yeni bask\u0131s\u0131n\u0131 da i\u015fte bu gen\u00e7 okurlar\u0131m\u0131z i\u00e7in yap\u0131yoruz. <\/p>\n","protected":false},"excerpt":{"rendered":"<p>\u00dclkemiz edebiyat\u0131n\u0131n \u201cBilge\u201dsini 1995 y\u0131l\u0131nda yitirdik. Bilge Karasu Aram\u0131zda, 1950\u2019li y\u0131llar\u0131n ba\u015f\u0131ndan beri edebiyat\u0131m\u0131za ve d\u00fc\u015f\u00fcnce d\u00fcnyam\u0131za \u00e7ok b\u00fcy\u00fck katk\u0131larda bulunmu\u015f olan yazar\u0131m\u0131z\u0131n an\u0131s\u0131na arma\u011fan olarak,<span class=\"excerpt-hellip\"> [\u2026]<\/span><\/p>\n","protected":false},"featured_media":0,"template":"","meta":{"_monsterinsights_skip_tracking":false,"_monsterinsights_sitenote_active":false,"_monsterinsights_sitenote_note":"","_monsterinsights_sitenote_category":0},"product_brand":[],"product_cat":[13701,12291],"product_tag":[],"class_list":{"0":"post-691331","1":"product","2":"type-product","3":"status-publish","5":"product_cat-ani-mektup-gunluk","6":"product_cat-edebiyat","7":"pa_cilt-ciltsiz","8":"pa_tur-kitap","9":"pa_yayinevi-metis-yayinlari","10":"pa_yazar-f-akatli-haz","11":"pa_yazar-m-sokmen","13":"first","14":"instock","15":"sale","16":"shipping-taxable","17":"purchasable","18":"product-type-simple"},"_links":{"self":[{"href":"https:\/\/roveyayinevi.com.tr\/index.php\/wp-json\/wp\/v2\/product\/691331","targetHints":{"allow":["GET"]}}],"collection":[{"href":"https:\/\/roveyayinevi.com.tr\/index.php\/wp-json\/wp\/v2\/product"}],"about":[{"href":"https:\/\/roveyayinevi.com.tr\/index.php\/wp-json\/wp\/v2\/types\/product"}],"wp:attachment":[{"href":"https:\/\/roveyayinevi.com.tr\/index.php\/wp-json\/wp\/v2\/media?parent=691331"}],"wp:term":[{"taxonomy":"product_brand","embeddable":true,"href":"https:\/\/roveyayinevi.com.tr\/index.php\/wp-json\/wp\/v2\/product_brand?post=691331"},{"taxonomy":"product_cat","embeddable":true,"href":"https:\/\/roveyayinevi.com.tr\/index.php\/wp-json\/wp\/v2\/product_cat?post=691331"},{"taxonomy":"product_tag","embeddable":true,"href":"https:\/\/roveyayinevi.com.tr\/index.php\/wp-json\/wp\/v2\/product_tag?post=691331"}],"curies":[{"name":"wp","href":"https:\/\/api.w.org\/{rel}","templated":true}]}}