{"id":691329,"date":"2025-08-27T13:57:57","date_gmt":"2025-08-27T10:57:57","guid":{"rendered":"https:\/\/roveyayinevi.com.tr\/index.php\/urun\/bellek-ve-akdeniz\/"},"modified":"2026-04-16T02:00:49","modified_gmt":"2026-04-15T23:00:49","slug":"bellek-ve-akdeniz","status":"publish","type":"product","link":"https:\/\/roveyayinevi.com.tr\/index.php\/urun\/bellek-ve-akdeniz\/","title":{"rendered":"Bellek ve Akdeniz"},"content":{"rendered":"<p>\u00dclkemizde de tan\u0131nan bir tarih\u00e7i olan Fernand Braudel, alanlararas\u0131 ve kar\u015f\u0131la\u015ft\u0131rmal\u0131 bir tarih yakla\u015f\u0131m\u0131na sahip olan Annales ekol\u00fcn\u00fcn \u00f6nde gelen isimlerindendir. Hayatta oldu\u011fu s\u0131rada yay\u0131mlanamayan, ancak \u00f6l\u00fcm\u00fcnden on \u00fc\u00e7 y\u0131l sonra okuyucuyla bulu\u015fabilen bu eserde anlat\u0131 tarih\u00f6ncesinden, hatta Akdeniz taban\u0131n\u0131n ve \u00e7evresindeki da\u011flar\u0131n olu\u015fumundan ba\u015fl\u0131yor. \u0130nsan\u0131n di\u011fer t\u00fcrlerden ayr\u0131larak insanla\u015fmas\u0131n\u0131n \u00f6yk\u00fcs\u00fcyle devam eden eserde tar\u0131m, yaz\u0131, deniz yolculu\u011fu, ticaret ve imparatorluklar\u0131n do\u011fu\u015funa yol a\u00e7an b\u00fcy\u00fck g\u00fc\u00e7ler parlak bir \u00fcslupla a\u00e7\u0131klan\u0131yor, b\u00f6lgenin co\u011frafyas\u0131n\u0131n ve ikliminin biny\u0131llar i\u00e7inde yaratt\u0131\u011f\u0131 etkiler ayr\u0131nt\u0131lar\u0131yla g\u00f6zler \u00f6n\u00fcne seriliyor. Fenikelilerin, Etr\u00fcsklerin, Yunanl\u0131lar ile Romal\u0131lar\u0131n, Mezopotamya ile M\u0131s\u0131r&#8217;\u0131n kurulu\u015flar\u0131n\u0131, birbirleriyle ili\u015fkilerini ve s\u00f6n\u00fcp kaybolu\u015flar\u0131n\u0131 tutkulu bir dille anlatan yazar, \u00e7al\u0131\u015fmalar\u0131n\u0131 y\u00fcr\u00fctt\u00fc\u011f\u00fc d\u00f6nemdeki son arkeolojik bulgular\u0131 da i\u015fin i\u00e7ine katt\u0131\u011f\u0131 bu son derece canl\u0131 ve kapsaml\u0131 \u00e7al\u0131\u015fmas\u0131yla, Akdeniz&#8217;de insanl\u0131k tarihinin ba\u015flang\u0131c\u0131na yeniden hayat kazand\u0131r\u0131yor. <\/p>\n","protected":false},"excerpt":{"rendered":"<p>\u00dclkemizde de tan\u0131nan bir tarih\u00e7i olan Fernand Braudel, alanlararas\u0131 ve kar\u015f\u0131la\u015ft\u0131rmal\u0131 bir tarih yakla\u015f\u0131m\u0131na sahip olan Annales ekol\u00fcn\u00fcn \u00f6nde gelen isimlerindendir. Hayatta oldu\u011fu s\u0131rada yay\u0131mlanamayan, ancak<span class=\"excerpt-hellip\"> [\u2026]<\/span><\/p>\n","protected":false},"featured_media":0,"template":"","meta":{"_monsterinsights_skip_tracking":false,"_monsterinsights_sitenote_active":false,"_monsterinsights_sitenote_note":"","_monsterinsights_sitenote_category":0},"product_brand":[],"product_cat":[12312,12304],"product_tag":[],"class_list":{"0":"post-691329","1":"product","2":"type-product","3":"status-publish","5":"product_cat-diger","6":"product_cat-tarih","7":"pa_cilt-ciltsiz","8":"pa_tur-kitap","9":"pa_yayinevi-metis-yayinlari","10":"pa_yazar-fernand-braudel","12":"first","13":"instock","14":"sale","15":"shipping-taxable","16":"purchasable","17":"product-type-simple"},"_links":{"self":[{"href":"https:\/\/roveyayinevi.com.tr\/index.php\/wp-json\/wp\/v2\/product\/691329","targetHints":{"allow":["GET"]}}],"collection":[{"href":"https:\/\/roveyayinevi.com.tr\/index.php\/wp-json\/wp\/v2\/product"}],"about":[{"href":"https:\/\/roveyayinevi.com.tr\/index.php\/wp-json\/wp\/v2\/types\/product"}],"wp:attachment":[{"href":"https:\/\/roveyayinevi.com.tr\/index.php\/wp-json\/wp\/v2\/media?parent=691329"}],"wp:term":[{"taxonomy":"product_brand","embeddable":true,"href":"https:\/\/roveyayinevi.com.tr\/index.php\/wp-json\/wp\/v2\/product_brand?post=691329"},{"taxonomy":"product_cat","embeddable":true,"href":"https:\/\/roveyayinevi.com.tr\/index.php\/wp-json\/wp\/v2\/product_cat?post=691329"},{"taxonomy":"product_tag","embeddable":true,"href":"https:\/\/roveyayinevi.com.tr\/index.php\/wp-json\/wp\/v2\/product_tag?post=691329"}],"curies":[{"name":"wp","href":"https:\/\/api.w.org\/{rel}","templated":true}]}}