{"id":691328,"date":"2025-08-27T13:57:56","date_gmt":"2025-08-27T10:57:56","guid":{"rendered":"https:\/\/roveyayinevi.com.tr\/index.php\/urun\/sanat-yazilari\/"},"modified":"2026-04-16T02:00:49","modified_gmt":"2026-04-15T23:00:49","slug":"sanat-yazilari","status":"publish","type":"product","link":"https:\/\/roveyayinevi.com.tr\/index.php\/urun\/sanat-yazilari\/","title":{"rendered":"Sanat Yaz\u0131lar\u0131"},"content":{"rendered":"<p>Sanat politikas\u0131n\u0131, yerinden k\u0131p\u0131rdamadan g\u00f6bek sallanan tvist dans\u0131 sananlar, T\u00fcrk tiyatrosuna yapt\u0131klar\u0131 \u015ferefli hizmetleri yads\u0131yan nank\u00f6rler oldu\u011fumuzu sanmas\u0131nlar. Atat\u00fcrk Efendiler! \u015funu, \u015funu, \u015funu olursunuz ama sanatkar olamazs\u0131n\u0131z! demi\u015f ya, bunlar da olmu\u015ftur i\u015fte&#8230; G\u00fcn\u00fcn birinde T\u00fcrk tiyatro tarihi, sanat ad\u0131na yap\u0131lan b\u00fct\u00fcn bu maskaral\u0131klar\u0131 elbette yazacakt\u0131r. Ve T\u00fcrk tiyatro tarihinin onlara bir sorusu olacak: T\u00fcrk tiyatrosunu bug\u00fcnk\u00fc a\u015famaya ula\u015ft\u0131rmakla \u00f6v\u00fcnenler, ni\u00e7in T\u00fcrk tiyatrosunu bug\u00fcnk\u00fc yerinde b\u0131rakt\u0131lar da daha ileri bir a\u015famaya getirmediler? \ufffcTan\u0131t\u0131m Metni<\/p>\n","protected":false},"excerpt":{"rendered":"<p>Sanat politikas\u0131n\u0131, yerinden k\u0131p\u0131rdamadan g\u00f6bek sallanan tvist dans\u0131 sananlar, T\u00fcrk tiyatrosuna yapt\u0131klar\u0131 \u015ferefli hizmetleri yads\u0131yan nank\u00f6rler oldu\u011fumuzu sanmas\u0131nlar. Atat\u00fcrk Efendiler! \u015funu, \u015funu, \u015funu olursunuz ama sanatkar<span class=\"excerpt-hellip\"> [\u2026]<\/span><\/p>\n","protected":false},"featured_media":0,"template":"","meta":{"_monsterinsights_skip_tracking":false,"_monsterinsights_sitenote_active":false,"_monsterinsights_sitenote_note":"","_monsterinsights_sitenote_category":0},"product_brand":[],"product_cat":[12777,12291],"product_tag":[],"class_list":{"0":"post-691328","1":"product","2":"type-product","3":"status-publish","5":"product_cat-deneme","6":"product_cat-edebiyat","7":"pa_tur-kitap","8":"pa_yayinevi-nesin-yayinlari","9":"pa_yazar-aziz-nesin","11":"first","12":"instock","13":"sale","14":"shipping-taxable","15":"purchasable","16":"product-type-simple"},"_links":{"self":[{"href":"https:\/\/roveyayinevi.com.tr\/index.php\/wp-json\/wp\/v2\/product\/691328","targetHints":{"allow":["GET"]}}],"collection":[{"href":"https:\/\/roveyayinevi.com.tr\/index.php\/wp-json\/wp\/v2\/product"}],"about":[{"href":"https:\/\/roveyayinevi.com.tr\/index.php\/wp-json\/wp\/v2\/types\/product"}],"wp:attachment":[{"href":"https:\/\/roveyayinevi.com.tr\/index.php\/wp-json\/wp\/v2\/media?parent=691328"}],"wp:term":[{"taxonomy":"product_brand","embeddable":true,"href":"https:\/\/roveyayinevi.com.tr\/index.php\/wp-json\/wp\/v2\/product_brand?post=691328"},{"taxonomy":"product_cat","embeddable":true,"href":"https:\/\/roveyayinevi.com.tr\/index.php\/wp-json\/wp\/v2\/product_cat?post=691328"},{"taxonomy":"product_tag","embeddable":true,"href":"https:\/\/roveyayinevi.com.tr\/index.php\/wp-json\/wp\/v2\/product_tag?post=691328"}],"curies":[{"name":"wp","href":"https:\/\/api.w.org\/{rel}","templated":true}]}}